{"id":6924,"date":"2025-02-18T11:20:43","date_gmt":"2025-02-18T10:20:43","guid":{"rendered":"https:\/\/wiejskieprzysmaki.estima.site\/produkt\/woda-zrodlana-gazowana-niskosodowa-330-ml-szklo-aqua-east\/"},"modified":"2025-02-18T11:20:50","modified_gmt":"2025-02-18T10:20:50","slug":"woda-zrodlana-gazowana-niskosodowa-330-ml-szklo-aqua-east","status":"publish","type":"product","link":"https:\/\/wiejskieprzysmaki.estima.site\/en\/product\/woda-zrodlana-gazowana-niskosodowa-330-ml-szklo-aqua-east\/","title":{"rendered":"WODA \u0179R\u00d3DLANA GAZOWANA NISKOSODOWA 330 ml (SZK\u0141O) &#8211; AQUA EAST"},"content":{"rendered":"<p>OPIS<br \/>Woda \u017ar\u00f3dlana wysokonasycona dwutlenkiem w\u0119gla o zawarto\u015bci dwutlenku w\u0119gla powy\u017cej 4000 mg\/l, niskozmineralizowana. Napowietrzana i filtrowana. <br \/>Suma sk\u0142adnik\u00f3w mineralnych 298 mg\/l. pH wody 7,7<br \/>Wydobywana z otworu U-1 w Rudzie-Hucie na pograniczu Che\u0142mskiego i Poleskiego Parku Krajobrazowego. <br \/>Niska zawarto\u015b\u0107 sodu. Odpowiednia dla diety ubogiej w s\u00f3d. <\/p>\n<p>ZALECANE WARUNKI PRZECHOWYWANIA<br \/>Przechowywa\u0107 w ch\u0142odnym i suchym miejscu. Chroni\u0107 przed dzia\u0142aniem promieni s\u0142onecznych i przemarzaniem. Spo\u017cy\u0107 w ci\u0105gu 48 godzin od otwarcia. <\/p>","protected":false},"excerpt":{"rendered":"<p>OPISWoda \u017ar\u00f3dlana wysokonasycona dwutlenkiem w\u0119gla o zawarto\u015bci dwutlenku w\u0119gla powy\u017cej 4000 mg\/l, niskozmineralizowana. Napowietrzana i filtrowana. Suma sk\u0142adnik\u00f3w mineralnych 298 mg\/l. pH wody 7,7Wydobywana z otworu U-1 w Rudzie-Hucie na pograniczu Che\u0142mskiego i Poleskiego Parku Krajobrazowego. Niska zawarto\u015b\u0107 sodu. Odpowiednia dla diety ubogiej w s\u00f3d. ZALECANE WARUNKI PRZECHOWYWANIAPrzechowywa\u0107 w ch\u0142odnym i suchym miejscu. Chroni\u0107 przed [&hellip;]<\/p>","protected":false},"featured_media":6925,"comment_status":"closed","ping_status":"open","template":"","meta":{"_acf_changed":false},"product_brand":[],"product_cat":[134,379],"product_tag":[],"class_list":{"0":"post-6924","1":"product","2":"type-product","3":"status-publish","4":"has-post-thumbnail","6":"product_cat-napoje","7":"product_cat-wody-mineralne-zrodlane-i-smakowe","8":"pa_ean-matka-5462","9":"pa_gwarancja-przydatnosci-320","10":"pa_ilosc-w-opakowaniu-298","11":"pa_jednostka-podstawowa-szt","12":"pa_kod-cn-2201-10-90","13":"pa_kraj-pochodzenia-skladnikow-polska","14":"pa_objetosc-brutto-532","15":"pa_objetosc-netto-1012","16":"pa_producent-aqua-east-wody-zrodlane","17":"pa_producent-nazwa-adres-aqua-east-polska-sp-z-o-o","18":"pa_tagi-bez-cukru-w-skladnikach","19":"pa_tagi-bez-glutenu-w-skladnikach","20":"pa_tagi-weganski","21":"pa_tagi-wegetarianski","22":"pa_termin-przydatnosci-23-05-2025","24":"first","25":"instock","26":"taxable","27":"shipping-taxable","28":"purchasable","29":"product-type-simple"},"acf":[],"_links":{"self":[{"href":"https:\/\/wiejskieprzysmaki.estima.site\/en\/wp-json\/wp\/v2\/product\/6924","targetHints":{"allow":["GET"]}}],"collection":[{"href":"https:\/\/wiejskieprzysmaki.estima.site\/en\/wp-json\/wp\/v2\/product"}],"about":[{"href":"https:\/\/wiejskieprzysmaki.estima.site\/en\/wp-json\/wp\/v2\/types\/product"}],"replies":[{"embeddable":true,"href":"https:\/\/wiejskieprzysmaki.estima.site\/en\/wp-json\/wp\/v2\/comments?post=6924"}],"wp:featuredmedia":[{"embeddable":true,"href":"https:\/\/wiejskieprzysmaki.estima.site\/en\/wp-json\/wp\/v2\/media\/6925"}],"wp:attachment":[{"href":"https:\/\/wiejskieprzysmaki.estima.site\/en\/wp-json\/wp\/v2\/media?parent=6924"}],"wp:term":[{"taxonomy":"product_brand","embeddable":true,"href":"https:\/\/wiejskieprzysmaki.estima.site\/en\/wp-json\/wp\/v2\/product_brand?post=6924"},{"taxonomy":"product_cat","embeddable":true,"href":"https:\/\/wiejskieprzysmaki.estima.site\/en\/wp-json\/wp\/v2\/product_cat?post=6924"},{"taxonomy":"product_tag","embeddable":true,"href":"https:\/\/wiejskieprzysmaki.estima.site\/en\/wp-json\/wp\/v2\/product_tag?post=6924"}],"curies":[{"name":"wp","href":"https:\/\/api.w.org\/{rel}","templated":true}]}}