{"id":6942,"date":"2025-02-18T11:20:43","date_gmt":"2025-02-18T10:20:43","guid":{"rendered":"https:\/\/wiejskieprzysmaki.estima.site\/produkt\/chusteczki-bambusowe-nawilzane-60-szt-bamboolove\/"},"modified":"2025-02-18T11:20:56","modified_gmt":"2025-02-18T10:20:56","slug":"chusteczki-bambusowe-nawilzane-60-szt-bamboolove","status":"publish","type":"product","link":"https:\/\/wiejskieprzysmaki.estima.site\/en\/product\/chusteczki-bambusowe-nawilzane-60-szt-bamboolove\/","title":{"rendered":"CHUSTECZKI BAMBUSOWE NAWIL\u017bANE 60 szt. &#8211; BAMBOOLOVE"},"content":{"rendered":"<p>SK\u0141ADNIKI<br \/>Aqua (99,3 %), Aloe barbadensis leaf juice, Hydroxyacetophenone, Caprylyl glycol, Polysorbate 20, Sodium citrate, Citric acid. \t<\/p>\n<p>OPIS  <br \/>Bambusowe chusteczki nawil\u017cane BAMBOOLOVE stworzone w trosce o najbardziej wra\u017cliw\u0105 sk\u00f3r\u0119. <br \/>Wykonane w 100% z bambusa &#8211; ca\u0142kowicie biodegradowalne! <br \/>&#8211; nas\u0105czone w 99.3% wod\u0105 <br \/>&#8211; cudownie mi\u0119kkie i delikatne <br \/>&#8211; nie testowane na zwierz\u0119tach <br \/>&#8211; bez dodatku substancji zapachowych <br \/>&#8211; z wygodnym zamkni\u0119ciem <br \/>&#8211; idealnie nas\u0105czone! d\u0142ugo utrzymuj\u0105 wilgo\u0107<br \/>Naturalnie antybakteryjne i nawil\u017caj\u0105ce dzia\u0142anie bambusa sprawia, \u017ce s\u0105 doskona\u0142e dla alergik\u00f3w, os\u00f3b z bardzo wra\u017cliw\u0105 sk\u00f3r\u0105 i niemowl\u0105t.<\/p>\n<p>SPOS\u00d3B U\u017bYCIA<br \/>Wyci\u0105gnij chusteczk\u0119 z opakowania i wytrzyj sk\u00f3r\u0119 (pup\u0119, r\u0119ce, twarz). Po zu\u017cyciu wyrzu\u0107. Zamknij opakowanie, aby chusteczki pozosta\u0142y wilgotne.<\/p>\n<p>ZALECANE WARUNKI PRZECHOWYWANIA<br \/>Przechowywa\u0107 w suchym i ch\u0142odnym miejscu<\/p>","protected":false},"excerpt":{"rendered":"<p>SK\u0141ADNIKIAqua (99,3 %), Aloe barbadensis leaf juice, Hydroxyacetophenone, Caprylyl glycol, Polysorbate 20, Sodium citrate, Citric acid. OPIS Bambusowe chusteczki nawil\u017cane BAMBOOLOVE stworzone w trosce o najbardziej wra\u017cliw\u0105 sk\u00f3r\u0119. Wykonane w 100% z bambusa &#8211; ca\u0142kowicie biodegradowalne! &#8211; nas\u0105czone w 99.3% wod\u0105 &#8211; cudownie mi\u0119kkie i delikatne &#8211; nie testowane na zwierz\u0119tach &#8211; bez dodatku substancji [&hellip;]<\/p>","protected":false},"featured_media":6943,"comment_status":"closed","ping_status":"open","template":"","meta":{"_acf_changed":false},"product_brand":[],"product_cat":[3607,1236],"product_tag":[],"class_list":{"0":"post-6942","1":"product","2":"type-product","3":"status-publish","4":"has-post-thumbnail","6":"product_cat-higiena-inne","7":"product_cat-produkty-dla-dzieci","8":"pa_ean-matka-5483","9":"pa_gwarancja-przydatnosci-522","10":"pa_ilosc-w-opakowaniu-327","11":"pa_jednostka-podstawowa-szt","12":"pa_kod-cn-4818-10-90","13":"pa_masa-netto-347","14":"pa_objetosc-brutto-5482","15":"pa_producent-bamboolove-pieluchy","16":"pa_producent-nazwa-adres-bamboolife-spolka-z-o-o-ul-rozowa-5-403-05-110-jablonna","17":"pa_tagi-bez-cukru-w-skladnikach","18":"pa_tagi-bez-glutenu-w-skladnikach","19":"pa_tagi-weganski","20":"pa_tagi-wegetarianski","22":"first","23":"instock","24":"taxable","25":"shipping-taxable","26":"purchasable","27":"product-type-simple"},"acf":[],"_links":{"self":[{"href":"https:\/\/wiejskieprzysmaki.estima.site\/en\/wp-json\/wp\/v2\/product\/6942","targetHints":{"allow":["GET"]}}],"collection":[{"href":"https:\/\/wiejskieprzysmaki.estima.site\/en\/wp-json\/wp\/v2\/product"}],"about":[{"href":"https:\/\/wiejskieprzysmaki.estima.site\/en\/wp-json\/wp\/v2\/types\/product"}],"replies":[{"embeddable":true,"href":"https:\/\/wiejskieprzysmaki.estima.site\/en\/wp-json\/wp\/v2\/comments?post=6942"}],"wp:featuredmedia":[{"embeddable":true,"href":"https:\/\/wiejskieprzysmaki.estima.site\/en\/wp-json\/wp\/v2\/media\/6943"}],"wp:attachment":[{"href":"https:\/\/wiejskieprzysmaki.estima.site\/en\/wp-json\/wp\/v2\/media?parent=6942"}],"wp:term":[{"taxonomy":"product_brand","embeddable":true,"href":"https:\/\/wiejskieprzysmaki.estima.site\/en\/wp-json\/wp\/v2\/product_brand?post=6942"},{"taxonomy":"product_cat","embeddable":true,"href":"https:\/\/wiejskieprzysmaki.estima.site\/en\/wp-json\/wp\/v2\/product_cat?post=6942"},{"taxonomy":"product_tag","embeddable":true,"href":"https:\/\/wiejskieprzysmaki.estima.site\/en\/wp-json\/wp\/v2\/product_tag?post=6942"}],"curies":[{"name":"wp","href":"https:\/\/api.w.org\/{rel}","templated":true}]}}