{"id":6968,"date":"2025-02-18T11:21:07","date_gmt":"2025-02-18T10:21:07","guid":{"rendered":"https:\/\/wiejskieprzysmaki.estima.site\/produkt\/syrop-do-drinkow-i-koktajli-aperitivo-bio-500-ml-hollinger\/"},"modified":"2025-02-18T11:21:11","modified_gmt":"2025-02-18T10:21:11","slug":"syrop-do-drinkow-i-koktajli-aperitivo-bio-500-ml-hollinger","status":"publish","type":"product","link":"https:\/\/wiejskieprzysmaki.estima.site\/en\/product\/syrop-do-drinkow-i-koktajli-aperitivo-bio-500-ml-hollinger\/","title":{"rendered":"SYROP DO DRINK\u00d3W I KOKTAJLI APERITIVO BIO 500 ml &#8211; HOLLINGER"},"content":{"rendered":"<p>SK\u0141ADNIKI<br \/>cukier*, woda, kwas: kwas cytrynowy, naturalny aromat pomara\u0144czowy, koncentrat soku jab\u0142kowego*, koncentrat soku z krokosza barwierskiego, koncentrat soku z marchwi*, koncentrat soku z czarnej porzeczki*, ekstrakt z pio\u0142unu, ekstrakt z korzenia goryczki, aromat: chinina. (*certyfikowany sk\u0142adnik ekologiczny)<\/p>\n<p>OPIS<br \/>Syrop z przeznaczeniem do domowych i profesjonalnych bar\u00f3w. Idealny do sporz\u0105dzania drink\u00f3w, koktajli, napoi alkoholowych i bezalkoholowych, wed\u0142ug standard\u00f3w \u015bwiatowych i w\u0142asnych oryginalnych kompozycji.<br \/>Orze\u017awiaj\u0105cy smak aperitivo, zachowany w syropie pozwala cieszy\u0107 si\u0119 aromatem pomara\u0144czy przez ca\u0142y rok!<br \/>Syrop rozcie\u0144cza\u0107 w proporcji 1:9.<br \/>Produkt pasteryzowany. Przed otwarciem wstrz\u0105sn\u0105\u0107.<\/p>\n<p>WARTO\u015a\u0106 OD\u017bYWCZA W 100 ml<br \/>Warto\u015b\u0107 energetyczna: 1331 kJ\/313 kcal  <br \/>T\u0142uszcz: <0,5 g  <br \/>w tym kwasy t\u0142uszczowe nasycone: <0,1 g  <br \/>W\u0119glowodany: 76 g  <br \/>w tym cukry: 76 g  <br \/>Bia\u0142ko: <0,5 g  <br \/>S\u00f3l: <0,01 g\n\nZALECANE WARUNKI PRZECHOWYWANIA  <br \/>Przechowywa\u0107 w temperaturze pokojowej z dala od \u015bwiat\u0142a. Po otwarciu przechowywa\u0107 w lod\u00f3wce i spo\u017cy\u0107 w ci\u0105gu 3 &#8211; 4 tygodni.<\/p>","protected":false},"excerpt":{"rendered":"<p>SK\u0141ADNIKIcukier*, woda, kwas: kwas cytrynowy, naturalny aromat pomara\u0144czowy, koncentrat soku jab\u0142kowego*, koncentrat soku z krokosza barwierskiego, koncentrat soku z marchwi*, koncentrat soku z czarnej porzeczki*, ekstrakt z pio\u0142unu, ekstrakt z korzenia goryczki, aromat: chinina. (*certyfikowany sk\u0142adnik ekologiczny) OPISSyrop z przeznaczeniem do domowych i profesjonalnych bar\u00f3w. Idealny do sporz\u0105dzania drink\u00f3w, koktajli, napoi alkoholowych i bezalkoholowych, wed\u0142ug [&hellip;]<\/p>","protected":false},"featured_media":6969,"comment_status":"closed","ping_status":"open","template":"","meta":{"_acf_changed":false},"product_brand":[],"product_cat":[134,744],"product_tag":[],"class_list":{"0":"post-6968","1":"product","2":"type-product","3":"status-publish","4":"has-post-thumbnail","6":"product_cat-napoje","7":"product_cat-syropy-owocowe-i-inne","8":"pa_ean-matka-5499","9":"pa_gwarancja-przydatnosci-311","10":"pa_ilosc-w-opakowaniu-298","11":"pa_jednostka-podstawowa-szt","12":"pa_kod-cn-2106-90-98","13":"pa_objetosc-brutto-5498","14":"pa_objetosc-netto-376","15":"pa_producent-hollinger-soki-nektary-napoje-syropy","16":"pa_producent-nazwa-adres-ims-hollinger-gmbh-johann-winter-gasse-29-3021-pressbaum","17":"pa_tagi-bez-glutenu-w-skladnikach","18":"pa_tagi-certyfikat-bio","19":"pa_tagi-weganski","20":"pa_tagi-wegetarianski","22":"first","23":"instock","24":"taxable","25":"shipping-taxable","26":"purchasable","27":"product-type-simple"},"acf":[],"_links":{"self":[{"href":"https:\/\/wiejskieprzysmaki.estima.site\/en\/wp-json\/wp\/v2\/product\/6968","targetHints":{"allow":["GET"]}}],"collection":[{"href":"https:\/\/wiejskieprzysmaki.estima.site\/en\/wp-json\/wp\/v2\/product"}],"about":[{"href":"https:\/\/wiejskieprzysmaki.estima.site\/en\/wp-json\/wp\/v2\/types\/product"}],"replies":[{"embeddable":true,"href":"https:\/\/wiejskieprzysmaki.estima.site\/en\/wp-json\/wp\/v2\/comments?post=6968"}],"wp:featuredmedia":[{"embeddable":true,"href":"https:\/\/wiejskieprzysmaki.estima.site\/en\/wp-json\/wp\/v2\/media\/6969"}],"wp:attachment":[{"href":"https:\/\/wiejskieprzysmaki.estima.site\/en\/wp-json\/wp\/v2\/media?parent=6968"}],"wp:term":[{"taxonomy":"product_brand","embeddable":true,"href":"https:\/\/wiejskieprzysmaki.estima.site\/en\/wp-json\/wp\/v2\/product_brand?post=6968"},{"taxonomy":"product_cat","embeddable":true,"href":"https:\/\/wiejskieprzysmaki.estima.site\/en\/wp-json\/wp\/v2\/product_cat?post=6968"},{"taxonomy":"product_tag","embeddable":true,"href":"https:\/\/wiejskieprzysmaki.estima.site\/en\/wp-json\/wp\/v2\/product_tag?post=6968"}],"curies":[{"name":"wp","href":"https:\/\/api.w.org\/{rel}","templated":true}]}}