{"id":6978,"date":"2025-02-18T11:21:07","date_gmt":"2025-02-18T10:21:07","guid":{"rendered":"https:\/\/wiejskieprzysmaki.estima.site\/produkt\/olej-z-konopi-supreme-15-10-ml-cannabium\/"},"modified":"2025-02-20T15:13:28","modified_gmt":"2025-02-20T14:13:28","slug":"olej-z-konopi-supreme-15-10-ml-cannabium","status":"publish","type":"product","link":"https:\/\/wiejskieprzysmaki.estima.site\/en\/product\/olej-z-konopi-supreme-15-10-ml-cannabium\/","title":{"rendered":"OLEJ Z KONOPI SUPREME 15 % 10 ml &#8211; CANNABIUM"},"content":{"rendered":"<p>SK\u0141ADNIKI<br \/>olej z nasion konopi w\u0142\u00f3knistych pozyskiwany innowacyjn\u0105 metod\u0105 t\u0142oczenia. <\/p>\n<p>Zawarto\u015b\u0107 sk\u0142adnik\u00f3w w 3 kroplach (1 porcja)<br \/>Fitosubstancje pozyskane z oleju konopi w\u0142\u00f3knistych (Cannabis sativa L.) &#8211; 11,25 mg<br \/>Zawarto\u015b\u0107 THC: &lt; 0,01 %<\/p>\n<p>OPIS<br \/>Zawarto\u015b\u0107 opakowania to oko\u0142o 400 kropli.<br \/>Ka\u017cda kropla zawiera ok. 3,75 mg od\u017cywczych fitosubstancji naturalnie wyst\u0119puj\u0105cych w konopiach w\u0142\u00f3knistych. <\/p>\n<p>WARTO\u015a\u0106 OD\u017bYWCZA W 100 ml<br \/>Warto\u015b\u0107 energetyczna: 3478 kJ\/830 kcal <br \/>T\u0142uszcz: 94 g <br \/>w tym kwasy t\u0142uszczowe nasycone: 10 g <br \/>W\u0119glowodany: 0 g <br \/>w tym cukry: 0 g <br \/>B\u0142onnik: 0 g<br \/>Bia\u0142ko: 0 g <br \/>S\u00f3l: 0 g<\/p>\n<p>ZALECANE SPO\u017bYCIE <br \/>Zalecana dzienna porcja 3 razy dziennie po 3 krople. Krople uwalniane s\u0105 za pomoc\u0105 przycisku na dnie buteleczki. Przyjmowa\u0107 doustnie, pod j\u0119zyk, trzyma\u0107 60 sekund, nast\u0119pnie po\u0142kn\u0105\u0107.<\/p>\n<p>ZALECANE WARUNKI PRZECHOWYWANIA<br \/>Przechowywa\u0107 w temperaturze pokojowej. Chroni\u0107 przed \u015bwiat\u0142em s\u0142onecznym i wilgoci\u0105. Produkt po otwarciu nale\u017cy przechowywa\u0107 w pozycji pionowej. <\/p>","protected":false},"excerpt":{"rendered":"<p>SK\u0141ADNIKIolej z nasion konopi w\u0142\u00f3knistych pozyskiwany innowacyjn\u0105 metod\u0105 t\u0142oczenia. Zawarto\u015b\u0107 sk\u0142adnik\u00f3w w 3 kroplach (1 porcja)Fitosubstancje pozyskane z oleju konopi w\u0142\u00f3knistych (Cannabis sativa L.) &#8211; 11,25 mgZawarto\u015b\u0107 THC: &lt; 0,01 % OPISZawarto\u015b\u0107 opakowania to oko\u0142o 400 kropli.Ka\u017cda kropla zawiera ok. 3,75 mg od\u017cywczych fitosubstancji naturalnie wyst\u0119puj\u0105cych w konopiach w\u0142\u00f3knistych. WARTO\u015a\u0106 OD\u017bYWCZA W 100 mlWarto\u015b\u0107 energetyczna: [&hellip;]<\/p>","protected":false},"featured_media":6979,"comment_status":"closed","ping_status":"open","template":"","meta":{"_acf_changed":false},"product_brand":[],"product_cat":[3711,9057],"product_tag":[],"class_list":{"0":"post-6978","1":"product","2":"type-product","3":"status-publish","4":"has-post-thumbnail","6":"product_cat-produkty-w-plynie","7":"product_cat-suplementy-diety","8":"pa_ean-matka-5508","9":"pa_gwarancja-przydatnosci-522","10":"pa_ilosc-w-opakowaniu-340","11":"pa_jednostka-podstawowa-szt","12":"pa_kod-cn-2202-10-00","13":"pa_objetosc-brutto-5504","14":"pa_objetosc-netto-5503","15":"pa_producent-cannabium-oleje-konopne","16":"pa_producent-nazwa-adres-hemplab-sp-z-o-o-ul-pana-balcera-6-124-20-631-lublin","17":"pa_tagi-bez-cukru-w-skladnikach","18":"pa_tagi-bez-glutenu-w-skladnikach","19":"pa_tagi-weganski","20":"pa_tagi-wegetarianski","22":"first","23":"instock","24":"taxable","25":"shipping-taxable","26":"purchasable","27":"product-type-simple"},"acf":[],"_links":{"self":[{"href":"https:\/\/wiejskieprzysmaki.estima.site\/en\/wp-json\/wp\/v2\/product\/6978","targetHints":{"allow":["GET"]}}],"collection":[{"href":"https:\/\/wiejskieprzysmaki.estima.site\/en\/wp-json\/wp\/v2\/product"}],"about":[{"href":"https:\/\/wiejskieprzysmaki.estima.site\/en\/wp-json\/wp\/v2\/types\/product"}],"replies":[{"embeddable":true,"href":"https:\/\/wiejskieprzysmaki.estima.site\/en\/wp-json\/wp\/v2\/comments?post=6978"}],"wp:featuredmedia":[{"embeddable":true,"href":"https:\/\/wiejskieprzysmaki.estima.site\/en\/wp-json\/wp\/v2\/media\/6979"}],"wp:attachment":[{"href":"https:\/\/wiejskieprzysmaki.estima.site\/en\/wp-json\/wp\/v2\/media?parent=6978"}],"wp:term":[{"taxonomy":"product_brand","embeddable":true,"href":"https:\/\/wiejskieprzysmaki.estima.site\/en\/wp-json\/wp\/v2\/product_brand?post=6978"},{"taxonomy":"product_cat","embeddable":true,"href":"https:\/\/wiejskieprzysmaki.estima.site\/en\/wp-json\/wp\/v2\/product_cat?post=6978"},{"taxonomy":"product_tag","embeddable":true,"href":"https:\/\/wiejskieprzysmaki.estima.site\/en\/wp-json\/wp\/v2\/product_tag?post=6978"}],"curies":[{"name":"wp","href":"https:\/\/api.w.org\/{rel}","templated":true}]}}