{"id":7012,"date":"2025-02-18T11:21:21","date_gmt":"2025-02-18T10:21:21","guid":{"rendered":"https:\/\/wiejskieprzysmaki.estima.site\/produkt\/makaron-2-jajeczny-krajanka-cienka-bio-250-g-bartolini-sielska-kluska\/"},"modified":"2025-02-18T11:21:26","modified_gmt":"2025-02-18T10:21:26","slug":"makaron-2-jajeczny-krajanka-cienka-bio-250-g-bartolini-sielska-kluska","status":"publish","type":"product","link":"https:\/\/wiejskieprzysmaki.estima.site\/en\/product\/makaron-2-jajeczny-krajanka-cienka-bio-250-g-bartolini-sielska-kluska\/","title":{"rendered":"MAKARON (2-JAJECZNY) KRAJANKA CIENKA BIO 250 g &#8211; BARTOLINI (SIELSKA KLUSKA)"},"content":{"rendered":"<p>SK\u0141ADNIKI<br \/>semolina* (m\u0105ka z PSZENICY durum), JAJA* 9 %.(*certyfikowany sk\u0142adnik ekologiczny)<\/p>\n<p>OPIS<br \/>Wysokogatunkowy makaron jajeczny. Jej lekko chropowata powierzchnia to zas\u0142uga specjalnych metod wytwarzania i suszenia. To dzi\u0119ki niej makaron ten dobrze ch\u0142onie zupy, lepiej trzyma si\u0119 \u0142y\u017cki, nie skleja si\u0119 oraz znacznie zwi\u0119ksza swoj\u0105 objeto\u015b\u0107 po ugotowaniu. Nie zawiera masy jajowej, proszku jajecznego ani kurkumy.<br \/>Jej naturalny, s\u0142oneczny kolor to zas\u0142uga prostej, domowej receptury: tylko m\u0105ka, woda, i \u015bwie\u017ce JAJA z polskich ferm wybijane przez nas ka\u017cdego dnia.<\/p>\n<p>SPOS\u00d3B PRZYGOTOWANIA<br \/>Przed spo\u017cyciem gotowa\u0107 ok. 4 &#8211; 5 minut, nie hartowa\u0107 (100 g makaronu na 1 litr osolonej wody)<\/p>\n<p>WARTO\u015a\u0106 OD\u017bYWCZA W 100 g<br \/>Warto\u015b\u0107 energetyczna &#8211; 1569 kJ\/370 kcal<br \/>T\u0142uszcz &#8211; 2,4 g<br \/>w tym kwasy t\u0142uszczowe nasycone &#8211; 0,9 g<br \/>W\u0119glowodany &#8211; 73 g<br \/>w tym cukry &#8211; 2,3 g<br \/>B\u0142onnik &#8211; 3,1 g<br \/>Bia\u0142ko &#8211; 13 g<br \/>S\u00f3l &#8211; 0,04 g<\/p>\n<p>INFORMACJA ALERGENNA<br \/>Produkt mo\u017ce zawiera\u0107 SOJ\u0118.<\/p>\n<p>ZALECANE WARUNKI PRZECHOWYWANIA<br \/>Przechowywa\u0107 w miejscu suchym i przewiewnym.<\/p>","protected":false},"excerpt":{"rendered":"<p>SK\u0141ADNIKIsemolina* (m\u0105ka z PSZENICY durum), JAJA* 9 %.(*certyfikowany sk\u0142adnik ekologiczny) OPISWysokogatunkowy makaron jajeczny. Jej lekko chropowata powierzchnia to zas\u0142uga specjalnych metod wytwarzania i suszenia. To dzi\u0119ki niej makaron ten dobrze ch\u0142onie zupy, lepiej trzyma si\u0119 \u0142y\u017cki, nie skleja si\u0119 oraz znacznie zwi\u0119ksza swoj\u0105 objeto\u015b\u0107 po ugotowaniu. Nie zawiera masy jajowej, proszku jajecznego ani kurkumy.Jej naturalny, [&hellip;]<\/p>","protected":false},"featured_media":7013,"comment_status":"closed","ping_status":"open","template":"","meta":{"_acf_changed":false},"product_brand":[],"product_cat":[1162,1246],"product_tag":[],"class_list":{"0":"post-7012","1":"product","2":"type-product","3":"status-publish","4":"has-post-thumbnail","6":"product_cat-makarony","7":"product_cat-zbozowe-z-glutenem","8":"pa_ean-matka-5535","9":"pa_gwarancja-przydatnosci-522","10":"pa_ilosc-w-opakowaniu-350","11":"pa_jednostka-podstawowa-szt","12":"pa_kod-cn-1902-11-00","13":"pa_masa-netto-480","14":"pa_objetosc-brutto-5534","15":"pa_producent-bartolini-makarony","16":"pa_producent-nazwa-adres-przedsiebiorstwo-produkcyjno-handlowe-tabit-spolka-z-ograniczona-odpowiedzialnoscia-hugona-kollataja-44-05-402-otwock","17":"pa_tagi-bez-cukru-w-skladnikach","18":"pa_tagi-certyfikat-bio","19":"pa_tagi-wegetarianski","21":"first","22":"instock","23":"taxable","24":"shipping-taxable","25":"purchasable","26":"product-type-simple"},"acf":[],"_links":{"self":[{"href":"https:\/\/wiejskieprzysmaki.estima.site\/en\/wp-json\/wp\/v2\/product\/7012","targetHints":{"allow":["GET"]}}],"collection":[{"href":"https:\/\/wiejskieprzysmaki.estima.site\/en\/wp-json\/wp\/v2\/product"}],"about":[{"href":"https:\/\/wiejskieprzysmaki.estima.site\/en\/wp-json\/wp\/v2\/types\/product"}],"replies":[{"embeddable":true,"href":"https:\/\/wiejskieprzysmaki.estima.site\/en\/wp-json\/wp\/v2\/comments?post=7012"}],"wp:featuredmedia":[{"embeddable":true,"href":"https:\/\/wiejskieprzysmaki.estima.site\/en\/wp-json\/wp\/v2\/media\/7013"}],"wp:attachment":[{"href":"https:\/\/wiejskieprzysmaki.estima.site\/en\/wp-json\/wp\/v2\/media?parent=7012"}],"wp:term":[{"taxonomy":"product_brand","embeddable":true,"href":"https:\/\/wiejskieprzysmaki.estima.site\/en\/wp-json\/wp\/v2\/product_brand?post=7012"},{"taxonomy":"product_cat","embeddable":true,"href":"https:\/\/wiejskieprzysmaki.estima.site\/en\/wp-json\/wp\/v2\/product_cat?post=7012"},{"taxonomy":"product_tag","embeddable":true,"href":"https:\/\/wiejskieprzysmaki.estima.site\/en\/wp-json\/wp\/v2\/product_tag?post=7012"}],"curies":[{"name":"wp","href":"https:\/\/api.w.org\/{rel}","templated":true}]}}