{"id":7014,"date":"2025-02-18T11:21:21","date_gmt":"2025-02-18T10:21:21","guid":{"rendered":"https:\/\/wiejskieprzysmaki.estima.site\/produkt\/herbatka-gleboki-oddech-breathe-deep-bio-17-x-18-g-306-g-yogi-tea\/"},"modified":"2025-02-18T11:21:27","modified_gmt":"2025-02-18T10:21:27","slug":"herbatka-gleboki-oddech-breathe-deep-bio-17-x-18-g-306-g-yogi-tea","status":"publish","type":"product","link":"https:\/\/wiejskieprzysmaki.estima.site\/en\/product\/herbatka-gleboki-oddech-breathe-deep-bio-17-x-18-g-306-g-yogi-tea\/","title":{"rendered":"HERBATKA G\u0141\u0118BOKI ODDECH (BREATHE DEEP) BIO (17 x 1,8 g) 30,6 g &#8211; YOGI TEA"},"content":{"rendered":"<p>SK\u0141ADNIKI<br \/>eukaliptus* (26 %), lukrecja*, imbir*, bazylia* (6 %), kardamon*, cynamon*, dziewanna*, lucerna*, koper w\u0142oski*, tymianek* (3 %), oman wielki*, ekstrakt z wanilii*, go\u017adziki*, pieprz czarny*, laska wanilii*. (*certyfikowany sk\u0142adnik ekologiczny)<\/p>\n<p>OPIS<br \/>Praktykuj\u0105c jog\u0119 szybko nauczysz si\u0119 docenia\u0107 \u015bwiadome oddychanie. O tym w\u0142a\u015bnie przypomina ta herbatka. W medycynie naturalnej eukaliptus i tymianek s\u0105 powszechnie u\u017cywane jako sk\u0142adniki preparat\u00f3w oczyszczaj\u0105cych drogi oddechowe. Breathe Deep to cudownie orze\u017awiaj\u0105ca, a jednocze\u015bnie koj\u0105ca herbatka. Mo\u017cemy ponownie odetchn\u0105\u0107 g\u0142\u0119boko i czu\u0107 si\u0119 swobodniej z ka\u017cdym \u0142ykiem.<br \/>Herbatka dla wszystkich&nbsp;chc\u0105cych odetchn\u0105\u0107<\/p>\n<p>SPOS\u00d3B PRZYGOTOWANIA<br \/>Torebk\u0119 zala\u0107 250 ml wrz\u0105cej wody, pozostawi\u0107 na 5 &#8211; 6 minut do zaparzenia.<\/p>\n<p>UWAGA<br \/>Zawiera lukrecj\u0119 \u2013 chorzy na nadci\u015bnienie powinni unika\u0107 nadmiernego spo\u017cycia.<\/p>\n<p>ZALECANE WARUNKI PRZECHOWYWANIA<br \/>Przechowywa\u0107 w suchym i ch\u0142odnym miejscu. <\/p>","protected":false},"excerpt":{"rendered":"<p>SK\u0141ADNIKIeukaliptus* (26 %), lukrecja*, imbir*, bazylia* (6 %), kardamon*, cynamon*, dziewanna*, lucerna*, koper w\u0142oski*, tymianek* (3 %), oman wielki*, ekstrakt z wanilii*, go\u017adziki*, pieprz czarny*, laska wanilii*. (*certyfikowany sk\u0142adnik ekologiczny) OPISPraktykuj\u0105c jog\u0119 szybko nauczysz si\u0119 docenia\u0107 \u015bwiadome oddychanie. O tym w\u0142a\u015bnie przypomina ta herbatka. W medycynie naturalnej eukaliptus i tymianek s\u0105 powszechnie u\u017cywane jako sk\u0142adniki [&hellip;]<\/p>","protected":false},"featured_media":7015,"comment_status":"closed","ping_status":"open","template":"","meta":{"_acf_changed":false},"product_brand":[],"product_cat":[282,478],"product_tag":[],"class_list":{"0":"post-7014","1":"product","2":"type-product","3":"status-publish","4":"has-post-thumbnail","6":"product_cat-herbaty-i-ziola","7":"product_cat-ziolowe-owocowe-mieszanki","8":"pa_ean-matka-5536","9":"pa_gwarancja-przydatnosci-522","10":"pa_ilosc-w-opakowaniu-298","11":"pa_jednostka-podstawowa-szt","12":"pa_kod-cn-2106-90-98","13":"pa_masa-netto-443","14":"pa_objetosc-brutto-1264","15":"pa_producent-yogi-tea-herbaty-i-herbatki","16":"pa_producent-nazwa-adres-yogi-tea-gmbh-burchardstrase-24-20095-hamburg","17":"pa_tagi-bez-cukru-w-skladnikach","18":"pa_tagi-bez-glutenu-w-skladnikach","19":"pa_tagi-certyfikat-bio","20":"pa_tagi-weganski","21":"pa_tagi-wegetarianski","23":"first","24":"instock","25":"taxable","26":"shipping-taxable","27":"purchasable","28":"product-type-simple"},"acf":[],"_links":{"self":[{"href":"https:\/\/wiejskieprzysmaki.estima.site\/en\/wp-json\/wp\/v2\/product\/7014","targetHints":{"allow":["GET"]}}],"collection":[{"href":"https:\/\/wiejskieprzysmaki.estima.site\/en\/wp-json\/wp\/v2\/product"}],"about":[{"href":"https:\/\/wiejskieprzysmaki.estima.site\/en\/wp-json\/wp\/v2\/types\/product"}],"replies":[{"embeddable":true,"href":"https:\/\/wiejskieprzysmaki.estima.site\/en\/wp-json\/wp\/v2\/comments?post=7014"}],"wp:featuredmedia":[{"embeddable":true,"href":"https:\/\/wiejskieprzysmaki.estima.site\/en\/wp-json\/wp\/v2\/media\/7015"}],"wp:attachment":[{"href":"https:\/\/wiejskieprzysmaki.estima.site\/en\/wp-json\/wp\/v2\/media?parent=7014"}],"wp:term":[{"taxonomy":"product_brand","embeddable":true,"href":"https:\/\/wiejskieprzysmaki.estima.site\/en\/wp-json\/wp\/v2\/product_brand?post=7014"},{"taxonomy":"product_cat","embeddable":true,"href":"https:\/\/wiejskieprzysmaki.estima.site\/en\/wp-json\/wp\/v2\/product_cat?post=7014"},{"taxonomy":"product_tag","embeddable":true,"href":"https:\/\/wiejskieprzysmaki.estima.site\/en\/wp-json\/wp\/v2\/product_tag?post=7014"}],"curies":[{"name":"wp","href":"https:\/\/api.w.org\/{rel}","templated":true}]}}