{"id":7034,"date":"2025-02-18T11:21:21","date_gmt":"2025-02-18T10:21:21","guid":{"rendered":"https:\/\/wiejskieprzysmaki.estima.site\/produkt\/sos-pomidorowy-passata-rustica-bio-680-g-la-bio-idea\/"},"modified":"2025-02-18T11:21:48","modified_gmt":"2025-02-18T10:21:48","slug":"sos-pomidorowy-passata-rustica-bio-680-g-la-bio-idea","status":"publish","type":"product","link":"https:\/\/wiejskieprzysmaki.estima.site\/en\/product\/sos-pomidorowy-passata-rustica-bio-680-g-la-bio-idea\/","title":{"rendered":"SOS POMIDOROWY PASSATA RUSTICA BIO 680 g &#8211; LA BIO IDEA"},"content":{"rendered":"<p>SK\u0141ADNIKI<br \/>pomidory*. (*certyfikowany sk\u0142adnik ekologiczny)<\/p>\n<p>OPIS<br \/>Produkt pasteryzowany. Bez dodatku cukr\u00f3w. Zawiera naturalnie wyst\u0119puj\u0105ce cukry.<br \/>Przecier pomidorowy Passata Rustica to produkt b\u0119d\u0105cy baz\u0105 wielu da\u0144 kuchni w\u0142oskiej. <br \/>Idealne wyselekcjonowane sk\u0142adniki s\u0105 myte, po czym przepuszczane s\u0105 przez sita. Rezultatem jest specjalny przecier, \u0142\u0105cznie z pestkami i sk\u00f3rkami, kt\u00f3ry zachowuje wszystkie cechy \u015bwie\u017cych pomidor\u00f3w.<br \/>Cenny smak i zapach \u015bwie\u017cego pomidora powoduje, \u017ce dania przyrz\u0105dzane z Passata Rustica s\u0105 aromatyczne, wyj\u0105tkowe i bardzo apetyczne. <br \/>\u015awietny dodatek do da\u0144 nie wymagaj\u0105cych d\u0142ugiego gotowania. <br \/>Zapro\u015b w\u0142oskie aromaty do swojej kuchni!<\/p>\n<p>WARTO\u015a\u0106 OD\u017bYWCZA W 100 g<br \/>Warto\u015b\u0107 energetyczna: 129 kJ\/31 kcal  <br \/>T\u0142uszcz: 0,5 g  <br \/>w tym kwasy t\u0142uszczowe nasycone: 0,3 g  <br \/>W\u0119glowodany: 4,5 g  <br \/>w tym cukry: 3,3 g  <br \/>Bia\u0142ko: 1,4 g  <br \/>S\u00f3l: <0,1 g\n\nZALECANE WARUNKI PRZECHOWYWANIA  <br \/>Przechowywa\u0107 w suchym i ch\u0142odnym miejscu.<\/p>","protected":false},"excerpt":{"rendered":"<p>SK\u0141ADNIKIpomidory*. (*certyfikowany sk\u0142adnik ekologiczny) OPISProdukt pasteryzowany. Bez dodatku cukr\u00f3w. Zawiera naturalnie wyst\u0119puj\u0105ce cukry.Przecier pomidorowy Passata Rustica to produkt b\u0119d\u0105cy baz\u0105 wielu da\u0144 kuchni w\u0142oskiej. Idealne wyselekcjonowane sk\u0142adniki s\u0105 myte, po czym przepuszczane s\u0105 przez sita. Rezultatem jest specjalny przecier, \u0142\u0105cznie z pestkami i sk\u00f3rkami, kt\u00f3ry zachowuje wszystkie cechy \u015bwie\u017cych pomidor\u00f3w.Cenny smak i zapach \u015bwie\u017cego pomidora [&hellip;]<\/p>","protected":false},"featured_media":7035,"comment_status":"closed","ping_status":"open","template":"","meta":{"_acf_changed":false},"product_brand":[],"product_cat":[95,94],"product_tag":[],"class_list":{"0":"post-7034","1":"product","2":"type-product","3":"status-publish","4":"has-post-thumbnail","6":"product_cat-ketchupy-koncentraty-sosy-pomidorowe","7":"product_cat-sosy","8":"pa_ean-matka-5555","9":"pa_gwarancja-przydatnosci-522","10":"pa_ilosc-w-opakowaniu-374","11":"pa_jednostka-podstawowa-szt","12":"pa_kod-cn-2002-90-19","13":"pa_kraj-pochodzenia-skladnikow-wlochy","14":"pa_masa-netto-1165","15":"pa_objetosc-brutto-3831","16":"pa_producent-la-bio-idea-makarony-straczkowesosy-pomidorowe","17":"pa_producent-nazwa-adres-do-it-consumer-products-bv-hermesweg-7-3771-nd-barneveld","18":"pa_tagi-bez-cukru-w-skladnikach","19":"pa_tagi-bez-glutenu-w-skladnikach","20":"pa_tagi-certyfikat-bio","21":"pa_tagi-weganski","22":"pa_tagi-wegetarianski","24":"first","25":"instock","26":"taxable","27":"shipping-taxable","28":"purchasable","29":"product-type-simple"},"acf":[],"_links":{"self":[{"href":"https:\/\/wiejskieprzysmaki.estima.site\/en\/wp-json\/wp\/v2\/product\/7034","targetHints":{"allow":["GET"]}}],"collection":[{"href":"https:\/\/wiejskieprzysmaki.estima.site\/en\/wp-json\/wp\/v2\/product"}],"about":[{"href":"https:\/\/wiejskieprzysmaki.estima.site\/en\/wp-json\/wp\/v2\/types\/product"}],"replies":[{"embeddable":true,"href":"https:\/\/wiejskieprzysmaki.estima.site\/en\/wp-json\/wp\/v2\/comments?post=7034"}],"wp:featuredmedia":[{"embeddable":true,"href":"https:\/\/wiejskieprzysmaki.estima.site\/en\/wp-json\/wp\/v2\/media\/7035"}],"wp:attachment":[{"href":"https:\/\/wiejskieprzysmaki.estima.site\/en\/wp-json\/wp\/v2\/media?parent=7034"}],"wp:term":[{"taxonomy":"product_brand","embeddable":true,"href":"https:\/\/wiejskieprzysmaki.estima.site\/en\/wp-json\/wp\/v2\/product_brand?post=7034"},{"taxonomy":"product_cat","embeddable":true,"href":"https:\/\/wiejskieprzysmaki.estima.site\/en\/wp-json\/wp\/v2\/product_cat?post=7034"},{"taxonomy":"product_tag","embeddable":true,"href":"https:\/\/wiejskieprzysmaki.estima.site\/en\/wp-json\/wp\/v2\/product_tag?post=7034"}],"curies":[{"name":"wp","href":"https:\/\/api.w.org\/{rel}","templated":true}]}}