{"id":7038,"date":"2025-02-18T11:21:49","date_gmt":"2025-02-18T10:21:49","guid":{"rendered":"https:\/\/wiejskieprzysmaki.estima.site\/produkt\/crunchy-jogurtowo-cytrynowe-z-malinami-bio-400-g-bohlsener-muehle\/"},"modified":"2025-02-18T11:21:50","modified_gmt":"2025-02-18T10:21:50","slug":"crunchy-jogurtowo-cytrynowe-z-malinami-bio-400-g-bohlsener-muehle","status":"publish","type":"product","link":"https:\/\/wiejskieprzysmaki.estima.site\/en\/product\/crunchy-jogurtowo-cytrynowe-z-malinami-bio-400-g-bohlsener-muehle\/","title":{"rendered":"CRUNCHY JOGURTOWO &#8211; CYTRYNOWE Z MALINAMI BIO 400 g &#8211; BOHLSENER MUEHLE"},"content":{"rendered":"<p>SK\u0141ADNIKI<br \/>crunchy jogurtowo-cytrynowe* [pe\u0142noziarniste p\u0142atki OWSIANE* 30 %, cukier buraczany*, pe\u0142noziarniste p\u0142atki z PSZENICY ORKISZ* 10 %, olej s\u0142onecznikowy*, JOGURT w proszku* 4 %, grubo mielony OWIES* 4 %, chrupki ry\u017cowe* (m\u0105ka ry\u017cowa*, s\u0142\u00f3d J\u0118CZMIENNY*, s\u00f3l morska), syrop ry\u017cowy*, olejek cytrynowy* 0,1 %, sk\u00f3rka z cytryny* 0,1 %, s\u00f3l morska], pe\u0142noziarniste p\u0142atki OWSIANE*, p\u0142atki kukurydziane* [kukurydza*, substancja przeciwzbrylaj\u0105ca: lecytyny (ze s\u0142onecznika*)], chipsy kokosowe*, maliny liofilizowane granulki* 1 %. (*certyfikowany sk\u0142adnik ekologiczny)<\/p>\n<p>OPIS<br \/>Wyj\u0105tkowo pyszne i mocno chrupi\u0105ce crunchy, kt\u00f3re czyni ka\u017cde \u015bniadanie wyj\u0105tkowym.<br \/>Idealny produkt \u015bniadaniowy \u2013 doskona\u0142y do MLEKA, jogurtu, kefiru.<br \/>To tak\u017ce pyszna przek\u0105ska o ka\u017cdej porze dnia dla ca\u0142ej rodziny.<br \/>Znakomite wsparcie dla aktywnego stylu \u017cycia.<br \/>Wysoka zawarto\u015b\u0107 b\u0142onnika pokarmowego.<\/p>\n<p>WARTO\u015a\u0106 OD\u017bYWCZA W 100 g<br \/>Warto\u015b\u0107 energetyczna: 1794 kJ\/427 kcal  <br \/>T\u0142uszcz: 13 g  <br \/>w tym kwasy t\u0142uszczowe nasycone: 3,4 g  <br \/>W\u0119glowodany: 63 g  <br \/>w tym cukry: 18 g  <br \/>B\u0142onnik: 7,0 g<br \/>Bia\u0142ko: 11 g  <br \/>S\u00f3l: 0,15 g<\/p>\n<p>INFORMACJA ALERGENNA <br \/>Mo\u017ce zawiera\u0107 MIGDA\u0141Y, ORZECHY, NASIONA SEZAMU, SOJ\u0118, JAJA, seler. <\/p>\n<p>ZALECANE WARUNKI PRZECHOWYWANIA<br \/>Przechowywa\u0107 w suchym i ch\u0142odnym miejscu.<\/p>","protected":false},"excerpt":{"rendered":"<p>SK\u0141ADNIKIcrunchy jogurtowo-cytrynowe* [pe\u0142noziarniste p\u0142atki OWSIANE* 30 %, cukier buraczany*, pe\u0142noziarniste p\u0142atki z PSZENICY ORKISZ* 10 %, olej s\u0142onecznikowy*, JOGURT w proszku* 4 %, grubo mielony OWIES* 4 %, chrupki ry\u017cowe* (m\u0105ka ry\u017cowa*, s\u0142\u00f3d J\u0118CZMIENNY*, s\u00f3l morska), syrop ry\u017cowy*, olejek cytrynowy* 0,1 %, sk\u00f3rka z cytryny* 0,1 %, s\u00f3l morska], pe\u0142noziarniste p\u0142atki OWSIANE*, p\u0142atki kukurydziane* [kukurydza*, [&hellip;]<\/p>","protected":false},"featured_media":7039,"comment_status":"closed","ping_status":"open","template":"","meta":{"_acf_changed":false},"product_brand":[],"product_cat":[404,265],"product_tag":[],"class_list":{"0":"post-7038","1":"product","2":"type-product","3":"status-publish","4":"has-post-thumbnail","6":"product_cat-musli-crunchy-granole","7":"product_cat-sniadaniowe","8":"pa_ean-matka-5558","9":"pa_gwarancja-przydatnosci-324","10":"pa_ilosc-w-opakowaniu-298","11":"pa_jednostka-podstawowa-szt","12":"pa_kod-cn-1904-10-90","13":"pa_masa-netto-268","14":"pa_objetosc-brutto-5556","15":"pa_producent-bohlsener-muehle-crunchy","16":"pa_producent-nazwa-adres-bohlsener-muhle-gmbh-co-kg-muhlenstrase-1-29581-bohlsen","17":"pa_tagi-certyfikat-bio","18":"pa_tagi-wegetarianski","20":"first","21":"instock","22":"taxable","23":"shipping-taxable","24":"purchasable","25":"product-type-simple"},"acf":[],"_links":{"self":[{"href":"https:\/\/wiejskieprzysmaki.estima.site\/en\/wp-json\/wp\/v2\/product\/7038","targetHints":{"allow":["GET"]}}],"collection":[{"href":"https:\/\/wiejskieprzysmaki.estima.site\/en\/wp-json\/wp\/v2\/product"}],"about":[{"href":"https:\/\/wiejskieprzysmaki.estima.site\/en\/wp-json\/wp\/v2\/types\/product"}],"replies":[{"embeddable":true,"href":"https:\/\/wiejskieprzysmaki.estima.site\/en\/wp-json\/wp\/v2\/comments?post=7038"}],"wp:featuredmedia":[{"embeddable":true,"href":"https:\/\/wiejskieprzysmaki.estima.site\/en\/wp-json\/wp\/v2\/media\/7039"}],"wp:attachment":[{"href":"https:\/\/wiejskieprzysmaki.estima.site\/en\/wp-json\/wp\/v2\/media?parent=7038"}],"wp:term":[{"taxonomy":"product_brand","embeddable":true,"href":"https:\/\/wiejskieprzysmaki.estima.site\/en\/wp-json\/wp\/v2\/product_brand?post=7038"},{"taxonomy":"product_cat","embeddable":true,"href":"https:\/\/wiejskieprzysmaki.estima.site\/en\/wp-json\/wp\/v2\/product_cat?post=7038"},{"taxonomy":"product_tag","embeddable":true,"href":"https:\/\/wiejskieprzysmaki.estima.site\/en\/wp-json\/wp\/v2\/product_tag?post=7038"}],"curies":[{"name":"wp","href":"https:\/\/api.w.org\/{rel}","templated":true}]}}