{"id":7064,"date":"2025-02-18T11:22:21","date_gmt":"2025-02-18T10:22:21","guid":{"rendered":"https:\/\/wiejskieprzysmaki.estima.site\/produkt\/rutyna-max-bezglutenowa-60-kapsulek-pharmovit-clean-label\/"},"modified":"2025-02-20T15:13:28","modified_gmt":"2025-02-20T14:13:28","slug":"rutyna-max-bezglutenowa-60-kapsulek-pharmovit-clean-label","status":"publish","type":"product","link":"https:\/\/wiejskieprzysmaki.estima.site\/en\/product\/rutyna-max-bezglutenowa-60-kapsulek-pharmovit-clean-label\/","title":{"rendered":"RUTYNA MAX BEZGLUTENOWA 60 KAPSU\u0141EK &#8211; PHARMOVIT (CLEAN LABEL)"},"content":{"rendered":"<p>SK\u0141ADNIKI<br \/>ekstrakt z kwiat\u00f3w pere\u0142kowca japo\u0144skiego standaryzowany na 95 % rutyny, ekstrakt z owoc\u00f3w dzikiej r\u00f3\u017cy standaryzowany na 70 % witaminy C, kapsu\u0142ka celulozowa Vcaps\u00ae: hydroksypropylometyloceluloza, cynk (cytrynian cynku), witamina D (cholekalcyferol), BioPerine\u00ae &#8211; ekstrakt z owoc\u00f3w pieprzu czarnego standaryzowany na 95 % piperyny. <\/p>\n<p>BioPerine\u00ae jest zastrze\u017conym znakiem towarowym firmy SABINSA. <br \/>VCAPS\u00ae jest znakiem towarowym firmy Lonza lub jej oddzia\u0142\u00f3w.<\/p>\n<p>Sk\u0142adniki w porcji dziennej<br \/>ekstrakt z kwiat\u00f3w pere\u0142kowca japo\u0144skiego 264 mg standaryzowany na 95 % rutyny 250 mg <br \/>ekstrakt z owoc\u00f3w dzikiej r\u00f3\u017cy 115 mg standaryzowany na 70 % witaminy C 80 mg (100 %)*<br \/>cynk (cytrynian cynku) &#8211; 10 mg (100 %)*<br \/>witamina D (cholekalcyferol) &#8211; 25 ug\/1000 IU (500 %)*<br \/>BioPerine\u00ae &#8211; ekstrakt z owoc\u00f3w pieprzu czarnego 3 mg standaryzowany na 95 % piperyny 2,85 mg<\/p>\n<p>* referencyjne warto\u015bci spo\u017cycia<\/p>\n<p>OPIS <br \/>Suplement diety. <br \/>Rutyna Max to kompleks rutyny z pere\u0142kowca japo\u0144skiego, witaminy C pozyskanej z owoc\u00f3w dzikiej r\u00f3\u017cy, organicznej formy cynku oraz witaminy D i ekstraktu z pieprzu czarnego BioPerine\u00ae. <br \/>Witamina C, D oraz cynk pomagaj\u0105 w prawid\u0142owym funkcjonowaniu uk\u0142adu odporno\u015bciowego. Dodatkowo witamina C oraz cynk pomagaj\u0105 w ochronie kom\u00f3rek przed stresem oksydacyjnym, a witamina D pomaga w utrzymaniu zdrowych ko\u015bci. <br \/>Pieprz czarny wspiera trawienie i wch\u0142anianie sk\u0142adnik\u00f3w od\u017cywczych.<br \/>Produkt nie zawiera substancji wype\u0142niaj\u0105cych, przeciwzbrylaj\u0105cych, barwnik\u00f3w, laktozy i soi. Produkt odpowiedni dla wegetarian. Ze wzgl\u0119du na pochodzenie witaminy D nie jest polecany dla wegan. <\/p>\n<p>ZALECANE SPO\u017bYCIE I INNE UWAGI <br \/>Zalecana porcja produktu do spo\u017cycia w ci\u0105gu dnia niezb\u0119dna do uzyskania korzystnego dzia\u0142ania produktu: Spo\u017cywa\u0107 1 kapsu\u0142k\u0119 dziennie w trakcie posi\u0142ku. Popi\u0107 wod\u0105 (250 ml). Zalecana porcja dzienna to 1 kapsu\u0142ka.<br \/>Nie nale\u017cy przekracza\u0107 zalecanej porcji do spo\u017cycia w ci\u0105gu dnia. Nie stosowa\u0107 w przypadku uczulenia na kt\u00f3rykolwiek ze sk\u0142adnik\u00f3w. Produkt dla doros\u0142ych. Spo\u017cywania produktu nie zaleca si\u0119 kobietom w ci\u0105\u017cy i karmi\u0105cym piersi\u0105. <br \/>Nie stosowa\u0107 u os\u00f3b maj\u0105cych predyspozycje do tworzenia kamieni nerkowych lub choruj\u0105cych na kamic\u0119 nerkow\u0105. Ze wzgl\u0119du na obecno\u015b\u0107 witaminy D przed zastosowaniem suplementu diety wskazane jest wykonanie badania 25-(OH)D we krwi oraz konsultacja wyniku badania z lekarzem lub farmaceut\u0105. <br \/>Produkt nie mo\u017ce by\u0107 stosowany jako substytut zr\u00f3\u017cnicowanej diety. Wa\u017cne jest prowadzenie zdrowego trybu \u017cycia i zr\u00f3wnowa\u017conego sposobu \u017cywienia. <\/p>\n<p>ZALECANE WARUNKI PRZECHOWYWANIA <br \/>Chroni\u0107 przed \u015bwiat\u0142em. Przechowywa\u0107 w szczelnie zamkni\u0119tym opakowaniu, w temperaturze pokojowej, w suchym miejscu, w spos\u00f3b niedost\u0119pny dla ma\u0142ych dzieci.<\/p>","protected":false},"excerpt":{"rendered":"<p>SK\u0141ADNIKIekstrakt z kwiat\u00f3w pere\u0142kowca japo\u0144skiego standaryzowany na 95 % rutyny, ekstrakt z owoc\u00f3w dzikiej r\u00f3\u017cy standaryzowany na 70 % witaminy C, kapsu\u0142ka celulozowa Vcaps\u00ae: hydroksypropylometyloceluloza, cynk (cytrynian cynku), witamina D (cholekalcyferol), BioPerine\u00ae &#8211; ekstrakt z owoc\u00f3w pieprzu czarnego standaryzowany na 95 % piperyny. BioPerine\u00ae jest zastrze\u017conym znakiem towarowym firmy SABINSA. VCAPS\u00ae jest znakiem towarowym firmy [&hellip;]<\/p>","protected":false},"featured_media":7065,"comment_status":"closed","ping_status":"open","template":"","meta":{"_acf_changed":false},"product_brand":[],"product_cat":[1497,9057],"product_tag":[],"class_list":{"0":"post-7064","1":"product","2":"type-product","3":"status-publish","4":"has-post-thumbnail","6":"product_cat-kapsulki-tabletki","7":"product_cat-suplementy-diety","8":"pa_ean-matka-5580","9":"pa_gwarancja-przydatnosci-320","10":"pa_ilosc-w-opakowaniu-298","11":"pa_jednostka-podstawowa-szt","12":"pa_kod-cn-2106-90-92","13":"pa_masa-netto-2302","14":"pa_objetosc-brutto-4734","15":"pa_producent-pharmovit-suplementy-diety","16":"pa_producent-nazwa-adres-pharmmovit-dystrybucja-spolka-z-ograniczona-odpowiedzialnoscia-ul-kostrogaj-9d-09-400-plock","17":"pa_tagi-bez-cukru-w-skladnikach","18":"pa_tagi-bez-glutenu-deklaracja","19":"pa_tagi-bez-glutenu-w-skladnikach","20":"pa_tagi-wegetarianski","22":"first","23":"instock","24":"taxable","25":"shipping-taxable","26":"purchasable","27":"product-type-simple"},"acf":[],"_links":{"self":[{"href":"https:\/\/wiejskieprzysmaki.estima.site\/en\/wp-json\/wp\/v2\/product\/7064","targetHints":{"allow":["GET"]}}],"collection":[{"href":"https:\/\/wiejskieprzysmaki.estima.site\/en\/wp-json\/wp\/v2\/product"}],"about":[{"href":"https:\/\/wiejskieprzysmaki.estima.site\/en\/wp-json\/wp\/v2\/types\/product"}],"replies":[{"embeddable":true,"href":"https:\/\/wiejskieprzysmaki.estima.site\/en\/wp-json\/wp\/v2\/comments?post=7064"}],"wp:featuredmedia":[{"embeddable":true,"href":"https:\/\/wiejskieprzysmaki.estima.site\/en\/wp-json\/wp\/v2\/media\/7065"}],"wp:attachment":[{"href":"https:\/\/wiejskieprzysmaki.estima.site\/en\/wp-json\/wp\/v2\/media?parent=7064"}],"wp:term":[{"taxonomy":"product_brand","embeddable":true,"href":"https:\/\/wiejskieprzysmaki.estima.site\/en\/wp-json\/wp\/v2\/product_brand?post=7064"},{"taxonomy":"product_cat","embeddable":true,"href":"https:\/\/wiejskieprzysmaki.estima.site\/en\/wp-json\/wp\/v2\/product_cat?post=7064"},{"taxonomy":"product_tag","embeddable":true,"href":"https:\/\/wiejskieprzysmaki.estima.site\/en\/wp-json\/wp\/v2\/product_tag?post=7064"}],"curies":[{"name":"wp","href":"https:\/\/api.w.org\/{rel}","templated":true}]}}