{"id":7094,"date":"2025-02-18T11:22:26","date_gmt":"2025-02-18T10:22:26","guid":{"rendered":"https:\/\/wiejskieprzysmaki.estima.site\/produkt\/platki-kukurydziane-w-miodzie-bio-300-g-biominki\/"},"modified":"2025-02-18T11:22:33","modified_gmt":"2025-02-18T10:22:33","slug":"platki-kukurydziane-w-miodzie-bio-300-g-biominki","status":"publish","type":"product","link":"https:\/\/wiejskieprzysmaki.estima.site\/en\/product\/platki-kukurydziane-w-miodzie-bio-300-g-biominki\/","title":{"rendered":"P\u0141ATKI KUKURYDZIANE W MIODZIE BIO 300 g &#8211; BIOMINKI"},"content":{"rendered":"<p>SK\u0141ADNIKI<br \/>p\u0142atki kukurydziane* 83 % (kaszka kukurydziana*, s\u00f3l, ekstrakt s\u0142odowy z J\u0118CZMIENIA*), cukier*, mi\u00f3d* 3,7 % (*certyfikowany sk\u0142adnik ekologiczny).<\/p>\n<p>WARTO\u015a\u0106 OD\u017bYWCZA W 100 g<br \/>Warto\u015b\u0107 energetyczna \t1634 kJ\/385 kcal<br \/>T\u0142uszcz \t0,9 g<br \/>w tym kwasy t\u0142uszczowe nasycone \t0,3 g<br \/>W\u0119glowodany \t87 g<br \/>w tym cukry \t16 g<br \/>B\u0142onnik \t2,9 g<br \/>Bia\u0142ko \t5,8 g<br \/>S\u00f3l \t0,8 g<\/p>\n<p>INFORMACJA ALERGENNA<br \/>Produkt mo\u017ce zawiera\u0107: ORZESZKI ZIEMNE, ORZECHY, NASIONA SEZAMU, SOJ\u0118.<\/p>\n<p>ZALECANE WARUNKI PRZECHOWYWANIA<br \/>Przechowywa\u0107 w suchym i ch\u0142odnym miejscu.<\/p>","protected":false},"excerpt":{"rendered":"<p>SK\u0141ADNIKIp\u0142atki kukurydziane* 83 % (kaszka kukurydziana*, s\u00f3l, ekstrakt s\u0142odowy z J\u0118CZMIENIA*), cukier*, mi\u00f3d* 3,7 % (*certyfikowany sk\u0142adnik ekologiczny). WARTO\u015a\u0106 OD\u017bYWCZA W 100 gWarto\u015b\u0107 energetyczna 1634 kJ\/385 kcalT\u0142uszcz 0,9 gw tym kwasy t\u0142uszczowe nasycone 0,3 gW\u0119glowodany 87 gw tym cukry 16 gB\u0142onnik 2,9 gBia\u0142ko 5,8 gS\u00f3l 0,8 g INFORMACJA ALERGENNAProdukt mo\u017ce zawiera\u0107: ORZESZKI ZIEMNE, ORZECHY, NASIONA [&hellip;]<\/p>","protected":false},"featured_media":7095,"comment_status":"closed","ping_status":"open","template":"","meta":{"_acf_changed":false},"product_brand":[],"product_cat":[941,265],"product_tag":[],"class_list":{"0":"post-7094","1":"product","2":"type-product","3":"status-publish","4":"has-post-thumbnail","6":"product_cat-kulki-poduszki-platki-na-slodko","7":"product_cat-sniadaniowe","8":"pa_ean-matka-5602","9":"pa_ilosc-w-opakowaniu-298","10":"pa_jednostka-podstawowa-szt","11":"pa_kod-cn-1904-10-10","12":"pa_kraj-pochodzenia-skladnikow-rolnictwo-ue","13":"pa_masa-netto-207","14":"pa_objetosc-brutto-513","15":"pa_producent-biominki-przekaski-dla-dzieci-kaszki","16":"pa_producent-nazwa-adres-bio-planet-s-a-wilkowa-wies-7-05-084-leszno","17":"pa_tagi-certyfikat-bio","18":"pa_tagi-wegetarianski","20":"first","21":"instock","22":"taxable","23":"shipping-taxable","24":"purchasable","25":"product-type-simple"},"acf":[],"_links":{"self":[{"href":"https:\/\/wiejskieprzysmaki.estima.site\/en\/wp-json\/wp\/v2\/product\/7094","targetHints":{"allow":["GET"]}}],"collection":[{"href":"https:\/\/wiejskieprzysmaki.estima.site\/en\/wp-json\/wp\/v2\/product"}],"about":[{"href":"https:\/\/wiejskieprzysmaki.estima.site\/en\/wp-json\/wp\/v2\/types\/product"}],"replies":[{"embeddable":true,"href":"https:\/\/wiejskieprzysmaki.estima.site\/en\/wp-json\/wp\/v2\/comments?post=7094"}],"wp:featuredmedia":[{"embeddable":true,"href":"https:\/\/wiejskieprzysmaki.estima.site\/en\/wp-json\/wp\/v2\/media\/7095"}],"wp:attachment":[{"href":"https:\/\/wiejskieprzysmaki.estima.site\/en\/wp-json\/wp\/v2\/media?parent=7094"}],"wp:term":[{"taxonomy":"product_brand","embeddable":true,"href":"https:\/\/wiejskieprzysmaki.estima.site\/en\/wp-json\/wp\/v2\/product_brand?post=7094"},{"taxonomy":"product_cat","embeddable":true,"href":"https:\/\/wiejskieprzysmaki.estima.site\/en\/wp-json\/wp\/v2\/product_cat?post=7094"},{"taxonomy":"product_tag","embeddable":true,"href":"https:\/\/wiejskieprzysmaki.estima.site\/en\/wp-json\/wp\/v2\/product_tag?post=7094"}],"curies":[{"name":"wp","href":"https:\/\/api.w.org\/{rel}","templated":true}]}}