{"id":7114,"date":"2025-02-18T11:22:26","date_gmt":"2025-02-18T10:22:26","guid":{"rendered":"https:\/\/wiejskieprzysmaki.estima.site\/produkt\/probiotyk-z-ashwagandha-bezglutenowy-bio-500-ml-joy-day\/"},"modified":"2025-02-20T15:13:27","modified_gmt":"2025-02-20T14:13:27","slug":"probiotyk-z-ashwagandha-bezglutenowy-bio-500-ml-joy-day","status":"publish","type":"product","link":"https:\/\/wiejskieprzysmaki.estima.site\/en\/product\/probiotyk-z-ashwagandha-bezglutenowy-bio-500-ml-joy-day\/","title":{"rendered":"PROBIOTYK Z ASHWAGANDH\u0104 BEZGLUTENOWY BIO 500 ml &#8211; JOY DAY"},"content":{"rendered":"<p>SK\u0141ADNIKI  <br \/>zestaw \u017cywych i aktywnych szczep\u00f3w bakterii probiotycznych w formie p\u0142ynnej* (min. 4&#215;10^7 jtk\/ml) [w tym Lactobacillus rhamnosus GG, L. rhamnosus LR 04, L. rhamnosus LR 05, L. acidophilus LA 1, L. delbrueckii ssp. bulgaricus LB 2, L. casei 101\/37, L. plantarum LP 02, L. plantarum LP 01, L. fermentum LF2, Bifidobacterium breve BL 10, B. breve Bbr 8, B. longum BL 03, B. animalis ssp. lactis Bi 1, Streptococcus thermophilus Z 57, S. thermophilus 9 Y, ekstrakt z fermentowanych korzeni ashwagandhy* (40 %). (* certyfikowany sk\u0142adnik ekologiczny)<\/p>\n<p>OPIS<br \/>Suplement diety. Charakteryzuje si\u0119 \u015bwie\u017cym aromatem i naturalnym, orze\u017awiaj\u0105cym smakiem. Produkt nieklarowany, niepasteryzowany. <br \/>\u017bywe i aktywne szczepy bakterii probiotycznych stanowi\u0105 uzupe\u0142nienie mikrobioty jelitowej cz\u0142owieka i pozytywnie wp\u0142ywaj\u0105 na jej r\u00f3wnowag\u0119 mikrobiologiczn\u0105.  <br \/>Z uwagi na ekstrakt z korzeni ashwagandhy polecamy szczeg\u00f3lnie osobom, kt\u00f3re chc\u0105 zadba\u0107 o uk\u0142ad nerwowy i zredukowa\u0107 stres.<br \/>Opakowanie 500 ml zawiera 50 porcji produktu.<\/p>\n<p>ZALECANE SPO\u017bYCIE I INNE UWAGI<br \/>Doro\u015bli: 10-15 ml (2-3 \u0142y\u017ceczki) 3 razy dziennie, rozcie\u0144czone w ok. 100 ml wody lub innego napoju. Przed otwarciem butelki, zawarto\u015b\u0107 zdecydowanie wymiesza\u0107.<br \/>Nie nale\u017cy przekracza\u0107 zalecanej porcji do spo\u017cycia w ci\u0105gu dnia. <br \/>Produkt nie powinien by\u0107 spo\u017cywany w przypadku stosowania lek\u00f3w o dzia\u0142aniu nasennym, uspokajaj\u0105cym, przeciwpadaczkowym, nie stosowa\u0107 u dzieci, kobiet w ci\u0105\u017cy i w trakcie laktacji.<br \/>Utrzymanie prawid\u0142owego stanu zdrowia wymaga zr\u00f3wnowa\u017conego od\u017cywiania i prowadzenia zdrowego stylu \u017cycia. Produkt nie mo\u017ce by\u0107 stosowany jako substytut zr\u00f3\u017cnicowanej diety. <br \/>Barwa i smak suplementu mog\u0105 r\u00f3\u017cni\u0107 si\u0119 w zale\u017cno\u015bci od u\u017cytej odmiany sk\u0142adnika ro\u015blinnego. <br \/>Kwasowo\u015b\u0107, osad na dnie butelki oraz gazy i bia\u0142y nalot na powierzchni s\u0105 naturalnym efektem procesu kiszenia.<\/p>\n<p>ZALECANE WARUNKI PRZECHOWYWANIA<br \/>Przechowywa\u0107 w miejscu ch\u0142odnym i przyciemnionym, w spos\u00f3b niedost\u0119pny dla ma\u0142ych dzieci. Po otwarciu spo\u017cy\u0107 w ci\u0105gu 30 dni.<\/p>","protected":false},"excerpt":{"rendered":"<p>SK\u0141ADNIKI zestaw \u017cywych i aktywnych szczep\u00f3w bakterii probiotycznych w formie p\u0142ynnej* (min. 4&#215;10^7 jtk\/ml) [w tym Lactobacillus rhamnosus GG, L. rhamnosus LR 04, L. rhamnosus LR 05, L. acidophilus LA 1, L. delbrueckii ssp. bulgaricus LB 2, L. casei 101\/37, L. plantarum LP 02, L. plantarum LP 01, L. fermentum LF2, Bifidobacterium breve BL 10, [&hellip;]<\/p>","protected":false},"featured_media":7115,"comment_status":"closed","ping_status":"open","template":"","meta":{"_acf_changed":false},"product_brand":[],"product_cat":[3711,9057],"product_tag":[],"class_list":{"0":"post-7114","1":"product","2":"type-product","3":"status-publish","4":"has-post-thumbnail","6":"product_cat-produkty-w-plynie","7":"product_cat-suplementy-diety","8":"pa_ean-matka-5616","9":"pa_gwarancja-przydatnosci-324","10":"pa_ilosc-w-opakowaniu-298","11":"pa_jednostka-podstawowa-szt","12":"pa_kod-cn-2106-90-98","13":"pa_objetosc-brutto-5615","14":"pa_objetosc-netto-376","15":"pa_producent-joy-day-napoje-probiotyczne","16":"pa_producent-nazwa-adres-living-food-sp-z-o-o-graniczna-15-66-320-trzciel","17":"pa_tagi-bez-cukru-w-skladnikach","18":"pa_tagi-bez-glutenu-deklaracja","19":"pa_tagi-bez-glutenu-w-skladnikach","20":"pa_tagi-certyfikat-bio","21":"pa_tagi-weganski","22":"pa_tagi-wegetarianski","24":"first","25":"instock","26":"taxable","27":"shipping-taxable","28":"purchasable","29":"product-type-simple"},"acf":[],"_links":{"self":[{"href":"https:\/\/wiejskieprzysmaki.estima.site\/en\/wp-json\/wp\/v2\/product\/7114","targetHints":{"allow":["GET"]}}],"collection":[{"href":"https:\/\/wiejskieprzysmaki.estima.site\/en\/wp-json\/wp\/v2\/product"}],"about":[{"href":"https:\/\/wiejskieprzysmaki.estima.site\/en\/wp-json\/wp\/v2\/types\/product"}],"replies":[{"embeddable":true,"href":"https:\/\/wiejskieprzysmaki.estima.site\/en\/wp-json\/wp\/v2\/comments?post=7114"}],"wp:featuredmedia":[{"embeddable":true,"href":"https:\/\/wiejskieprzysmaki.estima.site\/en\/wp-json\/wp\/v2\/media\/7115"}],"wp:attachment":[{"href":"https:\/\/wiejskieprzysmaki.estima.site\/en\/wp-json\/wp\/v2\/media?parent=7114"}],"wp:term":[{"taxonomy":"product_brand","embeddable":true,"href":"https:\/\/wiejskieprzysmaki.estima.site\/en\/wp-json\/wp\/v2\/product_brand?post=7114"},{"taxonomy":"product_cat","embeddable":true,"href":"https:\/\/wiejskieprzysmaki.estima.site\/en\/wp-json\/wp\/v2\/product_cat?post=7114"},{"taxonomy":"product_tag","embeddable":true,"href":"https:\/\/wiejskieprzysmaki.estima.site\/en\/wp-json\/wp\/v2\/product_tag?post=7114"}],"curies":[{"name":"wp","href":"https:\/\/api.w.org\/{rel}","templated":true}]}}