{"id":7116,"date":"2025-02-18T11:22:26","date_gmt":"2025-02-18T10:22:26","guid":{"rendered":"https:\/\/wiejskieprzysmaki.estima.site\/produkt\/berberyna-morwa-biala-ekstrakt-60-kapsulek-soul-farm\/"},"modified":"2025-02-20T15:13:27","modified_gmt":"2025-02-20T14:13:27","slug":"berberyna-morwa-biala-ekstrakt-60-kapsulek-soul-farm","status":"publish","type":"product","link":"https:\/\/wiejskieprzysmaki.estima.site\/en\/product\/berberyna-morwa-biala-ekstrakt-60-kapsulek-soul-farm\/","title":{"rendered":"BERBERYNA + MORWA BIA\u0141A EKSTRAKT 60 KAPSU\u0141EK &#8211; SOUL FARM"},"content":{"rendered":"<p>SK\u0141ADNIKI<br \/>ekstrakt z korzenia berberysu (Berberis aristata) standaryzowany na berberyn\u0119, ekstrakt z owoc\u00f3w morwy bia\u0142ej (Morus alba) standaryzowany na zawarto\u015b\u0107 DNJ (1-deoxynojirimycyna) i flawonoid\u00f3w, kapsu\u0142ka: pullulan.<\/p>\n<p>Zalecana dzienna porcja 2 kapsu\u0142ki zawieraj\u0105<br \/>ekstrakt z korzenia berberysu (Berberis aristata) DER 35:1 &#8211; 600 mg<br \/>w tym berberyna &#8211; 588 mg<br \/>ekstrakt z owoc\u00f3w morwy bia\u0142ej (Morus alba) DER 30:1 &#8211; 600 mg<br \/>w tym DNJ (1-deoxynojirimycyna) &#8211; 3 mg<br \/>flawonoidy &#8211; 30 mg<\/p>\n<p>OPIS <br \/>Suplement diety. <\/p>\n<p>ZALECANE SPO\u017bYCIE I INNE UWAGI<br \/>2 kapsu\u0142ki dziennie, obficie popijaj\u0105c wod\u0105.<br \/>Nie nale\u017cy przekracza\u0107 zalecanej porcji do spo\u017cycia w ci\u0105gu dnia.<br \/>Suplementy diety nie mog\u0105 by\u0107 stosowane jako substytut (zamiennik) zr\u00f3\u017cnicowanej diety. <br \/>Wa\u017cne jest prowadzenie zdrowego trybu \u017cycia i zr\u00f3wnowa\u017conego sposobu \u017cywienia. <br \/>Stosowanie suplementu diety w okresie ci\u0105\u017cy lub w okresie karmienia piersi\u0105 nale\u017cy skonsultowa\u0107 z lekarzem. Nie nale\u017cy stosowa\u0107 u dzieci i m\u0142odzie\u017cy poni\u017cej 18 roku \u017cycia.<\/p>\n<p>ZALECANE WARUNKI PRZECHOWYWANIA<br \/>Przechowywa\u0107 w suchym i zacienionym miejscu w temperaturze pokojowej.<br \/>Suplementy diety powinny by\u0107 przechowywane w spos\u00f3b niedost\u0119pny dla ma\u0142ych dzieci.<\/p>","protected":false},"excerpt":{"rendered":"<p>SK\u0141ADNIKIekstrakt z korzenia berberysu (Berberis aristata) standaryzowany na berberyn\u0119, ekstrakt z owoc\u00f3w morwy bia\u0142ej (Morus alba) standaryzowany na zawarto\u015b\u0107 DNJ (1-deoxynojirimycyna) i flawonoid\u00f3w, kapsu\u0142ka: pullulan. Zalecana dzienna porcja 2 kapsu\u0142ki zawieraj\u0105ekstrakt z korzenia berberysu (Berberis aristata) DER 35:1 &#8211; 600 mgw tym berberyna &#8211; 588 mgekstrakt z owoc\u00f3w morwy bia\u0142ej (Morus alba) DER 30:1 &#8211; [&hellip;]<\/p>","protected":false},"featured_media":7117,"comment_status":"closed","ping_status":"open","template":"","meta":{"_acf_changed":false},"product_brand":[],"product_cat":[1497,9057],"product_tag":[],"class_list":{"0":"post-7116","1":"product","2":"type-product","3":"status-publish","4":"has-post-thumbnail","6":"product_cat-kapsulki-tabletki","7":"product_cat-suplementy-diety","8":"pa_ean-matka-5617","9":"pa_gwarancja-przydatnosci-311","10":"pa_ilosc-w-opakowaniu-298","11":"pa_jednostka-podstawowa-szt","12":"pa_kod-cn-2106-90-92","13":"pa_masa-netto-2529","14":"pa_objetosc-brutto-4578","15":"pa_producent-soul-farm-witaminy-i-ekstrakty","16":"pa_producent-nazwa-adres-soul-farm-maciej-foszcz-43-300-bielsko-biala-ul-pilsudskiego-27","17":"pa_tagi-bez-cukru-w-skladnikach","18":"pa_tagi-bez-glutenu-w-skladnikach","19":"pa_tagi-weganski","20":"pa_tagi-wegetarianski","22":"first","23":"instock","24":"taxable","25":"shipping-taxable","26":"purchasable","27":"product-type-simple"},"acf":[],"_links":{"self":[{"href":"https:\/\/wiejskieprzysmaki.estima.site\/en\/wp-json\/wp\/v2\/product\/7116","targetHints":{"allow":["GET"]}}],"collection":[{"href":"https:\/\/wiejskieprzysmaki.estima.site\/en\/wp-json\/wp\/v2\/product"}],"about":[{"href":"https:\/\/wiejskieprzysmaki.estima.site\/en\/wp-json\/wp\/v2\/types\/product"}],"replies":[{"embeddable":true,"href":"https:\/\/wiejskieprzysmaki.estima.site\/en\/wp-json\/wp\/v2\/comments?post=7116"}],"wp:featuredmedia":[{"embeddable":true,"href":"https:\/\/wiejskieprzysmaki.estima.site\/en\/wp-json\/wp\/v2\/media\/7117"}],"wp:attachment":[{"href":"https:\/\/wiejskieprzysmaki.estima.site\/en\/wp-json\/wp\/v2\/media?parent=7116"}],"wp:term":[{"taxonomy":"product_brand","embeddable":true,"href":"https:\/\/wiejskieprzysmaki.estima.site\/en\/wp-json\/wp\/v2\/product_brand?post=7116"},{"taxonomy":"product_cat","embeddable":true,"href":"https:\/\/wiejskieprzysmaki.estima.site\/en\/wp-json\/wp\/v2\/product_cat?post=7116"},{"taxonomy":"product_tag","embeddable":true,"href":"https:\/\/wiejskieprzysmaki.estima.site\/en\/wp-json\/wp\/v2\/product_tag?post=7116"}],"curies":[{"name":"wp","href":"https:\/\/api.w.org\/{rel}","templated":true}]}}