{"id":7126,"date":"2025-02-18T11:22:43","date_gmt":"2025-02-18T10:22:43","guid":{"rendered":"https:\/\/wiejskieprzysmaki.estima.site\/produkt\/sok-ananasowy-nfc-750-ml-rabenhorst\/"},"modified":"2025-02-18T11:22:45","modified_gmt":"2025-02-18T10:22:45","slug":"sok-ananasowy-nfc-750-ml-rabenhorst","status":"publish","type":"product","link":"https:\/\/wiejskieprzysmaki.estima.site\/en\/product\/sok-ananasowy-nfc-750-ml-rabenhorst\/","title":{"rendered":"SOK ANANASOWY NFC 750 ml &#8211; RABENHORST"},"content":{"rendered":"<p>SK\u0141ADNIKI<br \/>bezpo\u015bredni sok ananasowy<\/p>\n<p>OPIS<br \/>Sok bezpo\u015brednio t\u0142oczony NFC (nie z koncentratu) z ananasa.<br \/>Stworzony z naturalnych, starannie wyselekcjonowanych owoc\u00f3w. S\u0142odki sok, kt\u00f3rego smak i aromat przenios\u0105 Ci\u0119 w egzotyczne, gor\u0105ce kraje.<br \/>Korzystaj\u0105c z tego produktu masz pewno\u015b\u0107, \u017ce dostarczasz sobie i najbli\u017cszym Ci osobom nie tylko warto\u015bciowych sk\u0142adnik\u00f3w od\u017cywczych, ale tak\u017ce pe\u0142nych prawdziwych i naturalnych smak\u00f3w natury.<br \/>Szklanka soku owocowego (200 ml) mo\u017ce zast\u0105pi\u0107 jedn\u0105 z dziennych porcji owoc\u00f3w.<br \/>Przed spo\u017cyciem wstrz\u0105sn\u0105\u0107.<\/p>\n<p>WARTO\u015a\u0106 OD\u017bYWCZA W 100 ml<br \/>Warto\u015b\u0107 energetyczna: 214 kJ \/ 50 kcal <br \/>T\u0142uszcz: &lt;0,5 g <br \/>w tym kwasy t\u0142uszczowe nasycone: &lt;0,1 g<br \/>W\u0119glowodany: 12 g <br \/>w tym cukry: 12 g <br \/>B\u0142onnik: &lt;0,5 g<br \/>Bia\u0142ko: &lt;0,5 g<br \/>S\u00f3l: &lt;0,01 g<\/p>\n<p>ZALECANE WARUNKI PRZECHOWYWANIA<br \/>Po otwarciu przechowywa\u0107 w lod\u00f3wce i spo\u017cy\u0107 w ci\u0105gu 5 dni.<\/p>","protected":false},"excerpt":{"rendered":"<p>SK\u0141ADNIKIbezpo\u015bredni sok ananasowy OPISSok bezpo\u015brednio t\u0142oczony NFC (nie z koncentratu) z ananasa.Stworzony z naturalnych, starannie wyselekcjonowanych owoc\u00f3w. S\u0142odki sok, kt\u00f3rego smak i aromat przenios\u0105 Ci\u0119 w egzotyczne, gor\u0105ce kraje.Korzystaj\u0105c z tego produktu masz pewno\u015b\u0107, \u017ce dostarczasz sobie i najbli\u017cszym Ci osobom nie tylko warto\u015bciowych sk\u0142adnik\u00f3w od\u017cywczych, ale tak\u017ce pe\u0142nych prawdziwych i naturalnych smak\u00f3w natury.Szklanka soku [&hellip;]<\/p>","protected":false},"featured_media":7127,"comment_status":"closed","ping_status":"open","template":"","meta":{"_acf_changed":false},"product_brand":[],"product_cat":[134,410],"product_tag":[],"class_list":{"0":"post-7126","1":"product","2":"type-product","3":"status-publish","4":"has-post-thumbnail","6":"product_cat-napoje","7":"product_cat-soki-owocowe-soki-owocowe-z-dodatkami","8":"pa_ean-matka-5627","9":"pa_gwarancja-przydatnosci-320","10":"pa_ilosc-w-opakowaniu-298","11":"pa_jednostka-podstawowa-szt","12":"pa_kod-cn-2009-41-99","13":"pa_kraj-pochodzenia-skladnikow-turcja","14":"pa_objetosc-brutto-3868","15":"pa_objetosc-netto-450","16":"pa_producent-rabenhorst-soki-napoje","17":"pa_producent-nazwa-adres-haus-rabenhorst-o-lauffs-gmbh-co-kg-rabenhorststrabe-1-53572-unkel","18":"pa_tagi-bez-cukru-w-skladnikach","19":"pa_tagi-bez-glutenu-w-skladnikach","20":"pa_tagi-weganski","21":"pa_tagi-wegetarianski","23":"first","24":"instock","25":"taxable","26":"shipping-taxable","27":"purchasable","28":"product-type-simple"},"acf":[],"_links":{"self":[{"href":"https:\/\/wiejskieprzysmaki.estima.site\/en\/wp-json\/wp\/v2\/product\/7126","targetHints":{"allow":["GET"]}}],"collection":[{"href":"https:\/\/wiejskieprzysmaki.estima.site\/en\/wp-json\/wp\/v2\/product"}],"about":[{"href":"https:\/\/wiejskieprzysmaki.estima.site\/en\/wp-json\/wp\/v2\/types\/product"}],"replies":[{"embeddable":true,"href":"https:\/\/wiejskieprzysmaki.estima.site\/en\/wp-json\/wp\/v2\/comments?post=7126"}],"wp:featuredmedia":[{"embeddable":true,"href":"https:\/\/wiejskieprzysmaki.estima.site\/en\/wp-json\/wp\/v2\/media\/7127"}],"wp:attachment":[{"href":"https:\/\/wiejskieprzysmaki.estima.site\/en\/wp-json\/wp\/v2\/media?parent=7126"}],"wp:term":[{"taxonomy":"product_brand","embeddable":true,"href":"https:\/\/wiejskieprzysmaki.estima.site\/en\/wp-json\/wp\/v2\/product_brand?post=7126"},{"taxonomy":"product_cat","embeddable":true,"href":"https:\/\/wiejskieprzysmaki.estima.site\/en\/wp-json\/wp\/v2\/product_cat?post=7126"},{"taxonomy":"product_tag","embeddable":true,"href":"https:\/\/wiejskieprzysmaki.estima.site\/en\/wp-json\/wp\/v2\/product_tag?post=7126"}],"curies":[{"name":"wp","href":"https:\/\/api.w.org\/{rel}","templated":true}]}}