{"id":7167,"date":"2025-02-18T11:22:56","date_gmt":"2025-02-18T10:22:56","guid":{"rendered":"https:\/\/wiejskieprzysmaki.estima.site\/produkt\/chlorella-spirulina-bio-500-tabletek-batom\/"},"modified":"2025-02-20T15:12:08","modified_gmt":"2025-02-20T14:12:08","slug":"chlorella-spirulina-bio-500-tabletek-batom","status":"publish","type":"product","link":"https:\/\/wiejskieprzysmaki.estima.site\/en\/product\/chlorella-spirulina-bio-500-tabletek-batom\/","title":{"rendered":"CHLORELLA + SPIRULINA BIO 500 TABLETEK &#8211; BATOM"},"content":{"rendered":"<p>SK\u0141ADNIKI<br \/>algi Chlorella vulgaris* 50 %, algi Spirulina platensis* 50 %. (*certyfikowany sk\u0142adnik ekologiczny)<br \/>Sk\u0142adniki z zalecanej dziennej porcji (1 tabletka): 250 mg chlorella, 250 mg spirulina.<\/p>\n<p>OPIS<br \/>Suplement diety. <\/p>\n<p>ZALECANE SPO\u017bYCIE I INNE UWAGI<br \/>8 tabletek dziennie, popijaj\u0105c du\u017c\u0105 ilo\u015bci\u0105 wody. Najlepiej spo\u017cy\u0107 p\u00f3\u0142 godziny przed posi\u0142kiem.  <br \/>Nie nale\u017cy przekracza\u0107 zalecanej porcji do spo\u017cycia w ci\u0105gu dnia. Suplement diety nie mo\u017ce by\u0107 stosowany jako substytut (zamiennik) zr\u00f3\u017cnicowanej diety.<\/p>\n<p>ZALECANE WARUNKI PRZECHOWYWANIA<br \/>Przechowywac w suchym i ch\u0142odnym miejscu, w spos\u00f3b niedost\u0119pny dla ma\u0142ych dzieci.<\/p>","protected":false},"excerpt":{"rendered":"<p>SK\u0141ADNIKIalgi Chlorella vulgaris* 50 %, algi Spirulina platensis* 50 %. (*certyfikowany sk\u0142adnik ekologiczny)Sk\u0142adniki z zalecanej dziennej porcji (1 tabletka): 250 mg chlorella, 250 mg spirulina. OPISSuplement diety. ZALECANE SPO\u017bYCIE I INNE UWAGI8 tabletek dziennie, popijaj\u0105c du\u017c\u0105 ilo\u015bci\u0105 wody. Najlepiej spo\u017cy\u0107 p\u00f3\u0142 godziny przed posi\u0142kiem. Nie nale\u017cy przekracza\u0107 zalecanej porcji do spo\u017cycia w ci\u0105gu dnia. Suplement [&hellip;]<\/p>","protected":false},"featured_media":7168,"comment_status":"closed","ping_status":"open","template":"","meta":{"_acf_changed":false},"product_brand":[],"product_cat":[1497,9057],"product_tag":[],"class_list":{"0":"post-7167","1":"product","2":"type-product","3":"status-publish","4":"has-post-thumbnail","6":"product_cat-kapsulki-tabletki","7":"product_cat-suplementy-diety","8":"pa_ean-matka-5655","9":"pa_gwarancja-przydatnosci-311","10":"pa_ilosc-w-opakowaniu-331","11":"pa_jednostka-podstawowa-szt","12":"pa_kod-cn-2102-20-90","13":"pa_kraj-pochodzenia-skladnikow-chiny","14":"pa_masa-netto-480","15":"pa_objetosc-brutto-1758","16":"pa_producent-batom-oleje-soki-sole-kapielowe","17":"pa_producent-nazwa-adres-batom-pl-jozef-lesniak-hurtownia-zdrowej-zywnosci-generala-augusta-fieldorfa-nila-17-31-209-krakow","18":"pa_tagi-bez-cukru-w-skladnikach","19":"pa_tagi-bez-glutenu-w-skladnikach","20":"pa_tagi-certyfikat-bio","21":"pa_tagi-weganski","22":"pa_tagi-wegetarianski","24":"first","25":"instock","26":"taxable","27":"shipping-taxable","28":"purchasable","29":"product-type-simple"},"acf":[],"_links":{"self":[{"href":"https:\/\/wiejskieprzysmaki.estima.site\/en\/wp-json\/wp\/v2\/product\/7167","targetHints":{"allow":["GET"]}}],"collection":[{"href":"https:\/\/wiejskieprzysmaki.estima.site\/en\/wp-json\/wp\/v2\/product"}],"about":[{"href":"https:\/\/wiejskieprzysmaki.estima.site\/en\/wp-json\/wp\/v2\/types\/product"}],"replies":[{"embeddable":true,"href":"https:\/\/wiejskieprzysmaki.estima.site\/en\/wp-json\/wp\/v2\/comments?post=7167"}],"wp:featuredmedia":[{"embeddable":true,"href":"https:\/\/wiejskieprzysmaki.estima.site\/en\/wp-json\/wp\/v2\/media\/7168"}],"wp:attachment":[{"href":"https:\/\/wiejskieprzysmaki.estima.site\/en\/wp-json\/wp\/v2\/media?parent=7167"}],"wp:term":[{"taxonomy":"product_brand","embeddable":true,"href":"https:\/\/wiejskieprzysmaki.estima.site\/en\/wp-json\/wp\/v2\/product_brand?post=7167"},{"taxonomy":"product_cat","embeddable":true,"href":"https:\/\/wiejskieprzysmaki.estima.site\/en\/wp-json\/wp\/v2\/product_cat?post=7167"},{"taxonomy":"product_tag","embeddable":true,"href":"https:\/\/wiejskieprzysmaki.estima.site\/en\/wp-json\/wp\/v2\/product_tag?post=7167"}],"curies":[{"name":"wp","href":"https:\/\/api.w.org\/{rel}","templated":true}]}}