{"id":7187,"date":"2025-02-18T11:22:56","date_gmt":"2025-02-18T10:22:56","guid":{"rendered":"https:\/\/wiejskieprzysmaki.estima.site\/produkt\/syrop-z-czarnego-bzu-250-ml-polska-roza\/"},"modified":"2025-02-18T11:23:26","modified_gmt":"2025-02-18T10:23:26","slug":"syrop-z-czarnego-bzu-250-ml-polska-roza","status":"publish","type":"product","link":"https:\/\/wiejskieprzysmaki.estima.site\/en\/product\/syrop-z-czarnego-bzu-250-ml-polska-roza\/","title":{"rendered":"SYROP Z CZARNEGO BZU 250 ml &#8211; POLSKA R\u00d3\u017bA"},"content":{"rendered":"<p>SK\u0141ADNIKI <br \/>sok z owoc\u00f3w czarnego bzu 53 %, cukier.<\/p>\n<p>OPIS  <br \/>Oferujemy Ci naturalny syrop z owoc\u00f3w czarnego bzu, kt\u00f3ry uzyskali\u015bmy tradycyjn\u0105 metod\u0105. Jego receptura to przede wszystkim sok NFC (nie z koncentratu), bezpo\u015brednio t\u0142oczony z owoc\u00f3w na tradycyjnej prasie. Nasz syrop wyr\u00f3\u017cnia wysoka zawarto\u015b\u0107 soku, dzi\u0119ki czemu ma on intensywn\u0105 barw\u0119 oraz mocny, owocowy smak. Nie znajdziesz w nim sztucznych dodatk\u00f3w, takich jak konserwanty i barwniki. Zachwy\u0107 swoich go\u015bci i podaj desery i napoje zaprawione s\u0142odycz\u0105 czarnego bzu! Szczeg\u00f3lnie polecamy ten syrop do herbaty, rozja\u015bni on d\u0142ugie, jesienne wieczory. Produkt pasteryzowany. <\/p>\n<p>Do czego u\u017cywa\u0107 syropu z owoc\u00f3w czarnego bzu?<br \/>We\u017a odrobin\u0119 naszego syropu z czarnego bzu i dolej do niego gor\u0105c\u0105 lub zimn\u0105 wod\u0119. W ten spos\u00f3b przyrz\u0105dzisz s\u0142odki nap\u00f3j \u2013 rozgrzewaj\u0105cy lub ch\u0142odz\u0105cy.<br \/>Lemoniad\u0119 o smaku czarnego bzu \u0142atwo otrzymasz, gdy dodasz troch\u0119 naszego produktu do wody gazowanej! Proporcja z wod\u0105 1:8.<br \/>Polej syropem swoje ulubione ciasto, budy\u0144 albo lody, a deser zyska unikalny smak!<br \/>Koktajle owocowe to prawdziwy przysmak. Nasz syrop z owoc\u00f3w czarnego bzu b\u0119dzie tu znakomitym, smakowym dodatkiem.<\/p>\n<p>WARTO\u015a\u0106 OD\u017bYWCZA W 100 g <br \/>Warto\u015b\u0107 energetyczna: 721 kJ\/170 kcal  <br \/>T\u0142uszcz: 0 g  <br \/>w tym kwasy t\u0142uszczowe nasycone: 0 g  <br \/>W\u0119glowodany: 42 g  <br \/>w tym cukry: 41 g   <br \/>Bia\u0142ko: 0 g  <br \/>S\u00f3l: 0 g  <\/p>\n<p>UWAGI<br \/>Smak i kolor jest zale\u017cny od u\u017cytej partii owoc\u00f3w. Osad jest zjawiskiem naturalnym.<\/p>\n<p>ZALECANE WARUNKI PRZECHOWYWANIA  <br \/>Po otwarciu przechowywa\u0107 w lod\u00f3wce, spo\u017cy\u0107 w ci\u0105gu 21 dni.<\/p>","protected":false},"excerpt":{"rendered":"<p>SK\u0141ADNIKI sok z owoc\u00f3w czarnego bzu 53 %, cukier. OPIS Oferujemy Ci naturalny syrop z owoc\u00f3w czarnego bzu, kt\u00f3ry uzyskali\u015bmy tradycyjn\u0105 metod\u0105. Jego receptura to przede wszystkim sok NFC (nie z koncentratu), bezpo\u015brednio t\u0142oczony z owoc\u00f3w na tradycyjnej prasie. Nasz syrop wyr\u00f3\u017cnia wysoka zawarto\u015b\u0107 soku, dzi\u0119ki czemu ma on intensywn\u0105 barw\u0119 oraz mocny, owocowy smak. [&hellip;]<\/p>","protected":false},"featured_media":7188,"comment_status":"closed","ping_status":"open","template":"","meta":{"_acf_changed":false},"product_brand":[],"product_cat":[134,744],"product_tag":[],"class_list":{"0":"post-7187","1":"product","2":"type-product","3":"status-publish","4":"has-post-thumbnail","6":"product_cat-napoje","7":"product_cat-syropy-owocowe-i-inne","8":"pa_ean-matka-5668","9":"pa_gwarancja-przydatnosci-320","10":"pa_ilosc-w-opakowaniu-298","11":"pa_jednostka-podstawowa-szt","12":"pa_kod-cn-2009-89-79","13":"pa_kraj-pochodzenia-skladnikow-polska","14":"pa_objetosc-brutto-4972","15":"pa_objetosc-netto-359","16":"pa_producent-polska-roza-soki-owocowe-syropy-shoty","17":"pa_producent-nazwa-adres-polska-roza-ernest-michalski-sp-z-o-o-rozy-5-05-090-falenty-nowe","18":"pa_tagi-bez-glutenu-w-skladnikach","19":"pa_tagi-weganski","20":"pa_tagi-wegetarianski","22":"first","23":"instock","24":"taxable","25":"shipping-taxable","26":"purchasable","27":"product-type-simple"},"acf":[],"_links":{"self":[{"href":"https:\/\/wiejskieprzysmaki.estima.site\/en\/wp-json\/wp\/v2\/product\/7187","targetHints":{"allow":["GET"]}}],"collection":[{"href":"https:\/\/wiejskieprzysmaki.estima.site\/en\/wp-json\/wp\/v2\/product"}],"about":[{"href":"https:\/\/wiejskieprzysmaki.estima.site\/en\/wp-json\/wp\/v2\/types\/product"}],"replies":[{"embeddable":true,"href":"https:\/\/wiejskieprzysmaki.estima.site\/en\/wp-json\/wp\/v2\/comments?post=7187"}],"wp:featuredmedia":[{"embeddable":true,"href":"https:\/\/wiejskieprzysmaki.estima.site\/en\/wp-json\/wp\/v2\/media\/7188"}],"wp:attachment":[{"href":"https:\/\/wiejskieprzysmaki.estima.site\/en\/wp-json\/wp\/v2\/media?parent=7187"}],"wp:term":[{"taxonomy":"product_brand","embeddable":true,"href":"https:\/\/wiejskieprzysmaki.estima.site\/en\/wp-json\/wp\/v2\/product_brand?post=7187"},{"taxonomy":"product_cat","embeddable":true,"href":"https:\/\/wiejskieprzysmaki.estima.site\/en\/wp-json\/wp\/v2\/product_cat?post=7187"},{"taxonomy":"product_tag","embeddable":true,"href":"https:\/\/wiejskieprzysmaki.estima.site\/en\/wp-json\/wp\/v2\/product_tag?post=7187"}],"curies":[{"name":"wp","href":"https:\/\/api.w.org\/{rel}","templated":true}]}}