{"id":7189,"date":"2025-02-18T11:22:56","date_gmt":"2025-02-18T10:22:56","guid":{"rendered":"https:\/\/wiejskieprzysmaki.estima.site\/produkt\/syrop-kurkumowo-imbirowy-250-ml-polska-roza\/"},"modified":"2025-02-18T11:23:26","modified_gmt":"2025-02-18T10:23:26","slug":"syrop-kurkumowo-imbirowy-250-ml-polska-roza","status":"publish","type":"product","link":"https:\/\/wiejskieprzysmaki.estima.site\/en\/product\/syrop-kurkumowo-imbirowy-250-ml-polska-roza\/","title":{"rendered":"SYROP KURKUMOWO &#8211; IMBIROWY 250 ml &#8211; POLSKA R\u00d3\u017bA"},"content":{"rendered":"<p>SK\u0141ADNIKI <br \/>cukier, sok z k\u0142\u0105cza kurkumy 22 %, sok z k\u0142\u0105cza imbiru 19 %, sok z cytryny 10 %.<\/p>\n<p>OPIS  <br \/>Oferujemy Ci naturalny syrop z k\u0142\u0105czy kurkumy i imbiru, kt\u00f3ry uzyskali\u015bmy tradycyjn\u0105 metod\u0105. Nie znajdziesz w nim sztucznych dodatk\u00f3w, takich jak konserwanty i barwniki. Szczeg\u00f3lnie polecamy ten syrop do herbaty, rozja\u015bni on d\u0142ugie, jesienne wieczory. Produkt pasteryzowany. <\/p>\n<p>Do czego u\u017cywa\u0107 syropu z k\u0142\u0105czy kurkumy i imbiru?<br \/>We\u017a odrobin\u0119 naszego syropu z k\u0142\u0105czy kurkumy i imbiru i dolej do niego gor\u0105c\u0105 wod\u0119. W ten spos\u00f3b przyrz\u0105dzisz nap\u00f3j rozgrzewaj\u0105cy.<br \/>Lemoniad\u0119 o smaku kurkuma &#8211; imbir \u0142atwo otrzymasz, gdy dodasz troch\u0119 naszego produktu do wody gazowanej! Proporcja z wod\u0105 1:8.<\/p>\n<p>WARTO\u015a\u0106 OD\u017bYWCZA W 100 g <br \/>Warto\u015b\u0107 energetyczna: 850 kJ\/203 kcal  <br \/>T\u0142uszcz: 0 g  <br \/>w tym kwasy t\u0142uszczowe nasycone: 0 g  <br \/>W\u0119glowodany: 51 g  <br \/>w tym cukry: 50 g   <br \/>B\u0142onnik: 0 g<br \/>Bia\u0142ko: 0 g  <br \/>S\u00f3l: 0 g  <\/p>\n<p>UWAGI<br \/>Smak i zapach jest zale\u017cny od u\u017cytej partii k\u0142\u0105czy i owoc\u00f3w. Osad jest zjawiskiem naturalnym.<\/p>\n<p>ZALECANE WARUNKI PRZECHOWYWANIA  <br \/>Po otwarciu przechowywa\u0107 w lod\u00f3wce, spo\u017cyc w ci\u0105gu 21 dni.<\/p>","protected":false},"excerpt":{"rendered":"<p>SK\u0141ADNIKI cukier, sok z k\u0142\u0105cza kurkumy 22 %, sok z k\u0142\u0105cza imbiru 19 %, sok z cytryny 10 %. OPIS Oferujemy Ci naturalny syrop z k\u0142\u0105czy kurkumy i imbiru, kt\u00f3ry uzyskali\u015bmy tradycyjn\u0105 metod\u0105. Nie znajdziesz w nim sztucznych dodatk\u00f3w, takich jak konserwanty i barwniki. Szczeg\u00f3lnie polecamy ten syrop do herbaty, rozja\u015bni on d\u0142ugie, jesienne wieczory. [&hellip;]<\/p>","protected":false},"featured_media":7190,"comment_status":"closed","ping_status":"open","template":"","meta":{"_acf_changed":false},"product_brand":[],"product_cat":[134,744],"product_tag":[],"class_list":{"0":"post-7189","1":"product","2":"type-product","3":"status-publish","4":"has-post-thumbnail","6":"product_cat-napoje","7":"product_cat-syropy-owocowe-i-inne","8":"pa_ean-matka-5669","9":"pa_gwarancja-przydatnosci-320","10":"pa_ilosc-w-opakowaniu-298","11":"pa_jednostka-podstawowa-szt","12":"pa_kod-cn-2106-90-92","13":"pa_objetosc-brutto-4972","14":"pa_objetosc-netto-359","15":"pa_producent-polska-roza-soki-owocowe-syropy-shoty","16":"pa_producent-nazwa-adres-polska-roza-ernest-michalski-sp-z-o-o-rozy-5-05-090-falenty-nowe","17":"pa_tagi-bez-glutenu-w-skladnikach","18":"pa_tagi-weganski","19":"pa_tagi-wegetarianski","21":"first","22":"instock","23":"taxable","24":"shipping-taxable","25":"purchasable","26":"product-type-simple"},"acf":[],"_links":{"self":[{"href":"https:\/\/wiejskieprzysmaki.estima.site\/en\/wp-json\/wp\/v2\/product\/7189","targetHints":{"allow":["GET"]}}],"collection":[{"href":"https:\/\/wiejskieprzysmaki.estima.site\/en\/wp-json\/wp\/v2\/product"}],"about":[{"href":"https:\/\/wiejskieprzysmaki.estima.site\/en\/wp-json\/wp\/v2\/types\/product"}],"replies":[{"embeddable":true,"href":"https:\/\/wiejskieprzysmaki.estima.site\/en\/wp-json\/wp\/v2\/comments?post=7189"}],"wp:featuredmedia":[{"embeddable":true,"href":"https:\/\/wiejskieprzysmaki.estima.site\/en\/wp-json\/wp\/v2\/media\/7190"}],"wp:attachment":[{"href":"https:\/\/wiejskieprzysmaki.estima.site\/en\/wp-json\/wp\/v2\/media?parent=7189"}],"wp:term":[{"taxonomy":"product_brand","embeddable":true,"href":"https:\/\/wiejskieprzysmaki.estima.site\/en\/wp-json\/wp\/v2\/product_brand?post=7189"},{"taxonomy":"product_cat","embeddable":true,"href":"https:\/\/wiejskieprzysmaki.estima.site\/en\/wp-json\/wp\/v2\/product_cat?post=7189"},{"taxonomy":"product_tag","embeddable":true,"href":"https:\/\/wiejskieprzysmaki.estima.site\/en\/wp-json\/wp\/v2\/product_tag?post=7189"}],"curies":[{"name":"wp","href":"https:\/\/api.w.org\/{rel}","templated":true}]}}