{"id":7207,"date":"2025-02-18T11:23:28","date_gmt":"2025-02-18T10:23:28","guid":{"rendered":"https:\/\/wiejskieprzysmaki.estima.site\/produkt\/ciastka-kakaowe-z-ziarnami-kakao-fair-trade-bio-250-g-alce-nero\/"},"modified":"2025-02-18T11:23:32","modified_gmt":"2025-02-18T10:23:32","slug":"ciastka-kakaowe-z-ziarnami-kakao-fair-trade-bio-250-g-alce-nero","status":"publish","type":"product","link":"https:\/\/wiejskieprzysmaki.estima.site\/en\/product\/ciastka-kakaowe-z-ziarnami-kakao-fair-trade-bio-250-g-alce-nero\/","title":{"rendered":"CIASTKA KAKAOWE Z ZIARNAMI KAKAO FAIR TRADE BIO 250 g &#8211; ALCE NERO"},"content":{"rendered":"<p>SK\u0141ADNIKI<br \/>m\u0105ka PSZENNA* (48 %), cukier trzcinowy*, ziarna kakao* (10 %), t\u0142uszcz kakaowy* (7 %), oliwa z oliwek extra virgin* (6 %), kakao w proszku* (5 %), substancje spulchniaj\u0105ce: w\u0119glany amonu, w\u0119glany sodu. (*certyfikowany sk\u0142adnik ekologiczny)<\/p>\n<p>OPIS<br \/>Ciastka, kt\u00f3re umil\u0105 czas ka\u017cdemu mi\u0142o\u015bnikowi s\u0142odko\u015bci. Doskonale pasuj\u0105 do kawy czy herbaty. Sekret ich smaku tkwi w specjalnej recepturze oraz metodzie pieczenia.<br \/>Opakowanie zawiera 31 ciastek. Sk\u0142adniki wprowadzone do obrotu zgodnie ze standardami Fairtrade: kakao, cukier. Og\u00f3\u0142em: 45 %.<\/p>\n<p>WARTO\u015a\u0106 OD\u017bYWCZA W 100 g<br \/>Warto\u015b\u0107 energetyczna &#8211; 1915 kJ\/ 456 kcal<br \/>T\u0142uszcz &#8211;  18 g<br \/>w tym kwasy t\u0142uszczowe nasycone &#8211; 8,1 g<br \/>W\u0119glowodany &#8211; 63 g<br \/>w tym cukry &#8211; 26 g<br \/>B\u0142onnik &#8211; 5,5 g<br \/>Bia\u0142ko &#8211;  7,7 g<br \/>S\u00f3l &#8211; 0,25 g<\/p>\n<p>INFORMACJA ALERGENNA<br \/>Mo\u017ce zawiera\u0107 inne ZBO\u017bA ZAWIERAJ\u0104CE GLUTEN, MLEKO (\u0142\u0105cznie z laktoz\u0105), GORCZYC\u0118, JAJA, ORZECHY, soj\u0119.<\/p>\n<p>ZALECANE WARUNKI PRZECHOWYWANIA<br \/>Przechowywa\u0107 w suchym i ch\u0142odnym miejscu, z dala od ciep\u0142a. Po otwarciu przechowywa\u0107 szczelnie zamkni\u0119te. <\/p>","protected":false},"excerpt":{"rendered":"<p>SK\u0141ADNIKIm\u0105ka PSZENNA* (48 %), cukier trzcinowy*, ziarna kakao* (10 %), t\u0142uszcz kakaowy* (7 %), oliwa z oliwek extra virgin* (6 %), kakao w proszku* (5 %), substancje spulchniaj\u0105ce: w\u0119glany amonu, w\u0119glany sodu. (*certyfikowany sk\u0142adnik ekologiczny) OPISCiastka, kt\u00f3re umil\u0105 czas ka\u017cdemu mi\u0142o\u015bnikowi s\u0142odko\u015bci. Doskonale pasuj\u0105 do kawy czy herbaty. Sekret ich smaku tkwi w specjalnej recepturze [&hellip;]<\/p>","protected":false},"featured_media":7208,"comment_status":"closed","ping_status":"open","template":"","meta":{"_acf_changed":false},"product_brand":[],"product_cat":[1434,139],"product_tag":[],"class_list":{"0":"post-7207","1":"product","2":"type-product","3":"status-publish","4":"has-post-thumbnail","6":"product_cat-ciastka","7":"product_cat-slodycze-i-przekaski","8":"pa_ean-matka-5685","9":"pa_gwarancja-przydatnosci-324","10":"pa_ilosc-w-opakowaniu-374","11":"pa_jednostka-podstawowa-szt","12":"pa_kod-cn-1905-31-99","13":"pa_kraj-pochodzenia-skladnikow-wlochy","14":"pa_masa-netto-480","15":"pa_objetosc-brutto-5683","16":"pa_producent-alce-nero-wloskie-produkty","17":"pa_producent-nazwa-adres-gandola-biscotti-s-p-a-via-lavoro-e-industria-1041-25030-rudiano-bs-italy","18":"pa_tagi-certyfikat-bio","19":"pa_tagi-weganski","20":"pa_tagi-wegetarianski","22":"first","23":"instock","24":"taxable","25":"shipping-taxable","26":"purchasable","27":"product-type-simple"},"acf":[],"_links":{"self":[{"href":"https:\/\/wiejskieprzysmaki.estima.site\/en\/wp-json\/wp\/v2\/product\/7207","targetHints":{"allow":["GET"]}}],"collection":[{"href":"https:\/\/wiejskieprzysmaki.estima.site\/en\/wp-json\/wp\/v2\/product"}],"about":[{"href":"https:\/\/wiejskieprzysmaki.estima.site\/en\/wp-json\/wp\/v2\/types\/product"}],"replies":[{"embeddable":true,"href":"https:\/\/wiejskieprzysmaki.estima.site\/en\/wp-json\/wp\/v2\/comments?post=7207"}],"wp:featuredmedia":[{"embeddable":true,"href":"https:\/\/wiejskieprzysmaki.estima.site\/en\/wp-json\/wp\/v2\/media\/7208"}],"wp:attachment":[{"href":"https:\/\/wiejskieprzysmaki.estima.site\/en\/wp-json\/wp\/v2\/media?parent=7207"}],"wp:term":[{"taxonomy":"product_brand","embeddable":true,"href":"https:\/\/wiejskieprzysmaki.estima.site\/en\/wp-json\/wp\/v2\/product_brand?post=7207"},{"taxonomy":"product_cat","embeddable":true,"href":"https:\/\/wiejskieprzysmaki.estima.site\/en\/wp-json\/wp\/v2\/product_cat?post=7207"},{"taxonomy":"product_tag","embeddable":true,"href":"https:\/\/wiejskieprzysmaki.estima.site\/en\/wp-json\/wp\/v2\/product_tag?post=7207"}],"curies":[{"name":"wp","href":"https:\/\/api.w.org\/{rel}","templated":true}]}}