{"id":7218,"date":"2025-02-18T11:23:28","date_gmt":"2025-02-18T10:23:28","guid":{"rendered":"https:\/\/wiejskieprzysmaki.estima.site\/produkt\/sok-pomidorowy-przecierowy-bio-300-ml-vero\/"},"modified":"2025-02-18T11:23:35","modified_gmt":"2025-02-18T10:23:35","slug":"sok-pomidorowy-przecierowy-bio-300-ml-vero","status":"publish","type":"product","link":"https:\/\/wiejskieprzysmaki.estima.site\/en\/product\/sok-pomidorowy-przecierowy-bio-300-ml-vero\/","title":{"rendered":"SOK POMIDOROWY PRZECIEROWY BIO 300 ml &#8211; VERO"},"content":{"rendered":"<p>SK\u0141ADNIKI<br \/>sok przecierowy ze \u015bwie\u017cych pomidor\u00f3w* (99,5 %), s\u00f3l (0,5 %). (*certyfikowany sk\u0142adnik ekologiczny)<\/p>\n<p>OPIS<br \/>Sok z pomidora to doskona\u0142e uzupe\u0142nienie codziennej diety. Tak jak inne soki z naszej oferty, dobrze sprawdzi si\u0119 bez wzgl\u0119du na por\u0119 roku, ubogacaj\u0105c smak i warto\u015b\u0107 po\u017cywienia i napoj\u00f3w. Zachwyci naturalnym, autentycznym smakiem \u2013 takim jak przed laty! To naturalny produkt, po kt\u00f3ry mo\u017cesz si\u0119ga\u0107 ka\u017cdego dnia.<br \/>\u0179r\u00f3d\u0142o potasu. Produkt pasteryzowany.<\/p>\n<p>WARTO\u015a\u0106 OD\u017bYWCZA W 100 ml<br \/>Warto\u015b\u0107 energetyczna: 106 kJ\/25 kcal<br \/>T\u0142uszcz: 0 g<br \/>w tym kwasy nasycone: 0 g<br \/>W\u0119glowodany: 4,5 g<br \/>w tym cukry: 4,4 g<br \/>B\u0142onnik: 1,0 g<br \/>Bia\u0142ko: 1,3 g<br \/>S\u00f3l: 0,41 g<br \/>Potas: 226 mg (11,3 %)**<br \/>** dzienna referencyjna warto\u015b\u0107 spo\u017cycia potasu (dla osoby doros\u0142ej)<\/p>\n<p>UWAGI<br \/>Smak soku zale\u017cy od odmiany pomidora i pory roku. Wstrz\u0105sn\u0105\u0107 przed otwarciem. M\u0119tno\u015b\u0107 i osad to zjawisko naturalne.<\/p>\n<p>ZALECANE WARUNKI PRZECHOWYWANIA<br \/>Po otwarciu przechowywa\u0107 w lod\u00f3wce. Spo\u017cy\u0107 w ci\u0105gu 48 godzin.<\/p>","protected":false},"excerpt":{"rendered":"<p>SK\u0141ADNIKIsok przecierowy ze \u015bwie\u017cych pomidor\u00f3w* (99,5 %), s\u00f3l (0,5 %). (*certyfikowany sk\u0142adnik ekologiczny) OPISSok z pomidora to doskona\u0142e uzupe\u0142nienie codziennej diety. Tak jak inne soki z naszej oferty, dobrze sprawdzi si\u0119 bez wzgl\u0119du na por\u0119 roku, ubogacaj\u0105c smak i warto\u015b\u0107 po\u017cywienia i napoj\u00f3w. Zachwyci naturalnym, autentycznym smakiem \u2013 takim jak przed laty! To naturalny produkt, [&hellip;]<\/p>","protected":false},"featured_media":7219,"comment_status":"closed","ping_status":"open","template":"","meta":{"_acf_changed":false},"product_brand":[],"product_cat":[134,863],"product_tag":[],"class_list":{"0":"post-7218","1":"product","2":"type-product","3":"status-publish","4":"has-post-thumbnail","6":"product_cat-napoje","7":"product_cat-soki-warzywne-warzywne-z-dodatkami-i-inne","8":"pa_ean-matka-5693","9":"pa_gwarancja-przydatnosci-311","10":"pa_ilosc-w-opakowaniu-406","11":"pa_jednostka-podstawowa-szt","12":"pa_kod-cn-2009-50-90","13":"pa_kraj-pochodzenia-skladnikow-polska","14":"pa_objetosc-brutto-409","15":"pa_objetosc-netto-1198","16":"pa_producent-vero-soki","17":"pa_producent-nazwa-adres-tlocznia-sokow-owocowych-vero-dariusz-kuna","18":"pa_tagi-bez-cukru-w-skladnikach","19":"pa_tagi-bez-glutenu-w-skladnikach","20":"pa_tagi-certyfikat-bio","21":"pa_tagi-weganski","22":"pa_tagi-wegetarianski","24":"first","25":"instock","26":"taxable","27":"shipping-taxable","28":"purchasable","29":"product-type-simple"},"acf":[],"_links":{"self":[{"href":"https:\/\/wiejskieprzysmaki.estima.site\/en\/wp-json\/wp\/v2\/product\/7218","targetHints":{"allow":["GET"]}}],"collection":[{"href":"https:\/\/wiejskieprzysmaki.estima.site\/en\/wp-json\/wp\/v2\/product"}],"about":[{"href":"https:\/\/wiejskieprzysmaki.estima.site\/en\/wp-json\/wp\/v2\/types\/product"}],"replies":[{"embeddable":true,"href":"https:\/\/wiejskieprzysmaki.estima.site\/en\/wp-json\/wp\/v2\/comments?post=7218"}],"wp:featuredmedia":[{"embeddable":true,"href":"https:\/\/wiejskieprzysmaki.estima.site\/en\/wp-json\/wp\/v2\/media\/7219"}],"wp:attachment":[{"href":"https:\/\/wiejskieprzysmaki.estima.site\/en\/wp-json\/wp\/v2\/media?parent=7218"}],"wp:term":[{"taxonomy":"product_brand","embeddable":true,"href":"https:\/\/wiejskieprzysmaki.estima.site\/en\/wp-json\/wp\/v2\/product_brand?post=7218"},{"taxonomy":"product_cat","embeddable":true,"href":"https:\/\/wiejskieprzysmaki.estima.site\/en\/wp-json\/wp\/v2\/product_cat?post=7218"},{"taxonomy":"product_tag","embeddable":true,"href":"https:\/\/wiejskieprzysmaki.estima.site\/en\/wp-json\/wp\/v2\/product_tag?post=7218"}],"curies":[{"name":"wp","href":"https:\/\/api.w.org\/{rel}","templated":true}]}}