{"id":7226,"date":"2025-02-18T11:23:28","date_gmt":"2025-02-18T10:23:28","guid":{"rendered":"https:\/\/wiejskieprzysmaki.estima.site\/produkt\/cukier-trzcinowy-panela-bio-surowiec-25-kg\/"},"modified":"2025-02-18T11:23:37","modified_gmt":"2025-02-18T10:23:37","slug":"cukier-trzcinowy-panela-bio-surowiec-25-kg","status":"publish","type":"product","link":"https:\/\/wiejskieprzysmaki.estima.site\/en\/product\/cukier-trzcinowy-panela-bio-surowiec-25-kg\/","title":{"rendered":"CUKIER TRZCINOWY PANELA BIO (SUROWIEC) (25 kg)"},"content":{"rendered":"<p>SK\u0141ADNIKI<br \/>ekologiczny cukier trzcinowy nierafinowany Panela 100 %.<\/p>\n<p>OPIS<br \/>Produkowany z zag\u0119szczonego soku z trzciny cukrowej, kt\u00f3ry jest nast\u0119pnie suszony i rozdrabniany. Panela zawdzi\u0119cza swoje w\u0142a\u015bciwo\u015bci obecno\u015bci melasy, kt\u00f3ra zwi\u0119ksza warto\u015b\u0107 cukru i nadaje mu niepowtarzalny, karmelowy smak i z\u0142ot\u0105 barw\u0119. Doskona\u0142y do wypiek\u00f3w, deser\u00f3w oraz s\u0142odzenia ciep\u0142ych napoj\u00f3w.<\/p>\n<p>WARTO\u015a\u0106 OD\u017bYWCZA W 100 g<br \/>Warto\u015b\u0107 energetyczna 1634 kJ\/390 kcal<br \/>T\u0142uszcz 0 g<br \/>w tym kwasy t\u0142uszczowe nasycone 0 g<br \/>W\u0119glowodany 97 g<br \/>w tym cukry 96 g<br \/>B\u0142onnik 0 g<br \/>Bia\u0142ko 0 g<br \/>S\u00f3l 0 g<\/p>\n<p>ZALECANE WARUNKI PRZECHOWYWANIA<br \/>Przechowywa\u0107 w suchym i ch\u0142odnym miejscu.\t<\/p>","protected":false},"excerpt":{"rendered":"<p>SK\u0141ADNIKIekologiczny cukier trzcinowy nierafinowany Panela 100 %. OPISProdukowany z zag\u0119szczonego soku z trzciny cukrowej, kt\u00f3ry jest nast\u0119pnie suszony i rozdrabniany. Panela zawdzi\u0119cza swoje w\u0142a\u015bciwo\u015bci obecno\u015bci melasy, kt\u00f3ra zwi\u0119ksza warto\u015b\u0107 cukru i nadaje mu niepowtarzalny, karmelowy smak i z\u0142ot\u0105 barw\u0119. Doskona\u0142y do wypiek\u00f3w, deser\u00f3w oraz s\u0142odzenia ciep\u0142ych napoj\u00f3w. WARTO\u015a\u0106 OD\u017bYWCZA W 100 gWarto\u015b\u0107 energetyczna 1634 kJ\/390 [&hellip;]<\/p>","protected":false},"featured_media":7227,"comment_status":"closed","ping_status":"open","template":"","meta":{"_acf_changed":false},"product_brand":[],"product_cat":[329,304],"product_tag":[],"class_list":{"0":"post-7226","1":"product","2":"type-product","3":"status-publish","4":"has-post-thumbnail","6":"product_cat-cukry-slodziki-owoce-sproszkowane","7":"product_cat-slodziki","8":"pa_ean-matka-5697","9":"pa_gwarancja-przydatnosci-301","10":"pa_ilosc-w-opakowaniu-310","11":"pa_jednostka-podstawowa-kg","12":"pa_kod-cn-1701-14-90","13":"pa_kraj-pochodzenia-skladnikow-ekwador","14":"pa_masa-netto-209","15":"pa_producent-horeca-bio-surowce","16":"pa_producent-nazwa-adres-bio-planet-s-a-wilkowa-wies-7-05-084-leszno","17":"pa_tagi-bez-glutenu-w-skladnikach","18":"pa_tagi-certyfikat-bio","19":"pa_tagi-weganski","20":"pa_tagi-wegetarianski","22":"first","23":"instock","24":"taxable","25":"shipping-taxable","26":"purchasable","27":"product-type-simple"},"acf":[],"_links":{"self":[{"href":"https:\/\/wiejskieprzysmaki.estima.site\/en\/wp-json\/wp\/v2\/product\/7226","targetHints":{"allow":["GET"]}}],"collection":[{"href":"https:\/\/wiejskieprzysmaki.estima.site\/en\/wp-json\/wp\/v2\/product"}],"about":[{"href":"https:\/\/wiejskieprzysmaki.estima.site\/en\/wp-json\/wp\/v2\/types\/product"}],"replies":[{"embeddable":true,"href":"https:\/\/wiejskieprzysmaki.estima.site\/en\/wp-json\/wp\/v2\/comments?post=7226"}],"wp:featuredmedia":[{"embeddable":true,"href":"https:\/\/wiejskieprzysmaki.estima.site\/en\/wp-json\/wp\/v2\/media\/7227"}],"wp:attachment":[{"href":"https:\/\/wiejskieprzysmaki.estima.site\/en\/wp-json\/wp\/v2\/media?parent=7226"}],"wp:term":[{"taxonomy":"product_brand","embeddable":true,"href":"https:\/\/wiejskieprzysmaki.estima.site\/en\/wp-json\/wp\/v2\/product_brand?post=7226"},{"taxonomy":"product_cat","embeddable":true,"href":"https:\/\/wiejskieprzysmaki.estima.site\/en\/wp-json\/wp\/v2\/product_cat?post=7226"},{"taxonomy":"product_tag","embeddable":true,"href":"https:\/\/wiejskieprzysmaki.estima.site\/en\/wp-json\/wp\/v2\/product_tag?post=7226"}],"curies":[{"name":"wp","href":"https:\/\/api.w.org\/{rel}","templated":true}]}}