{"id":7246,"date":"2025-02-18T11:23:42","date_gmt":"2025-02-18T10:23:42","guid":{"rendered":"https:\/\/wiejskieprzysmaki.estima.site\/produkt\/makaron-proteinowy-z-soczewicy-czerwonej-swiderki-bio-250-g-bartolini\/"},"modified":"2025-02-18T11:23:46","modified_gmt":"2025-02-18T10:23:46","slug":"makaron-proteinowy-z-soczewicy-czerwonej-swiderki-bio-250-g-bartolini","status":"publish","type":"product","link":"https:\/\/wiejskieprzysmaki.estima.site\/en\/product\/makaron-proteinowy-z-soczewicy-czerwonej-swiderki-bio-250-g-bartolini\/","title":{"rendered":"MAKARON PROTEINOWY (Z SOCZEWICY CZERWONEJ) \u015aWIDERKI BIO 250 g &#8211; BARTOLINI"},"content":{"rendered":"<p>SK\u0141ADNIKI<br \/>100 % m\u0105ka z soczewicy czerwonej*. (*certyfikowany sk\u0142adnik ekologiczny)<\/p>\n<p>OPIS<br \/>\u0179r\u00f3d\u0142o kwasu foliowego i bia\u0142ka. <br \/>Kwas foliowy pomaga w prawid\u0142owej syntezie aminokwas\u00f3w i produkcji krwi. Przyczynia si\u0119 do wzrostu tkanek matczynych w czasie ci\u0105\u017cy.<br \/>Bia\u0142ko przyczynia si\u0119 do wzrostu masy mi\u0119\u015bniowej oraz pomaga w utrzymaniu masy mi\u0119\u015bniowej i zdrowych ko\u015bci.<br \/>Dodatkowe \u017ar\u00f3d\u0142o witaminy B1, manganu, \u017celaza, miedzi.<br \/>Wa\u017cny jest zdrowy tryb \u017cycia i zbilansowana dieta.<\/p>\n<p>SPOS\u00d3B PRZYGOTOWANIA<br \/>Przed spo\u017cyciem gotowa\u0107 od 5 do 8 minut (100 g makaronu na 1 L osolonej wody).<\/p>\n<p>WARTO\u015a\u0106 OD\u017bYWCZA w 100 g<br \/>Warto\u015b\u0107 energetyczna: 1477 kJ\/348 kcal<br \/>T\u0142uszcz: 1,1 g<br \/>w tym kwasy t\u0142uszczowe nasycone: 0,2 g<br \/>W\u0119glowodany: 56 g<br \/>w tym cukry: 5,1 g<br \/>B\u0142onnik: 5,8 g<br \/>Bia\u0142ko: 26 g<br \/>S\u00f3l: 0,01 g<br \/>\u017belazo: 8,4 mg (60 %)**<br \/>Mangan: 0,98 mg (49 %)**<br \/>Mied\u017a: 0,90 mg (90 %)**<br \/>Kwas foliowy: 114 mcg (57 %)**<br \/>Tiamina: 0,54 mg (49 %)**<\/p>\n<p>** dzienna referencyjna warto\u015b\u0107 spo\u017cycia witamin i sk\u0142adnik\u00f3w mineralnych (dla osoby doros\u0142ej)<\/p>\n<p>INFORMACJA ALERGENNA<br \/>Produkt mo\u017ce zawiera\u0107 zbo\u017ca zawieraj\u0105ce GLUTEN i JAJA.<\/p>\n<p>ZALECANE WARUNKI PRZECHOWYWANIA<br \/>Przechowywa\u0107 w miejscu suchym i przewiewnym.<\/p>","protected":false},"excerpt":{"rendered":"<p>SK\u0141ADNIKI100 % m\u0105ka z soczewicy czerwonej*. (*certyfikowany sk\u0142adnik ekologiczny) OPIS\u0179r\u00f3d\u0142o kwasu foliowego i bia\u0142ka. Kwas foliowy pomaga w prawid\u0142owej syntezie aminokwas\u00f3w i produkcji krwi. Przyczynia si\u0119 do wzrostu tkanek matczynych w czasie ci\u0105\u017cy.Bia\u0142ko przyczynia si\u0119 do wzrostu masy mi\u0119\u015bniowej oraz pomaga w utrzymaniu masy mi\u0119\u015bniowej i zdrowych ko\u015bci.Dodatkowe \u017ar\u00f3d\u0142o witaminy B1, manganu, \u017celaza, miedzi.Wa\u017cny jest [&hellip;]<\/p>","protected":false},"featured_media":7247,"comment_status":"closed","ping_status":"open","template":"","meta":{"_acf_changed":false},"product_brand":[],"product_cat":[1163,1162],"product_tag":[],"class_list":{"0":"post-7246","1":"product","2":"type-product","3":"status-publish","4":"has-post-thumbnail","6":"product_cat-bezglutenowe","7":"product_cat-makarony","8":"pa_ean-matka-5716","9":"pa_gwarancja-przydatnosci-522","10":"pa_ilosc-w-opakowaniu-350","11":"pa_jednostka-podstawowa-szt","12":"pa_kod-cn-1902-11-00","13":"pa_masa-netto-480","14":"pa_objetosc-brutto-3341","15":"pa_producent-bartolini-makarony","16":"pa_producent-nazwa-adres-przedsiebiorstwo-produkcyjno-handlowe-tabit-spolka-z-ograniczona-odpowiedzialnoscia-hugona-kollataja-44-05-402-otwock","17":"pa_tagi-bez-cukru-w-skladnikach","18":"pa_tagi-bez-glutenu-w-skladnikach","19":"pa_tagi-certyfikat-bio","20":"pa_tagi-weganski","21":"pa_tagi-wegetarianski","23":"first","24":"instock","25":"taxable","26":"shipping-taxable","27":"purchasable","28":"product-type-simple"},"acf":[],"_links":{"self":[{"href":"https:\/\/wiejskieprzysmaki.estima.site\/en\/wp-json\/wp\/v2\/product\/7246","targetHints":{"allow":["GET"]}}],"collection":[{"href":"https:\/\/wiejskieprzysmaki.estima.site\/en\/wp-json\/wp\/v2\/product"}],"about":[{"href":"https:\/\/wiejskieprzysmaki.estima.site\/en\/wp-json\/wp\/v2\/types\/product"}],"replies":[{"embeddable":true,"href":"https:\/\/wiejskieprzysmaki.estima.site\/en\/wp-json\/wp\/v2\/comments?post=7246"}],"wp:featuredmedia":[{"embeddable":true,"href":"https:\/\/wiejskieprzysmaki.estima.site\/en\/wp-json\/wp\/v2\/media\/7247"}],"wp:attachment":[{"href":"https:\/\/wiejskieprzysmaki.estima.site\/en\/wp-json\/wp\/v2\/media?parent=7246"}],"wp:term":[{"taxonomy":"product_brand","embeddable":true,"href":"https:\/\/wiejskieprzysmaki.estima.site\/en\/wp-json\/wp\/v2\/product_brand?post=7246"},{"taxonomy":"product_cat","embeddable":true,"href":"https:\/\/wiejskieprzysmaki.estima.site\/en\/wp-json\/wp\/v2\/product_cat?post=7246"},{"taxonomy":"product_tag","embeddable":true,"href":"https:\/\/wiejskieprzysmaki.estima.site\/en\/wp-json\/wp\/v2\/product_tag?post=7246"}],"curies":[{"name":"wp","href":"https:\/\/api.w.org\/{rel}","templated":true}]}}