{"id":7248,"date":"2025-02-18T11:23:42","date_gmt":"2025-02-18T10:23:42","guid":{"rendered":"https:\/\/wiejskieprzysmaki.estima.site\/produkt\/oliwa-z-oliwek-extra-virgin-bio-250-ml-olandia\/"},"modified":"2025-02-18T11:23:46","modified_gmt":"2025-02-18T10:23:46","slug":"oliwa-z-oliwek-extra-virgin-bio-250-ml-olandia","status":"publish","type":"product","link":"https:\/\/wiejskieprzysmaki.estima.site\/en\/product\/oliwa-z-oliwek-extra-virgin-bio-250-ml-olandia\/","title":{"rendered":"OLIWA Z OLIWEK EXTRA VIRGIN BIO 250 ml &#8211; OLANDIA"},"content":{"rendered":"<p>SK\u0141ADNIKI<br \/>oliwa z oliwek extra virgin*, t\u0142oczona na zimno. (*certyfikowany sk\u0142adnik ekologiczny)<\/p>\n<p>OPIS<br \/>Najwy\u017csza kategoria oliwy z oliwek, uzyskana bezpo\u015brednio z oliwek i wy\u0142\u0105cznie za pomoc\u0105 \u015brodk\u00f3w mechanicznych.<br \/>Wysoka zawarto\u015b\u0107 t\u0142uszcz\u00f3w nienasyconych. Zast\u0119powanie w diecie t\u0142uszcz\u00f3w nasyconych t\u0142uszczami nienasyconymi pomaga w utrzymaniu prawid\u0142owego poziomu cholesterolu we krwi. Jedno- i wielonienasycone kwasy t\u0142uszczowe s\u0105 t\u0142uszczami nienasyconymi. Spo\u017cywanie 30 g (oko\u0142o 2 \u0142y\u017cek sto\u0142owych) dziennie, jedno i wielonienasyconych kwas\u00f3w t\u0142uszczowych w ramach zr\u00f3wnowa\u017conego sposobu \u017cywienia i aktywnego trybu \u017cycia, pomo\u017ce uzyska\u0107 korzystny efekt zdrowotny.<\/p>\n<p>WARTO\u015a\u0106 OD\u017bYWCZA w 100 g<br \/>Warto\u015b\u0107 energetyczna: 3700 kJ\/900 kcal<br \/>T\u0142uszcz: 100 g<br \/>w tym kwasy t\u0142uszczowe nasycone: 12,5 g<br \/>w tym kwasy t\u0142uszczowe jednonienasycone: 75,8 g<br \/>w tym kwasy t\u0142uszczowe wielonienasycone: 11,7 g<br \/>W\u0119glowodany: 0 g<br \/>w tym cukry: 0 g<br \/>Bia\u0142ko: 0 g<br \/>S\u00f3l: 0 g<\/p>\n<p>ZALECANE WARUNKI PRZECHOWYWANIA<br \/>Przechowywa\u0107 w ch\u0142odnym i ciemnym miejscu.<\/p>","protected":false},"excerpt":{"rendered":"<p>SK\u0141ADNIKIoliwa z oliwek extra virgin*, t\u0142oczona na zimno. (*certyfikowany sk\u0142adnik ekologiczny) OPISNajwy\u017csza kategoria oliwy z oliwek, uzyskana bezpo\u015brednio z oliwek i wy\u0142\u0105cznie za pomoc\u0105 \u015brodk\u00f3w mechanicznych.Wysoka zawarto\u015b\u0107 t\u0142uszcz\u00f3w nienasyconych. Zast\u0119powanie w diecie t\u0142uszcz\u00f3w nasyconych t\u0142uszczami nienasyconymi pomaga w utrzymaniu prawid\u0142owego poziomu cholesterolu we krwi. Jedno- i wielonienasycone kwasy t\u0142uszczowe s\u0105 t\u0142uszczami nienasyconymi. Spo\u017cywanie 30 g [&hellip;]<\/p>","protected":false},"featured_media":7249,"comment_status":"closed","ping_status":"open","template":"","meta":{"_acf_changed":false},"product_brand":[],"product_cat":[993,1100],"product_tag":[],"class_list":{"0":"post-7248","1":"product","2":"type-product","3":"status-publish","4":"has-post-thumbnail","6":"product_cat-oleje-i-oliwy","7":"product_cat-oliwy","8":"pa_ean-matka-5718","9":"pa_gwarancja-przydatnosci-324","10":"pa_ilosc-w-opakowaniu-298","11":"pa_jednostka-podstawowa-szt","12":"pa_kod-cn-1509-20-00","13":"pa_objetosc-brutto-5717","14":"pa_objetosc-netto-359","15":"pa_producent-olandia-oleje","16":"pa_producent-nazwa-adres-zloto-polskie-family-business-spolka-cywilna-barbara-wolniakadam-wolniakagnieszka-werbinska-joanna-kusek-piwna-5-62-800-kalisz","17":"pa_tagi-bez-cukru-w-skladnikach","18":"pa_tagi-bez-glutenu-w-skladnikach","19":"pa_tagi-certyfikat-bio","20":"pa_tagi-weganski","21":"pa_tagi-wegetarianski","23":"first","24":"instock","25":"taxable","26":"shipping-taxable","27":"purchasable","28":"product-type-simple"},"acf":[],"_links":{"self":[{"href":"https:\/\/wiejskieprzysmaki.estima.site\/en\/wp-json\/wp\/v2\/product\/7248","targetHints":{"allow":["GET"]}}],"collection":[{"href":"https:\/\/wiejskieprzysmaki.estima.site\/en\/wp-json\/wp\/v2\/product"}],"about":[{"href":"https:\/\/wiejskieprzysmaki.estima.site\/en\/wp-json\/wp\/v2\/types\/product"}],"replies":[{"embeddable":true,"href":"https:\/\/wiejskieprzysmaki.estima.site\/en\/wp-json\/wp\/v2\/comments?post=7248"}],"wp:featuredmedia":[{"embeddable":true,"href":"https:\/\/wiejskieprzysmaki.estima.site\/en\/wp-json\/wp\/v2\/media\/7249"}],"wp:attachment":[{"href":"https:\/\/wiejskieprzysmaki.estima.site\/en\/wp-json\/wp\/v2\/media?parent=7248"}],"wp:term":[{"taxonomy":"product_brand","embeddable":true,"href":"https:\/\/wiejskieprzysmaki.estima.site\/en\/wp-json\/wp\/v2\/product_brand?post=7248"},{"taxonomy":"product_cat","embeddable":true,"href":"https:\/\/wiejskieprzysmaki.estima.site\/en\/wp-json\/wp\/v2\/product_cat?post=7248"},{"taxonomy":"product_tag","embeddable":true,"href":"https:\/\/wiejskieprzysmaki.estima.site\/en\/wp-json\/wp\/v2\/product_tag?post=7248"}],"curies":[{"name":"wp","href":"https:\/\/api.w.org\/{rel}","templated":true}]}}