{"id":7250,"date":"2025-02-18T11:23:42","date_gmt":"2025-02-18T10:23:42","guid":{"rendered":"https:\/\/wiejskieprzysmaki.estima.site\/produkt\/imbir-kandyzowany-w-ciemnej-czekoladzie-65-bio-70-g-cocoa\/"},"modified":"2025-02-18T11:23:47","modified_gmt":"2025-02-18T10:23:47","slug":"imbir-kandyzowany-w-ciemnej-czekoladzie-65-bio-70-g-cocoa","status":"publish","type":"product","link":"https:\/\/wiejskieprzysmaki.estima.site\/en\/product\/imbir-kandyzowany-w-ciemnej-czekoladzie-65-bio-70-g-cocoa\/","title":{"rendered":"IMBIR KANDYZOWANY W CIEMNEJ CZEKOLADZIE 65 % BIO 70 g &#8211; COCOA"},"content":{"rendered":"<p>SK\u0141ADNIKI <br \/>imbir kandyzowany* 65 % (imbir* 55 %, cukier trzcinowy* 45 %), czekolada* 35 % (niepra\u017cone ziarno kakaowca*, cukier kokosowy*, t\u0142uszcz kakaowy*). (*certyfikowany sk\u0142adnik ekologiczny). Zawarto\u015b\u0107 masy kakaowej min. 65 %.<\/p>\n<p>OPIS<br \/>Imbirowa pikantno\u015b\u0107 wzbogacona zosta\u0142a kremow\u0105 konsystencj\u0105 ciemnej czekolady.<br \/>Imbir kandyzowany i ciemna czekolada tworz\u0105 unikaln\u0105 kompozycj\u0119, kt\u00f3ra uwielbiana jest pod ka\u017cd\u0105 szeroko\u015bci\u0105 geograficzn\u0105.<br \/>Idealna przek\u0105ska dla ka\u017cdego, w ka\u017cdym wieku i o ka\u017cdej porze!<\/p>\n<p>WARTO\u015a\u0106 OD\u017bYWCZA W 100 g <br \/>Warto\u015b\u0107 energetyczna: 1775 kJ\/422 kcal  <br \/>T\u0142uszcz: 15 g  <br \/>w tym kwasy nasycone: 10 g  <br \/>W\u0119glowodany: 68 g  <br \/>w tym cukry: 68 g <br \/>B\u0142onnik: 1,8 g  <br \/>Bia\u0142ko: 2,3 g  <br \/>S\u00f3l: 0,1 g  <\/p>\n<p>INFORMACJA ALERGENNA  <br \/>Produkt mo\u017ce zawiera\u0107 ORZECHY.<\/p>\n<p>ZALECANE WARUNKI PRZECHOWYWANIA  <br \/>Przechowywa\u0107 w suchym i ch\u0142odnym miejscu.<\/p>","protected":false},"excerpt":{"rendered":"<p>SK\u0141ADNIKI imbir kandyzowany* 65 % (imbir* 55 %, cukier trzcinowy* 45 %), czekolada* 35 % (niepra\u017cone ziarno kakaowca*, cukier kokosowy*, t\u0142uszcz kakaowy*). (*certyfikowany sk\u0142adnik ekologiczny). Zawarto\u015b\u0107 masy kakaowej min. 65 %. OPISImbirowa pikantno\u015b\u0107 wzbogacona zosta\u0142a kremow\u0105 konsystencj\u0105 ciemnej czekolady.Imbir kandyzowany i ciemna czekolada tworz\u0105 unikaln\u0105 kompozycj\u0119, kt\u00f3ra uwielbiana jest pod ka\u017cd\u0105 szeroko\u015bci\u0105 geograficzn\u0105.Idealna przek\u0105ska dla [&hellip;]<\/p>","protected":false},"featured_media":7251,"comment_status":"closed","ping_status":"open","template":"","meta":{"_acf_changed":false},"product_brand":[],"product_cat":[700,139],"product_tag":[],"class_list":{"0":"post-7250","1":"product","2":"type-product","3":"status-publish","4":"has-post-thumbnail","6":"product_cat-bakalie-w-czekol-i-kandyz","7":"product_cat-slodycze-i-przekaski","8":"pa_ean-matka-5719","9":"pa_gwarancja-przydatnosci-311","10":"pa_ilosc-w-opakowaniu-694","11":"pa_jednostka-podstawowa-szt","12":"pa_kod-cn-1806-90-19","13":"pa_kraj-pochodzenia-skladnikow-turcja","14":"pa_masa-netto-695","15":"pa_objetosc-brutto-2580","16":"pa_producent-cocoa-czekolady-i-bakalie-w-surowej-czekoladzie","17":"pa_producent-nazwa-adres-surovital-marcin-rendak-karol-szwed-s-c-sw-urszuli-ledochowskiej-5-18-02-972-warszawa","18":"pa_tagi-bez-glutenu-w-skladnikach","19":"pa_tagi-certyfikat-bio","20":"pa_tagi-weganski","21":"pa_tagi-wegetarianski","23":"first","24":"instock","25":"taxable","26":"shipping-taxable","27":"purchasable","28":"product-type-simple"},"acf":[],"_links":{"self":[{"href":"https:\/\/wiejskieprzysmaki.estima.site\/en\/wp-json\/wp\/v2\/product\/7250","targetHints":{"allow":["GET"]}}],"collection":[{"href":"https:\/\/wiejskieprzysmaki.estima.site\/en\/wp-json\/wp\/v2\/product"}],"about":[{"href":"https:\/\/wiejskieprzysmaki.estima.site\/en\/wp-json\/wp\/v2\/types\/product"}],"replies":[{"embeddable":true,"href":"https:\/\/wiejskieprzysmaki.estima.site\/en\/wp-json\/wp\/v2\/comments?post=7250"}],"wp:featuredmedia":[{"embeddable":true,"href":"https:\/\/wiejskieprzysmaki.estima.site\/en\/wp-json\/wp\/v2\/media\/7251"}],"wp:attachment":[{"href":"https:\/\/wiejskieprzysmaki.estima.site\/en\/wp-json\/wp\/v2\/media?parent=7250"}],"wp:term":[{"taxonomy":"product_brand","embeddable":true,"href":"https:\/\/wiejskieprzysmaki.estima.site\/en\/wp-json\/wp\/v2\/product_brand?post=7250"},{"taxonomy":"product_cat","embeddable":true,"href":"https:\/\/wiejskieprzysmaki.estima.site\/en\/wp-json\/wp\/v2\/product_cat?post=7250"},{"taxonomy":"product_tag","embeddable":true,"href":"https:\/\/wiejskieprzysmaki.estima.site\/en\/wp-json\/wp\/v2\/product_tag?post=7250"}],"curies":[{"name":"wp","href":"https:\/\/api.w.org\/{rel}","templated":true}]}}