{"id":7262,"date":"2025-02-18T11:23:42","date_gmt":"2025-02-18T10:23:42","guid":{"rendered":"https:\/\/wiejskieprzysmaki.estima.site\/produkt\/mango-suszone-plastry-bio-200-g-batom\/"},"modified":"2025-02-18T11:23:50","modified_gmt":"2025-02-18T10:23:50","slug":"mango-suszone-plastry-bio-200-g-batom","status":"publish","type":"product","link":"https:\/\/wiejskieprzysmaki.estima.site\/en\/product\/mango-suszone-plastry-bio-200-g-batom\/","title":{"rendered":"MANGO SUSZONE PLASTRY BIO 200 g &#8211; BATOM"},"content":{"rendered":"<p>SK\u0141ADNIKI <br \/>mango suszone* 100 %. (*certyfikowany sk\u0142adnik ekologiczny)<\/p>\n<p>OPIS<br \/>Suszone mango doskonale smakuje jako dodatek do ciast, deser\u00f3w, sa\u0142atek, musli, jogurt\u00f3w i drink\u00f3w, a tak\u017ce jako samodzielna przek\u0105ska. Jest r\u00f3wnie\u017c doskona\u0142ym zamiennikiem s\u0142odyczy. <br \/>Jako dodatek spisuje si\u0119 najlepiej w przepisach pochodz\u0105cych z ich rodzimego regiony, czyli z Indii oraz dalekiego wschodu. Mo\u017cna je dodawa\u0107 do farsz\u00f3w mi\u0119snych, RYB, sa\u0142atek oraz do egzotycznych past curry. Jest to dodatek nie tylko do da\u0144 na ostro, ale r\u00f3wnie\u017c mo\u017cna je wykorzysta\u0107 do lod\u00f3w.<br \/>Opakowanie typu Doypack z zamkni\u0119ciem strunowym, wielokrotnego u\u017cytku. Dzi\u0119ki mo\u017cliwo\u015bci zamykania woreczka po ka\u017cdym u\u017cyciu, produkt zachowuje bardzo d\u0142ugo \u015bwie\u017co\u015b\u0107.<\/p>\n<p>WARTO\u015a\u0106 OD\u017bYWCZA W 100 g<br \/>Warto\u015b\u0107 energetyczna: 1250 kJ\/296 kcal  <br \/>T\u0142uszcz: 2,2 g  <br \/>w tym kwasy t\u0142uszczowe nasycone: 0,5 g  <br \/>W\u0119glowodany: 62 g  <br \/>w tym cukry: 60 g  <br \/>Bia\u0142ko: 2,9 g  <br \/>S\u00f3l: 0,13 g  <\/p>\n<p>INFORMACJA ALERGENNA<br \/>Mo\u017ce zawiera\u0107 ZBO\u017bA ZAWIERAJ\u0104CE GLUTEN, ORZECHY, nasiona sezamu.<\/p>\n<p>ZALECANE WARUNKI PRZECHOWYWANIA<br \/>Przechowywa\u0107 w suchym i ch\u0142odnym miejscu.<\/p>","protected":false},"excerpt":{"rendered":"<p>SK\u0141ADNIKI mango suszone* 100 %. (*certyfikowany sk\u0142adnik ekologiczny) OPISSuszone mango doskonale smakuje jako dodatek do ciast, deser\u00f3w, sa\u0142atek, musli, jogurt\u00f3w i drink\u00f3w, a tak\u017ce jako samodzielna przek\u0105ska. Jest r\u00f3wnie\u017c doskona\u0142ym zamiennikiem s\u0142odyczy. Jako dodatek spisuje si\u0119 najlepiej w przepisach pochodz\u0105cych z ich rodzimego regiony, czyli z Indii oraz dalekiego wschodu. Mo\u017cna je dodawa\u0107 do farsz\u00f3w [&hellip;]<\/p>","protected":false},"featured_media":7263,"comment_status":"closed","ping_status":"open","template":"","meta":{"_acf_changed":false},"product_brand":[],"product_cat":[830],"product_tag":[],"class_list":{"0":"post-7262","1":"product","2":"type-product","3":"status-publish","4":"has-post-thumbnail","6":"product_cat-orzechy-i-owoce-suszone","7":"pa_ean-matka-5725","8":"pa_gwarancja-przydatnosci-535","9":"pa_ilosc-w-opakowaniu-435","10":"pa_jednostka-podstawowa-szt","11":"pa_kod-cn-0804-50-00","12":"pa_kraj-pochodzenia-skladnikow-burkina-faso","13":"pa_masa-netto-354","14":"pa_objetosc-brutto-3428","15":"pa_producent-batom-oleje-soki-sole-kapielowe","16":"pa_producent-nazwa-adres-batom-pl-jozef-lesniak-hurtownia-zdrowej-zywnosci-generala-augusta-fieldorfa-nila-17-31-209-krakow","17":"pa_tagi-bez-cukru-w-skladnikach","18":"pa_tagi-bez-glutenu-w-skladnikach","19":"pa_tagi-certyfikat-bio","20":"pa_tagi-weganski","21":"pa_tagi-wegetarianski","23":"first","24":"instock","25":"taxable","26":"shipping-taxable","27":"purchasable","28":"product-type-simple"},"acf":[],"_links":{"self":[{"href":"https:\/\/wiejskieprzysmaki.estima.site\/en\/wp-json\/wp\/v2\/product\/7262","targetHints":{"allow":["GET"]}}],"collection":[{"href":"https:\/\/wiejskieprzysmaki.estima.site\/en\/wp-json\/wp\/v2\/product"}],"about":[{"href":"https:\/\/wiejskieprzysmaki.estima.site\/en\/wp-json\/wp\/v2\/types\/product"}],"replies":[{"embeddable":true,"href":"https:\/\/wiejskieprzysmaki.estima.site\/en\/wp-json\/wp\/v2\/comments?post=7262"}],"wp:featuredmedia":[{"embeddable":true,"href":"https:\/\/wiejskieprzysmaki.estima.site\/en\/wp-json\/wp\/v2\/media\/7263"}],"wp:attachment":[{"href":"https:\/\/wiejskieprzysmaki.estima.site\/en\/wp-json\/wp\/v2\/media?parent=7262"}],"wp:term":[{"taxonomy":"product_brand","embeddable":true,"href":"https:\/\/wiejskieprzysmaki.estima.site\/en\/wp-json\/wp\/v2\/product_brand?post=7262"},{"taxonomy":"product_cat","embeddable":true,"href":"https:\/\/wiejskieprzysmaki.estima.site\/en\/wp-json\/wp\/v2\/product_cat?post=7262"},{"taxonomy":"product_tag","embeddable":true,"href":"https:\/\/wiejskieprzysmaki.estima.site\/en\/wp-json\/wp\/v2\/product_tag?post=7262"}],"curies":[{"name":"wp","href":"https:\/\/api.w.org\/{rel}","templated":true}]}}