{"id":7294,"date":"2025-02-18T11:23:55","date_gmt":"2025-02-18T10:23:55","guid":{"rendered":"https:\/\/wiejskieprzysmaki.estima.site\/produkt\/ciastka-orkiszowe-z-kakao-bez-dodatku-cukrow-bio-120-g-bio-ania\/"},"modified":"2025-02-18T11:24:08","modified_gmt":"2025-02-18T10:24:08","slug":"ciastka-orkiszowe-z-kakao-bez-dodatku-cukrow-bio-120-g-bio-ania","status":"publish","type":"product","link":"https:\/\/wiejskieprzysmaki.estima.site\/en\/product\/ciastka-orkiszowe-z-kakao-bez-dodatku-cukrow-bio-120-g-bio-ania\/","title":{"rendered":"CIASTKA ORKISZOWE Z KAKAO BEZ DODATKU CUKR\u00d3W BIO 120 g &#8211; BIO ANIA"},"content":{"rendered":"<p>SK\u0141ADNIKI<br \/>m\u0105ka z PSZENICY ORKISZ* 88 %, t\u0142uszcz kokosowy*, MLEKO w proszku*, kakao 2,1 %, s\u00f3l (*certyfikowany sk\u0142adnik ekologiczny)<\/p>\n<p>OPIS<br \/>Bez dodatku cukr\u00f3w. Zawiera naturalnie wyst\u0119puj\u0105ce cukry.<\/p>\n<p>WARTO\u015a\u0106 OD\u017bYWCZA W 100 g<br \/>Warto\u015b\u0107 energetyczna 1834 kJ \/ 437 kcal<br \/>T\u0142uszcz &#8211; 10,0 g<br \/>w tym kwasy t\u0142uszczowe nasycone &#8211; 7,3 g<br \/>W\u0119glowodany &#8211; 74,2 g<br \/>w tym cukry &#8211; 3,0 g<br \/>Bia\u0142ko &#8211; 11,9 g<br \/>S\u00f3l &#8211; 0,97 g<\/p>\n<p>INFORMACJA ALERGENNA<br \/>Produkt mo\u017ce zawiera\u0107 JAJA, SEZAM, ORZECHY, SOJ\u0118.<\/p>\n<p>ZALECANE WARUNKI PRZECHOWYWANIA<br \/>Przechowywa\u0107 w suchym i ch\u0142odnym miejscu.<\/p>","protected":false},"excerpt":{"rendered":"<p>SK\u0141ADNIKIm\u0105ka z PSZENICY ORKISZ* 88 %, t\u0142uszcz kokosowy*, MLEKO w proszku*, kakao 2,1 %, s\u00f3l (*certyfikowany sk\u0142adnik ekologiczny) OPISBez dodatku cukr\u00f3w. Zawiera naturalnie wyst\u0119puj\u0105ce cukry. WARTO\u015a\u0106 OD\u017bYWCZA W 100 gWarto\u015b\u0107 energetyczna 1834 kJ \/ 437 kcalT\u0142uszcz &#8211; 10,0 gw tym kwasy t\u0142uszczowe nasycone &#8211; 7,3 gW\u0119glowodany &#8211; 74,2 gw tym cukry &#8211; 3,0 gBia\u0142ko &#8211; [&hellip;]<\/p>","protected":false},"featured_media":7295,"comment_status":"closed","ping_status":"open","template":"","meta":{"_acf_changed":false},"product_brand":[],"product_cat":[1434,139],"product_tag":[],"class_list":{"0":"post-7294","1":"product","2":"type-product","3":"status-publish","4":"has-post-thumbnail","6":"product_cat-ciastka","7":"product_cat-slodycze-i-przekaski","8":"pa_ean-matka-5743","9":"pa_gwarancja-przydatnosci-324","10":"pa_ilosc-w-opakowaniu-406","11":"pa_jednostka-podstawowa-szt","12":"pa_kod-cn-1905-90-70","13":"pa_masa-netto-411","14":"pa_objetosc-brutto-5742","15":"pa_producent-bio-ania-ciastka-muffiny-wafle","16":"pa_producent-nazwa-adres-ania-spolka-z-ograniczona-odpowiedzialnoscia-spolka-komandytowa-niepokalanej-panny-marii-103-31-589-krakow","17":"pa_tagi-bez-cukru-w-skladnikach","18":"pa_tagi-certyfikat-bio","19":"pa_tagi-wegetarianski","21":"first","22":"instock","23":"taxable","24":"shipping-taxable","25":"purchasable","26":"product-type-simple"},"acf":[],"_links":{"self":[{"href":"https:\/\/wiejskieprzysmaki.estima.site\/en\/wp-json\/wp\/v2\/product\/7294","targetHints":{"allow":["GET"]}}],"collection":[{"href":"https:\/\/wiejskieprzysmaki.estima.site\/en\/wp-json\/wp\/v2\/product"}],"about":[{"href":"https:\/\/wiejskieprzysmaki.estima.site\/en\/wp-json\/wp\/v2\/types\/product"}],"replies":[{"embeddable":true,"href":"https:\/\/wiejskieprzysmaki.estima.site\/en\/wp-json\/wp\/v2\/comments?post=7294"}],"wp:featuredmedia":[{"embeddable":true,"href":"https:\/\/wiejskieprzysmaki.estima.site\/en\/wp-json\/wp\/v2\/media\/7295"}],"wp:attachment":[{"href":"https:\/\/wiejskieprzysmaki.estima.site\/en\/wp-json\/wp\/v2\/media?parent=7294"}],"wp:term":[{"taxonomy":"product_brand","embeddable":true,"href":"https:\/\/wiejskieprzysmaki.estima.site\/en\/wp-json\/wp\/v2\/product_brand?post=7294"},{"taxonomy":"product_cat","embeddable":true,"href":"https:\/\/wiejskieprzysmaki.estima.site\/en\/wp-json\/wp\/v2\/product_cat?post=7294"},{"taxonomy":"product_tag","embeddable":true,"href":"https:\/\/wiejskieprzysmaki.estima.site\/en\/wp-json\/wp\/v2\/product_tag?post=7294"}],"curies":[{"name":"wp","href":"https:\/\/api.w.org\/{rel}","templated":true}]}}