{"id":7302,"date":"2025-02-18T11:23:55","date_gmt":"2025-02-18T10:23:55","guid":{"rendered":"https:\/\/wiejskieprzysmaki.estima.site\/produkt\/konfitura-z-platkow-rozy-330-g-polska-roza\/"},"modified":"2025-02-18T11:24:11","modified_gmt":"2025-02-18T10:24:11","slug":"konfitura-z-platkow-rozy-330-g-polska-roza","status":"publish","type":"product","link":"https:\/\/wiejskieprzysmaki.estima.site\/en\/product\/konfitura-z-platkow-rozy-330-g-polska-roza\/","title":{"rendered":"KONFITURA Z P\u0141ATK\u00d3W R\u00d3\u017bY 330 g &#8211; POLSKA R\u00d3\u017bA"},"content":{"rendered":"<p>SK\u0141ADNIKI<br \/>cukier, p\u0142atki r\u00f3\u017cy fa\u0142dzistolistnej (19 %), regulator kwasowo\u015bci: kwas cytrynowy. <\/p>\n<p>OPIS<br \/>Konfitura z p\u0142atk\u00f3w r\u00f3\u017cy jest produktem unikalnym na skal\u0119 europejsk\u0105 \u2013 to prawdziwa polska specjalno\u015b\u0107.<br \/>W s\u0142oiczku od Polskiej R\u00f3\u017cy znajdziesz: starannie wyselekcjonowane p\u0142atki r\u00f3\u017cy fa\u0142dzistolistnej zmieszane z cukrem oraz kwasem cytrynowym, kt\u00f3ry jest regulatorem kwasowo\u015bci. Konfitura ma g\u0119st\u0105, wyrazist\u0105 tekstur\u0119 i niepowtarzalny smak. Produkt stworzony w oparciu o naturaln\u0105, tradycyjn\u0105 receptur\u0119, kt\u00f3ry zasmakuje dzieciom i doros\u0142ym.<br \/>Konfitura z r\u00f3\u017cy \u015bwietnie sprawdzi si\u0119 zar\u00f3wno podjadana jako s\u0142odka, naturalna przek\u0105ska, jak r\u00f3wnie\u017c jako dodatek do herbaty czy deser\u00f3w (np. nale\u015bnik\u00f3w, grzanek, gofr\u00f3w czy s\u0142odkich wypiek\u00f3w).<br \/>Produkt pasteryzowany.<\/p>\n<p>WARTO\u015a\u0106 OD\u017bYWCZA W 100 g<br \/>Warto\u015b\u0107 energetyczna: 1216 kJ\/286 kcal<br \/>T\u0142uszcz: 0 g<br \/>w tym kwasy nasycone: 0 g<br \/>W\u0119glowodany: 72 g<br \/>w tym cukry: 69 g<br \/>Bia\u0142ko: 0 g <br \/>S\u00f3l: 0,0 g<\/p>\n<p>ZALECANE WARUNKI PRZECHOWYWANIA<br \/>Po otwarciu przechowywa\u0107 w lod\u00f3wce i spo\u017cy\u0107 w ci\u0105gu 30 dni.<\/p>","protected":false},"excerpt":{"rendered":"<p>SK\u0141ADNIKIcukier, p\u0142atki r\u00f3\u017cy fa\u0142dzistolistnej (19 %), regulator kwasowo\u015bci: kwas cytrynowy. OPISKonfitura z p\u0142atk\u00f3w r\u00f3\u017cy jest produktem unikalnym na skal\u0119 europejsk\u0105 \u2013 to prawdziwa polska specjalno\u015b\u0107.W s\u0142oiczku od Polskiej R\u00f3\u017cy znajdziesz: starannie wyselekcjonowane p\u0142atki r\u00f3\u017cy fa\u0142dzistolistnej zmieszane z cukrem oraz kwasem cytrynowym, kt\u00f3ry jest regulatorem kwasowo\u015bci. Konfitura ma g\u0119st\u0105, wyrazist\u0105 tekstur\u0119 i niepowtarzalny smak. Produkt stworzony [&hellip;]<\/p>","protected":false},"featured_media":7303,"comment_status":"closed","ping_status":"open","template":"","meta":{"_acf_changed":false},"product_brand":[],"product_cat":[999,998],"product_tag":[],"class_list":{"0":"post-7302","1":"product","2":"type-product","3":"status-publish","4":"has-post-thumbnail","6":"product_cat-dzemy-konfitury-musy","7":"product_cat-przetwory-warzywne-i-owocowe","8":"pa_ean-matka-5752","9":"pa_gwarancja-przydatnosci-320","10":"pa_ilosc-w-opakowaniu-298","11":"pa_jednostka-podstawowa-szt","12":"pa_kod-cn-2008-99-67","13":"pa_masa-netto-1669","14":"pa_objetosc-brutto-470","15":"pa_producent-polska-roza-soki-owocowe-syropy-shoty","16":"pa_producent-nazwa-adres-polska-roza-ernest-michalski-sp-z-o-o-rozy-5-05-090-falenty-nowe","17":"pa_tagi-bez-glutenu-w-skladnikach","18":"pa_tagi-weganski","19":"pa_tagi-wegetarianski","21":"first","22":"instock","23":"taxable","24":"shipping-taxable","25":"purchasable","26":"product-type-simple"},"acf":[],"_links":{"self":[{"href":"https:\/\/wiejskieprzysmaki.estima.site\/en\/wp-json\/wp\/v2\/product\/7302","targetHints":{"allow":["GET"]}}],"collection":[{"href":"https:\/\/wiejskieprzysmaki.estima.site\/en\/wp-json\/wp\/v2\/product"}],"about":[{"href":"https:\/\/wiejskieprzysmaki.estima.site\/en\/wp-json\/wp\/v2\/types\/product"}],"replies":[{"embeddable":true,"href":"https:\/\/wiejskieprzysmaki.estima.site\/en\/wp-json\/wp\/v2\/comments?post=7302"}],"wp:featuredmedia":[{"embeddable":true,"href":"https:\/\/wiejskieprzysmaki.estima.site\/en\/wp-json\/wp\/v2\/media\/7303"}],"wp:attachment":[{"href":"https:\/\/wiejskieprzysmaki.estima.site\/en\/wp-json\/wp\/v2\/media?parent=7302"}],"wp:term":[{"taxonomy":"product_brand","embeddable":true,"href":"https:\/\/wiejskieprzysmaki.estima.site\/en\/wp-json\/wp\/v2\/product_brand?post=7302"},{"taxonomy":"product_cat","embeddable":true,"href":"https:\/\/wiejskieprzysmaki.estima.site\/en\/wp-json\/wp\/v2\/product_cat?post=7302"},{"taxonomy":"product_tag","embeddable":true,"href":"https:\/\/wiejskieprzysmaki.estima.site\/en\/wp-json\/wp\/v2\/product_tag?post=7302"}],"curies":[{"name":"wp","href":"https:\/\/api.w.org\/{rel}","templated":true}]}}