{"id":7308,"date":"2025-02-18T11:23:55","date_gmt":"2025-02-18T10:23:55","guid":{"rendered":"https:\/\/wiejskieprzysmaki.estima.site\/produkt\/sok-z-malin-nfc-500-ml-polska-roza\/"},"modified":"2025-02-18T11:24:13","modified_gmt":"2025-02-18T10:24:13","slug":"sok-z-malin-nfc-500-ml-polska-roza","status":"publish","type":"product","link":"https:\/\/wiejskieprzysmaki.estima.site\/en\/product\/sok-z-malin-nfc-500-ml-polska-roza\/","title":{"rendered":"SOK Z MALIN NFC 500 ml &#8211; POLSKA R\u00d3\u017bA"},"content":{"rendered":"<p>SK\u0141ADNIKI<br \/>sok NFC z owoc\u00f3w malin.<\/p>\n<p>OPIS<br \/>Maliny to jedne z najsmaczniejszych polskich owoc\u00f3w. Wyr\u00f3\u017cniaj\u0105 si\u0119 subtelnym, s\u0142odko-kwaskowym smakiem, kt\u00f3ry trudno pomyli\u0107 z aromatem jakichkolwiek innych dar\u00f3w natury. S\u0105 od lat stosowane w tradycyjnych recepturach i serwowane r\u00f3wnie\u017c w okresie jesienno-zimowym, kt\u00f3ry sprzyja infekcjom g\u00f3rnych dr\u00f3g oddechowych.<br \/>Sok do bezpo\u015bredniego spo\u017cycia lub rozcie\u0144czenia. Proponujemy pi\u0107 po 50 ml rano do \u015bniadania.<br \/>Produkt pasteryzowany, nieklarowany. Zawiera naturalnie wyst\u0119puj\u0105ce cukry.<\/p>\n<p>WARTO\u015a\u0106 OD\u017bYWCZA W 100 ml<br \/>Warto\u015b\u0107 energetyczna: 141 kJ\/33 kcal<br \/>T\u0142uszcz: 0 g<br \/>w tym kwasy nasycone: 0 g<br \/>W\u0119glowodany: 7,6 g<br \/>w tym cukry: 6,5 g<br \/>B\u0142onnik: 0,7 g<br \/>Bia\u0142ko: 0,7 g <br \/>S\u00f3l: 0 g<\/p>\n<p>UWAGI <br \/>Smak, kolor i zapach jest zale\u017cny od u\u017cytej partii malin. Osad jest zjawiskiem naturalnym, przed otwarciem wstrz\u0105sn\u0105\u0107.<\/p>\n<p>ZALECANE WARUNKI PRZECHOWYWANIA<br \/>Po otwarciu przechowywa\u0107 w lod\u00f3wce, w szczelnie zamkni\u0119tej butelce &#8211; spo\u017cy\u0107 w ci\u0105gu 10 dni. Chroni\u0107 prze \u015bwiat\u0142em.<\/p>","protected":false},"excerpt":{"rendered":"<p>SK\u0141ADNIKIsok NFC z owoc\u00f3w malin. OPISMaliny to jedne z najsmaczniejszych polskich owoc\u00f3w. Wyr\u00f3\u017cniaj\u0105 si\u0119 subtelnym, s\u0142odko-kwaskowym smakiem, kt\u00f3ry trudno pomyli\u0107 z aromatem jakichkolwiek innych dar\u00f3w natury. S\u0105 od lat stosowane w tradycyjnych recepturach i serwowane r\u00f3wnie\u017c w okresie jesienno-zimowym, kt\u00f3ry sprzyja infekcjom g\u00f3rnych dr\u00f3g oddechowych.Sok do bezpo\u015bredniego spo\u017cycia lub rozcie\u0144czenia. Proponujemy pi\u0107 po 50 ml [&hellip;]<\/p>","protected":false},"featured_media":7309,"comment_status":"closed","ping_status":"open","template":"","meta":{"_acf_changed":false},"product_brand":[],"product_cat":[134,410],"product_tag":[],"class_list":{"0":"post-7308","1":"product","2":"type-product","3":"status-publish","4":"has-post-thumbnail","6":"product_cat-napoje","7":"product_cat-soki-owocowe-soki-owocowe-z-dodatkami","8":"pa_ean-matka-5757","9":"pa_gwarancja-przydatnosci-320","10":"pa_ilosc-w-opakowaniu-298","11":"pa_jednostka-podstawowa-szt","12":"pa_kod-cn-2009-89-99","13":"pa_objetosc-brutto-2816","14":"pa_objetosc-netto-376","15":"pa_producent-polska-roza-soki-owocowe-syropy-shoty","16":"pa_producent-nazwa-adres-polska-roza-ernest-michalski-sp-z-o-o-rozy-5-05-090-falenty-nowe","17":"pa_tagi-bez-cukru-w-skladnikach","18":"pa_tagi-bez-glutenu-w-skladnikach","19":"pa_tagi-weganski","20":"pa_tagi-wegetarianski","21":"pa_termin-przydatnosci-31-10-2025","23":"first","24":"instock","25":"taxable","26":"shipping-taxable","27":"purchasable","28":"product-type-simple"},"acf":[],"_links":{"self":[{"href":"https:\/\/wiejskieprzysmaki.estima.site\/en\/wp-json\/wp\/v2\/product\/7308","targetHints":{"allow":["GET"]}}],"collection":[{"href":"https:\/\/wiejskieprzysmaki.estima.site\/en\/wp-json\/wp\/v2\/product"}],"about":[{"href":"https:\/\/wiejskieprzysmaki.estima.site\/en\/wp-json\/wp\/v2\/types\/product"}],"replies":[{"embeddable":true,"href":"https:\/\/wiejskieprzysmaki.estima.site\/en\/wp-json\/wp\/v2\/comments?post=7308"}],"wp:featuredmedia":[{"embeddable":true,"href":"https:\/\/wiejskieprzysmaki.estima.site\/en\/wp-json\/wp\/v2\/media\/7309"}],"wp:attachment":[{"href":"https:\/\/wiejskieprzysmaki.estima.site\/en\/wp-json\/wp\/v2\/media?parent=7308"}],"wp:term":[{"taxonomy":"product_brand","embeddable":true,"href":"https:\/\/wiejskieprzysmaki.estima.site\/en\/wp-json\/wp\/v2\/product_brand?post=7308"},{"taxonomy":"product_cat","embeddable":true,"href":"https:\/\/wiejskieprzysmaki.estima.site\/en\/wp-json\/wp\/v2\/product_cat?post=7308"},{"taxonomy":"product_tag","embeddable":true,"href":"https:\/\/wiejskieprzysmaki.estima.site\/en\/wp-json\/wp\/v2\/product_tag?post=7308"}],"curies":[{"name":"wp","href":"https:\/\/api.w.org\/{rel}","templated":true}]}}