{"id":7327,"date":"2025-02-18T11:24:15","date_gmt":"2025-02-18T10:24:15","guid":{"rendered":"https:\/\/wiejskieprzysmaki.estima.site\/produkt\/ashwagandha-ekstrakt-500-mg-60-kapsulek-soul-farm\/"},"modified":"2025-02-20T15:12:06","modified_gmt":"2025-02-20T14:12:06","slug":"ashwagandha-ekstrakt-500-mg-60-kapsulek-soul-farm","status":"publish","type":"product","link":"https:\/\/wiejskieprzysmaki.estima.site\/en\/product\/ashwagandha-ekstrakt-500-mg-60-kapsulek-soul-farm\/","title":{"rendered":"ASHWAGANDHA EKSTRAKT (500 mg) 60 KAPSU\u0141EK &#8211; SOUL FARM"},"content":{"rendered":"<p>SK\u0141ADNIKI<br \/>ekstrakt z ashwagandhy (Withania somnifera) DER 4:1 &#8211; 500 mg, kapsu\u0142ka: pullulan.  <\/p>\n<p>OPIS<br \/>Suplement diety. <\/p>\n<p>Zawarto\u015b\u0107 sk\u0142adnik\u00f3w w 2 kapsu\u0142kach:<br \/>ashwagandha ekstrakt DER 4:1 &#8211; 1000 mg<br \/>w tym witanolidy &#8211; 10 mg <\/p>\n<p>ZALECANE SPO\u017bYCIE I INNE UWAGI<br \/>1 kapsu\u0142ka 2 razy dziennie, obficie popijaj\u0105c wod\u0105. <br \/>Nie nale\u017cy przekracza\u0107 zalecanej porcji do spo\u017cycia w ci\u0105gu dnia.<br \/>Suplementy diety nie mog\u0105 by\u0107 stosowane jako substytut zr\u00f3\u017cnicowanej diety. Wa\u017cne jest prowadzenie zdrowego trybu \u017cycia i zr\u00f3wnowa\u017conego sposobu \u017cywienia.<br \/>Stosowanie suplementu diety w okresie ci\u0105\u017cy lub w okresie karmienia piersi\u0105 nale\u017cy skonsultowa\u0107 z lekarzem.<br \/>Produkt nie powinien by\u0107 spo\u017cywany w przypadku stosowania lek\u00f3w o dzia\u0142aniu uspakajaj\u0105cym, nasennym, przeciwpadaczkowym, nie stosowa\u0107 u dzieci, kobiet w ci\u0105\u017cy i w trakcie laktacji.<\/p>\n<p>ZALECANE WARUNKI PRZECHOWYWANIA<br \/>Przechowywa\u0107 w suchym i ciemnym miejscu w temperaturze pokojowej. Przechowywa\u0107 w spos\u00f3b niedost\u0119pny dla ma\u0142ych dzieci.<\/p>","protected":false},"excerpt":{"rendered":"<p>SK\u0141ADNIKIekstrakt z ashwagandhy (Withania somnifera) DER 4:1 &#8211; 500 mg, kapsu\u0142ka: pullulan. OPISSuplement diety. Zawarto\u015b\u0107 sk\u0142adnik\u00f3w w 2 kapsu\u0142kach:ashwagandha ekstrakt DER 4:1 &#8211; 1000 mgw tym witanolidy &#8211; 10 mg ZALECANE SPO\u017bYCIE I INNE UWAGI1 kapsu\u0142ka 2 razy dziennie, obficie popijaj\u0105c wod\u0105. Nie nale\u017cy przekracza\u0107 zalecanej porcji do spo\u017cycia w ci\u0105gu dnia.Suplementy diety nie mog\u0105 [&hellip;]<\/p>","protected":false},"featured_media":7328,"comment_status":"closed","ping_status":"open","template":"","meta":{"_acf_changed":false},"product_brand":[],"product_cat":[1497,9057],"product_tag":[],"class_list":{"0":"post-7327","1":"product","2":"type-product","3":"status-publish","4":"has-post-thumbnail","6":"product_cat-kapsulki-tabletki","7":"product_cat-suplementy-diety","8":"pa_ean-matka-5771","9":"pa_gwarancja-przydatnosci-311","10":"pa_ilosc-w-opakowaniu-298","11":"pa_jednostka-podstawowa-szt","12":"pa_kod-cn-2106-90-92","13":"pa_kraj-pochodzenia-skladnikow-chiny","14":"pa_masa-netto-393","15":"pa_objetosc-brutto-4578","16":"pa_producent-soul-farm-witaminy-i-ekstrakty","17":"pa_producent-nazwa-adres-soul-farm-maciej-foszcz-janowicka-138-43-334-bielsko-biala","18":"pa_tagi-bez-cukru-w-skladnikach","19":"pa_tagi-bez-glutenu-w-skladnikach","20":"pa_tagi-weganski","21":"pa_tagi-wegetarianski","23":"first","24":"instock","25":"taxable","26":"shipping-taxable","27":"purchasable","28":"product-type-simple"},"acf":[],"_links":{"self":[{"href":"https:\/\/wiejskieprzysmaki.estima.site\/en\/wp-json\/wp\/v2\/product\/7327","targetHints":{"allow":["GET"]}}],"collection":[{"href":"https:\/\/wiejskieprzysmaki.estima.site\/en\/wp-json\/wp\/v2\/product"}],"about":[{"href":"https:\/\/wiejskieprzysmaki.estima.site\/en\/wp-json\/wp\/v2\/types\/product"}],"replies":[{"embeddable":true,"href":"https:\/\/wiejskieprzysmaki.estima.site\/en\/wp-json\/wp\/v2\/comments?post=7327"}],"wp:featuredmedia":[{"embeddable":true,"href":"https:\/\/wiejskieprzysmaki.estima.site\/en\/wp-json\/wp\/v2\/media\/7328"}],"wp:attachment":[{"href":"https:\/\/wiejskieprzysmaki.estima.site\/en\/wp-json\/wp\/v2\/media?parent=7327"}],"wp:term":[{"taxonomy":"product_brand","embeddable":true,"href":"https:\/\/wiejskieprzysmaki.estima.site\/en\/wp-json\/wp\/v2\/product_brand?post=7327"},{"taxonomy":"product_cat","embeddable":true,"href":"https:\/\/wiejskieprzysmaki.estima.site\/en\/wp-json\/wp\/v2\/product_cat?post=7327"},{"taxonomy":"product_tag","embeddable":true,"href":"https:\/\/wiejskieprzysmaki.estima.site\/en\/wp-json\/wp\/v2\/product_tag?post=7327"}],"curies":[{"name":"wp","href":"https:\/\/api.w.org\/{rel}","templated":true}]}}