{"id":7352,"date":"2025-02-18T11:24:15","date_gmt":"2025-02-18T10:24:15","guid":{"rendered":"https:\/\/wiejskieprzysmaki.estima.site\/produkt\/makaron-gryczany-penne-bezglutenowy-bio-250-g-alb-gold\/"},"modified":"2025-02-18T11:24:42","modified_gmt":"2025-02-18T10:24:42","slug":"makaron-gryczany-penne-bezglutenowy-bio-250-g-alb-gold","status":"publish","type":"product","link":"https:\/\/wiejskieprzysmaki.estima.site\/en\/product\/makaron-gryczany-penne-bezglutenowy-bio-250-g-alb-gold\/","title":{"rendered":"MAKARON (GRYCZANY) PENNE BEZGLUTENOWY BIO 250 g &#8211; ALB-GOLD"},"content":{"rendered":"<p>SK\u0141ADNIKI<br \/>m\u0105ka gryczana* (100 %). (*certyfikowany sk\u0142adnik ekologiczny)<\/p>\n<p>SPOS\u00d3B PRZYGOTOWANIA<br \/>Gotowa\u0107 ok. 8 min.<\/p>\n<p>WARTO\u015a\u0106 OD\u017bYWCZA W 100 g <br \/>Warto\u015b\u0107 energetyczna: 1497 kJ\/354 kcal  <br \/>T\u0142uszcz: 3,1 g  <br \/>w tym kwasy t\u0142uszczowe nasycone: 0,7 g  <br \/>W\u0119glowodany: 65 g  <br \/>w tym cukry: 1,4 g<br \/>B\u0142onnik: 9,2 g   <br \/>Bia\u0142ko: 12 g  <br \/>S\u00f3l: <0,01 g  \n\nZALECANE WARUNKI PRZECHOWYWANIA  <br \/>Przechowywa\u0107 w ch\u0142odnym i suchym miejscu, chroni\u0107 przed \u015bwiat\u0142em.<\/p>","protected":false},"excerpt":{"rendered":"<p>SK\u0141ADNIKIm\u0105ka gryczana* (100 %). (*certyfikowany sk\u0142adnik ekologiczny) SPOS\u00d3B PRZYGOTOWANIAGotowa\u0107 ok. 8 min. WARTO\u015a\u0106 OD\u017bYWCZA W 100 g Warto\u015b\u0107 energetyczna: 1497 kJ\/354 kcal T\u0142uszcz: 3,1 g w tym kwasy t\u0142uszczowe nasycone: 0,7 g W\u0119glowodany: 65 g w tym cukry: 1,4 gB\u0142onnik: 9,2 g Bia\u0142ko: 12 g S\u00f3l:<\/p>","protected":false},"featured_media":7353,"comment_status":"closed","ping_status":"open","template":"","meta":{"_acf_changed":false},"product_brand":[],"product_cat":[1163,1162],"product_tag":[],"class_list":{"0":"post-7352","1":"product","2":"type-product","3":"status-publish","4":"has-post-thumbnail","6":"product_cat-bezglutenowe","7":"product_cat-makarony","8":"pa_ean-matka-5790","9":"pa_gwarancja-przydatnosci-522","10":"pa_ilosc-w-opakowaniu-331","11":"pa_jednostka-podstawowa-szt","12":"pa_kod-cn-1902-19-10","13":"pa_masa-netto-480","14":"pa_objetosc-brutto-2499","15":"pa_producent-alb-gold-makarony","16":"pa_producent-nazwa-adres-alb-gold-teigwaren-gmbh-postfach-1138-72814-trochtelfingen","17":"pa_tagi-bez-cukru-w-skladnikach","18":"pa_tagi-bez-glutenu-deklaracja","19":"pa_tagi-bez-glutenu-w-skladnikach","20":"pa_tagi-certyfikat-bio","21":"pa_tagi-weganski","22":"pa_tagi-wegetarianski","24":"first","25":"instock","26":"taxable","27":"shipping-taxable","28":"purchasable","29":"product-type-simple"},"acf":[],"_links":{"self":[{"href":"https:\/\/wiejskieprzysmaki.estima.site\/en\/wp-json\/wp\/v2\/product\/7352","targetHints":{"allow":["GET"]}}],"collection":[{"href":"https:\/\/wiejskieprzysmaki.estima.site\/en\/wp-json\/wp\/v2\/product"}],"about":[{"href":"https:\/\/wiejskieprzysmaki.estima.site\/en\/wp-json\/wp\/v2\/types\/product"}],"replies":[{"embeddable":true,"href":"https:\/\/wiejskieprzysmaki.estima.site\/en\/wp-json\/wp\/v2\/comments?post=7352"}],"wp:featuredmedia":[{"embeddable":true,"href":"https:\/\/wiejskieprzysmaki.estima.site\/en\/wp-json\/wp\/v2\/media\/7353"}],"wp:attachment":[{"href":"https:\/\/wiejskieprzysmaki.estima.site\/en\/wp-json\/wp\/v2\/media?parent=7352"}],"wp:term":[{"taxonomy":"product_brand","embeddable":true,"href":"https:\/\/wiejskieprzysmaki.estima.site\/en\/wp-json\/wp\/v2\/product_brand?post=7352"},{"taxonomy":"product_cat","embeddable":true,"href":"https:\/\/wiejskieprzysmaki.estima.site\/en\/wp-json\/wp\/v2\/product_cat?post=7352"},{"taxonomy":"product_tag","embeddable":true,"href":"https:\/\/wiejskieprzysmaki.estima.site\/en\/wp-json\/wp\/v2\/product_tag?post=7352"}],"curies":[{"name":"wp","href":"https:\/\/api.w.org\/{rel}","templated":true}]}}