{"id":7403,"date":"2025-02-18T11:42:50","date_gmt":"2025-02-18T10:42:50","guid":{"rendered":"https:\/\/wiejskieprzysmaki.estima.site\/produkt\/chlorella-bio-400-mg-375-tabletek-diet-food\/"},"modified":"2025-02-20T15:12:06","modified_gmt":"2025-02-20T14:12:06","slug":"chlorella-bio-400-mg-375-tabletek-diet-food","status":"publish","type":"product","link":"https:\/\/wiejskieprzysmaki.estima.site\/en\/product\/chlorella-bio-400-mg-375-tabletek-diet-food\/","title":{"rendered":"CHLORELLA BIO (400 mg) 375 TABLETEK &#8211; DIET-FOOD"},"content":{"rendered":"<p>SK\u0141ADNIKI<br \/>chlorella zwyczajna w proszku* (Chlorella vulgaris) (*certyfikowany sk\u0142adnik ekologiczny)<br \/>1 kapsu\u0142ka zawiera: chlorella zwyczajna w proszku: 400 mg<\/p>\n<p>OPIS<br \/>Suplement diety. Algi morskie pomagaj\u0105 w usuwaniu metali ci\u0119\u017ckich.<\/p>\n<p>ZALECANE SPO\u017bYCIE I INNE UWAGI<br \/>Dwa razy dziennie po 5 tabletek popijaj\u0105c du\u017c\u0105 ilo\u015bci\u0105 wody, najlepiej spo\u017cy\u0107 p\u00f3\u0142 godziny przed posi\u0142kiem.<br \/>Nie nale\u017cy przekracza\u0107 zalecanej porcji do spo\u017cycia w ci\u0105gu dnia. Produkt nie mo\u017ce by\u0107 stosowany jako substytut (zamiennik) zr\u00f3\u017cnicowanej diety. <br \/>Zr\u00f3wnowa\u017cony spos\u00f3b \u017cywienia oraz zdrowy tryb \u017cycia s\u0105 podstaw\u0105 prawid\u0142owego funkcjonowania organizmu.<\/p>\n<p>ZALECANE WARUNKI PRZECHOWYWANIA<br \/>Przechowywa\u0107 w temperaturze pokojowej, w spos\u00f3b niedost\u0119pny dla ma\u0142ych dzieci. Chroni\u0107 przed wilgoci\u0105 i \u015bwiat\u0142em.<\/p>","protected":false},"excerpt":{"rendered":"<p>SK\u0141ADNIKIchlorella zwyczajna w proszku* (Chlorella vulgaris) (*certyfikowany sk\u0142adnik ekologiczny)1 kapsu\u0142ka zawiera: chlorella zwyczajna w proszku: 400 mg OPISSuplement diety. Algi morskie pomagaj\u0105 w usuwaniu metali ci\u0119\u017ckich. ZALECANE SPO\u017bYCIE I INNE UWAGIDwa razy dziennie po 5 tabletek popijaj\u0105c du\u017c\u0105 ilo\u015bci\u0105 wody, najlepiej spo\u017cy\u0107 p\u00f3\u0142 godziny przed posi\u0142kiem.Nie nale\u017cy przekracza\u0107 zalecanej porcji do spo\u017cycia w ci\u0105gu dnia. [&hellip;]<\/p>","protected":false},"featured_media":7404,"comment_status":"closed","ping_status":"open","template":"","meta":{"_acf_changed":false},"product_brand":[],"product_cat":[1497,9057],"product_tag":[],"class_list":{"0":"post-7403","1":"product","2":"type-product","3":"status-publish","4":"has-post-thumbnail","6":"product_cat-kapsulki-tabletki","7":"product_cat-suplementy-diety","8":"pa_ean-matka-5826","9":"pa_gwarancja-przydatnosci-522","10":"pa_ilosc-w-opakowaniu-374","11":"pa_jednostka-podstawowa-szt","12":"pa_kod-cn-2102-20-90","13":"pa_masa-netto-197","14":"pa_objetosc-brutto-303","15":"pa_producent-diet-food","16":"pa_producent-nazwa-adres-mipama-e-z-szafarz-spolka-jawna-rogatka-7a-62-860-opatowek","17":"pa_tagi-bez-cukru-w-skladnikach","18":"pa_tagi-bez-glutenu-w-skladnikach","19":"pa_tagi-certyfikat-bio","20":"pa_tagi-weganski","21":"pa_tagi-wegetarianski","23":"first","24":"instock","25":"taxable","26":"shipping-taxable","27":"purchasable","28":"product-type-simple"},"acf":[],"_links":{"self":[{"href":"https:\/\/wiejskieprzysmaki.estima.site\/en\/wp-json\/wp\/v2\/product\/7403","targetHints":{"allow":["GET"]}}],"collection":[{"href":"https:\/\/wiejskieprzysmaki.estima.site\/en\/wp-json\/wp\/v2\/product"}],"about":[{"href":"https:\/\/wiejskieprzysmaki.estima.site\/en\/wp-json\/wp\/v2\/types\/product"}],"replies":[{"embeddable":true,"href":"https:\/\/wiejskieprzysmaki.estima.site\/en\/wp-json\/wp\/v2\/comments?post=7403"}],"wp:featuredmedia":[{"embeddable":true,"href":"https:\/\/wiejskieprzysmaki.estima.site\/en\/wp-json\/wp\/v2\/media\/7404"}],"wp:attachment":[{"href":"https:\/\/wiejskieprzysmaki.estima.site\/en\/wp-json\/wp\/v2\/media?parent=7403"}],"wp:term":[{"taxonomy":"product_brand","embeddable":true,"href":"https:\/\/wiejskieprzysmaki.estima.site\/en\/wp-json\/wp\/v2\/product_brand?post=7403"},{"taxonomy":"product_cat","embeddable":true,"href":"https:\/\/wiejskieprzysmaki.estima.site\/en\/wp-json\/wp\/v2\/product_cat?post=7403"},{"taxonomy":"product_tag","embeddable":true,"href":"https:\/\/wiejskieprzysmaki.estima.site\/en\/wp-json\/wp\/v2\/product_tag?post=7403"}],"curies":[{"name":"wp","href":"https:\/\/api.w.org\/{rel}","templated":true}]}}