{"id":7405,"date":"2025-02-18T11:42:50","date_gmt":"2025-02-18T10:42:50","guid":{"rendered":"https:\/\/wiejskieprzysmaki.estima.site\/produkt\/krem-orzechowo-kakaowy-bio-300-g-diet-food\/"},"modified":"2025-02-18T11:43:06","modified_gmt":"2025-02-18T10:43:06","slug":"krem-orzechowo-kakaowy-bio-300-g-diet-food","status":"publish","type":"product","link":"https:\/\/wiejskieprzysmaki.estima.site\/en\/product\/krem-orzechowo-kakaowy-bio-300-g-diet-food\/","title":{"rendered":"KREM ORZECHOWO &#8211; KAKAOWY BIO 300 g &#8211; DIET-FOOD"},"content":{"rendered":"<p>SK\u0141ADNIKI<br \/>mielone pra\u017cone ORZECHY LASKOWE* (75 %), cukier kokosowy*, sproszkowane ziarna kakao* (5 %). (*certyfikowany sk\u0142adnik ekologiczny)<\/p>\n<p>OPIS<br \/>Naturalny, certyfikowany ekologiczny krem z ORZECH\u00d3W LASKOWYCH, kakao oraz cukru kokosowego, bez sztucznych dodatk\u00f3w.<\/p>\n<p>WARTO\u015a\u0106 OD\u017bYWCZA W 100 g<br \/>Warto\u015b\u0107 energetyczna: 2633 kJ\/ 630 kcal<br \/>T\u0142uszcz: 51 g<br \/>w tym kwasy nasycone: 4,9 g<br \/>W\u0119glowodany: 29 g<br \/>w tym cukry: 19 g<br \/>B\u0142onnik: 9,8 g<br \/>Bia\u0142ko: 10 g<br \/>S\u00f3l: 0,04 g<\/p>\n<p>INFORMACJA ALERGENNA<br \/>Produkt mo\u017ce zawiera\u0107 SEZAM i inne orzechy.<\/p>\n<p>UWAGA<br \/>Warstwa oleju na wierzchu jest zjawiskiem naturalnym.<\/p>\n<p>ZALECANE WARUNKI PRZECHOWYWANIA<br \/>Przechowywa\u0107 w suchym i ch\u0142odnym miejscu<\/p>","protected":false},"excerpt":{"rendered":"<p>SK\u0141ADNIKImielone pra\u017cone ORZECHY LASKOWE* (75 %), cukier kokosowy*, sproszkowane ziarna kakao* (5 %). (*certyfikowany sk\u0142adnik ekologiczny) OPISNaturalny, certyfikowany ekologiczny krem z ORZECH\u00d3W LASKOWYCH, kakao oraz cukru kokosowego, bez sztucznych dodatk\u00f3w. WARTO\u015a\u0106 OD\u017bYWCZA W 100 gWarto\u015b\u0107 energetyczna: 2633 kJ\/ 630 kcalT\u0142uszcz: 51 gw tym kwasy nasycone: 4,9 gW\u0119glowodany: 29 gw tym cukry: 19 gB\u0142onnik: 9,8 gBia\u0142ko: [&hellip;]<\/p>","protected":false},"featured_media":7406,"comment_status":"closed","ping_status":"open","template":"","meta":{"_acf_changed":false},"product_brand":[],"product_cat":[734],"product_tag":[],"class_list":{"0":"post-7405","1":"product","2":"type-product","3":"status-publish","4":"has-post-thumbnail","6":"product_cat-kremy-orzechowe-czekoladowe-tahini","7":"pa_ean-matka-5827","8":"pa_gwarancja-przydatnosci-311","9":"pa_ilosc-w-opakowaniu-298","10":"pa_jednostka-podstawowa-szt","11":"pa_kod-cn-1806-90-60","12":"pa_kraj-pochodzenia-skladnikow-polska","13":"pa_masa-netto-207","14":"pa_objetosc-brutto-3571","15":"pa_producent-diet-food","16":"pa_producent-nazwa-adres-mipama-e-z-szafarz-spolka-jawna-rogatka-7a-62-860-opatowek","17":"pa_tagi-bez-glutenu-w-skladnikach","18":"pa_tagi-certyfikat-bio","19":"pa_tagi-weganski","20":"pa_tagi-wegetarianski","22":"first","23":"instock","24":"taxable","25":"shipping-taxable","26":"purchasable","27":"product-type-simple"},"acf":[],"_links":{"self":[{"href":"https:\/\/wiejskieprzysmaki.estima.site\/en\/wp-json\/wp\/v2\/product\/7405","targetHints":{"allow":["GET"]}}],"collection":[{"href":"https:\/\/wiejskieprzysmaki.estima.site\/en\/wp-json\/wp\/v2\/product"}],"about":[{"href":"https:\/\/wiejskieprzysmaki.estima.site\/en\/wp-json\/wp\/v2\/types\/product"}],"replies":[{"embeddable":true,"href":"https:\/\/wiejskieprzysmaki.estima.site\/en\/wp-json\/wp\/v2\/comments?post=7405"}],"wp:featuredmedia":[{"embeddable":true,"href":"https:\/\/wiejskieprzysmaki.estima.site\/en\/wp-json\/wp\/v2\/media\/7406"}],"wp:attachment":[{"href":"https:\/\/wiejskieprzysmaki.estima.site\/en\/wp-json\/wp\/v2\/media?parent=7405"}],"wp:term":[{"taxonomy":"product_brand","embeddable":true,"href":"https:\/\/wiejskieprzysmaki.estima.site\/en\/wp-json\/wp\/v2\/product_brand?post=7405"},{"taxonomy":"product_cat","embeddable":true,"href":"https:\/\/wiejskieprzysmaki.estima.site\/en\/wp-json\/wp\/v2\/product_cat?post=7405"},{"taxonomy":"product_tag","embeddable":true,"href":"https:\/\/wiejskieprzysmaki.estima.site\/en\/wp-json\/wp\/v2\/product_tag?post=7405"}],"curies":[{"name":"wp","href":"https:\/\/api.w.org\/{rel}","templated":true}]}}