{"id":7419,"date":"2025-02-18T11:43:23","date_gmt":"2025-02-18T10:43:23","guid":{"rendered":"https:\/\/wiejskieprzysmaki.estima.site\/produkt\/makaron-jaglany-bio-250-g-diet-food\/"},"modified":"2025-02-18T11:43:26","modified_gmt":"2025-02-18T10:43:26","slug":"makaron-jaglany-bio-250-g-diet-food","status":"publish","type":"product","link":"https:\/\/wiejskieprzysmaki.estima.site\/en\/product\/makaron-jaglany-bio-250-g-diet-food\/","title":{"rendered":"MAKARON (JAGLANY) BIO 250 g &#8211; DIET-FOOD"},"content":{"rendered":"<p>SK\u0141ADNIKI<br \/>proso*, woda. (*certyfikowany sk\u0142adnik ekologiczny)<\/p>\n<p>OPIS<br \/>Makarony jaglane to nowa seria ekologicznych, bezglutenowych makaron\u00f3w, kt\u00f3re s\u0105 idealne dla wegetarian, wegan. W\u0142\u0105cz je do swojej diety i poczuj r\u00f3\u017cnic\u0119! Noodle zapewniaj\u0105 szybk\u0105 i zdrow\u0105 alternatyw\u0119 dla konwencjonalnych pszennych makaron\u00f3w, s\u0105 podawane w azjatyckiej zupie warzywnej lub sma\u017cone z warzywami.<\/p>\n<p>SPOS\u00d3B PRZYGOTOWANIA<br \/>W\u0142\u00f3\u017c makaron do zimnej wody i podgrzej do wrzenia, nast\u0119pnie zmniejsz moc i gotuj przez 4-5 minut. Odced\u017a makaron w durszlaku, a nast\u0119pnie przep\u0142ucz go zimn\u0105 wod\u0105.<\/p>\n<p>WARTO\u015a\u0106 OD\u017bYWCZA W 100 g<br \/>Warto\u015b\u0107 energetyczna: 1500 kJ\/360 kcal<br \/>T\u0142uszcz: 1,5 g<br \/>w tym kwasy nasycone: 0 g<br \/>W\u0119glowodany: 79 g<br \/>w tym cukry: 0 g<br \/>B\u0142onnik: <1,0 g<br \/>Bia\u0142ko: 8,0 g<br \/>S\u00f3l: 0 g<\/p>\n<p>ZALECANE WARUNKI PRZECHOWYWANIA<br \/>Przechowywa\u0107 w szczelnie zamkni\u0119tym opakowaniu w suchym i ch\u0142odnym miejscu.<\/p>","protected":false},"excerpt":{"rendered":"<p>SK\u0141ADNIKIproso*, woda. (*certyfikowany sk\u0142adnik ekologiczny) OPISMakarony jaglane to nowa seria ekologicznych, bezglutenowych makaron\u00f3w, kt\u00f3re s\u0105 idealne dla wegetarian, wegan. W\u0142\u0105cz je do swojej diety i poczuj r\u00f3\u017cnic\u0119! Noodle zapewniaj\u0105 szybk\u0105 i zdrow\u0105 alternatyw\u0119 dla konwencjonalnych pszennych makaron\u00f3w, s\u0105 podawane w azjatyckiej zupie warzywnej lub sma\u017cone z warzywami. SPOS\u00d3B PRZYGOTOWANIAW\u0142\u00f3\u017c makaron do zimnej wody i podgrzej [&hellip;]<\/p>","protected":false},"featured_media":7420,"comment_status":"closed","ping_status":"open","template":"","meta":{"_acf_changed":false},"product_brand":[],"product_cat":[1163,1162],"product_tag":[],"class_list":{"0":"post-7419","1":"product","2":"type-product","3":"status-publish","4":"has-post-thumbnail","6":"product_cat-bezglutenowe","7":"product_cat-makarony","8":"pa_ean-matka-5835","9":"pa_gwarancja-przydatnosci-311","10":"pa_ilosc-w-opakowaniu-322","11":"pa_jednostka-podstawowa-szt","12":"pa_kod-cn-1902-30-90","13":"pa_masa-netto-480","14":"pa_objetosc-brutto-3879","15":"pa_producent-diet-food","16":"pa_producent-nazwa-adres-mipama-e-z-szafarz-spolka-jawna-rogatka-7a-62-860-opatowek","17":"pa_tagi-bez-cukru-w-skladnikach","18":"pa_tagi-bez-glutenu-w-skladnikach","19":"pa_tagi-certyfikat-bio","20":"pa_tagi-weganski","21":"pa_tagi-wegetarianski","23":"first","24":"instock","25":"taxable","26":"shipping-taxable","27":"purchasable","28":"product-type-simple"},"acf":[],"_links":{"self":[{"href":"https:\/\/wiejskieprzysmaki.estima.site\/en\/wp-json\/wp\/v2\/product\/7419","targetHints":{"allow":["GET"]}}],"collection":[{"href":"https:\/\/wiejskieprzysmaki.estima.site\/en\/wp-json\/wp\/v2\/product"}],"about":[{"href":"https:\/\/wiejskieprzysmaki.estima.site\/en\/wp-json\/wp\/v2\/types\/product"}],"replies":[{"embeddable":true,"href":"https:\/\/wiejskieprzysmaki.estima.site\/en\/wp-json\/wp\/v2\/comments?post=7419"}],"wp:featuredmedia":[{"embeddable":true,"href":"https:\/\/wiejskieprzysmaki.estima.site\/en\/wp-json\/wp\/v2\/media\/7420"}],"wp:attachment":[{"href":"https:\/\/wiejskieprzysmaki.estima.site\/en\/wp-json\/wp\/v2\/media?parent=7419"}],"wp:term":[{"taxonomy":"product_brand","embeddable":true,"href":"https:\/\/wiejskieprzysmaki.estima.site\/en\/wp-json\/wp\/v2\/product_brand?post=7419"},{"taxonomy":"product_cat","embeddable":true,"href":"https:\/\/wiejskieprzysmaki.estima.site\/en\/wp-json\/wp\/v2\/product_cat?post=7419"},{"taxonomy":"product_tag","embeddable":true,"href":"https:\/\/wiejskieprzysmaki.estima.site\/en\/wp-json\/wp\/v2\/product_tag?post=7419"}],"curies":[{"name":"wp","href":"https:\/\/api.w.org\/{rel}","templated":true}]}}