{"id":742,"date":"2025-02-18T10:31:39","date_gmt":"2025-02-18T09:31:39","guid":{"rendered":"https:\/\/wiejskieprzysmaki.estima.site\/produkt\/bulion-kostki-warzywne-bez-dodatku-cukrow-zolte-bio-8-x-105-g-84-g-rapunzel\/"},"modified":"2025-02-18T10:31:41","modified_gmt":"2025-02-18T09:31:41","slug":"bulion-kostki-warzywne-bez-dodatku-cukrow-zolte-bio-8-x-105-g-84-g-rapunzel","status":"publish","type":"product","link":"https:\/\/wiejskieprzysmaki.estima.site\/en\/product\/bulion-kostki-warzywne-bez-dodatku-cukrow-zolte-bio-8-x-105-g-84-g-rapunzel\/","title":{"rendered":"BULION &#8211; KOSTKI WARZYWNE BEZ DODATKU CUKR\u00d3W (\u017b\u00d3\u0141TE) BIO (8 x 10,5 g) 84 g &#8211; RAPUNZEL"},"content":{"rendered":"<p>SK\u0141ADNIKI<br \/>s\u00f3l morska, t\u0142uszcz shea* 20 %, warzywa* 11 % (marchew*, SELER*, cebula*, dynia*, por*), ekstrakt dro\u017cd\u017cowy*, skrobia kukurydziana*, olej s\u0142onecznikowy*, kurkuma*, ga\u0142ka muszkato\u0142owa*, li\u015bcie lubczyku*, li\u015bcie SELERA*, pietruszka*, czosnek*, korze\u0144 lubczyku*, koper w\u0142oski*. (*certyfikowany sk\u0142adnik ekologiczny)<\/p>\n<p>OPIS<br \/>Ekologiczne kostki roso\u0142owe. Dzi\u0119ki oryginalnej mieszance przypraw i suszonych warzyw, idealnie nadaj\u0105 si\u0119 jako dodatek do zup i sos\u00f3w. Bez dodatku cukr\u00f3w. Zawiera naturalnie wyst\u0119puj\u0105ce cukry.<\/p>\n<p>SPOS\u00d3B PRZYGOTOWANIA<br \/>Rozpu\u015bci\u0107 1 kostk\u0119 w 1\/2 litra wrz\u0105cej wody lub doda\u0107 podczas gotowania makaronu lub ry\u017cu<\/p>\n<p>WARTO\u015a\u0106 OD\u017bYWCZA W 100 ml roztworu<br \/>Warto\u015b\u0107 energetyczna &#8211; 27 kJ\/6 kcal<br \/>T\u0142uszcz &#8211; &lt;0,5 g<br \/>w tym kwasy t\u0142uszczowe nasycone &#8211; 0,2 g<br \/>W\u0119glowodany &#8211; &lt;0,5 g<br \/>w tym cukry &#8211; &lt;0,5 g<br \/>Bia\u0142ko &#8211; &lt;0,5 g<br \/>S\u00f3l &#8211; 1,0 g <\/p>\n<p>INFORMACJA ALERGENNA<br \/>Mo\u017ce zawiera\u0107 ZBO\u017bA ZAWIERAJ\u0104CE GLUTEN, JAJA, SOJ\u0118, MLEKO (\u0142\u0105cznie z LAKTOZ\u0104) i GORCZYC\u0118 <\/p>\n<p>ZALECANE WARUNKI PRZECHOWYWANIA<br \/>Przechowywa\u0107 w suchym i ch\u0142odnym miejscu.<\/p>","protected":false},"excerpt":{"rendered":"<p>SK\u0141ADNIKIs\u00f3l morska, t\u0142uszcz shea* 20 %, warzywa* 11 % (marchew*, SELER*, cebula*, dynia*, por*), ekstrakt dro\u017cd\u017cowy*, skrobia kukurydziana*, olej s\u0142onecznikowy*, kurkuma*, ga\u0142ka muszkato\u0142owa*, li\u015bcie lubczyku*, li\u015bcie SELERA*, pietruszka*, czosnek*, korze\u0144 lubczyku*, koper w\u0142oski*. (*certyfikowany sk\u0142adnik ekologiczny) OPISEkologiczne kostki roso\u0142owe. Dzi\u0119ki oryginalnej mieszance przypraw i suszonych warzyw, idealnie nadaj\u0105 si\u0119 jako dodatek do zup i sos\u00f3w. [&hellip;]<\/p>","protected":false},"featured_media":366,"comment_status":"closed","ping_status":"open","template":"","meta":{"_acf_changed":false},"product_brand":[],"product_cat":[229],"product_tag":[],"class_list":{"0":"post-742","1":"product","2":"type-product","3":"status-publish","4":"has-post-thumbnail","6":"product_cat-przyprawy-i-ziola","7":"pa_ean-matka-668","8":"pa_gwarancja-przydatnosci-324","9":"pa_ilosc-w-opakowaniu-392","10":"pa_jednostka-podstawowa-szt","11":"pa_kod-cn-2104-10-00","12":"pa_kraj-pochodzenia-skladnikow-turcja","13":"pa_masa-netto-224","14":"pa_objetosc-brutto-227","15":"pa_producent-rapunzel-kremy-orzechowe-ketchupy-czekolady","16":"pa_producent-nazwa-adres-rapunzel-naturkost-gmbh-rapunzelstrabe-1-d-87764-legau","17":"pa_tagi-bez-cukru-w-skladnikach","18":"pa_tagi-bez-glutenu-w-skladnikach","19":"pa_tagi-certyfikat-bio","20":"pa_tagi-weganski","21":"pa_tagi-wegetarianski","23":"first","24":"instock","25":"taxable","26":"shipping-taxable","27":"purchasable","28":"product-type-simple"},"acf":[],"_links":{"self":[{"href":"https:\/\/wiejskieprzysmaki.estima.site\/en\/wp-json\/wp\/v2\/product\/742","targetHints":{"allow":["GET"]}}],"collection":[{"href":"https:\/\/wiejskieprzysmaki.estima.site\/en\/wp-json\/wp\/v2\/product"}],"about":[{"href":"https:\/\/wiejskieprzysmaki.estima.site\/en\/wp-json\/wp\/v2\/types\/product"}],"replies":[{"embeddable":true,"href":"https:\/\/wiejskieprzysmaki.estima.site\/en\/wp-json\/wp\/v2\/comments?post=742"}],"wp:featuredmedia":[{"embeddable":true,"href":"https:\/\/wiejskieprzysmaki.estima.site\/en\/wp-json\/wp\/v2\/media\/366"}],"wp:attachment":[{"href":"https:\/\/wiejskieprzysmaki.estima.site\/en\/wp-json\/wp\/v2\/media?parent=742"}],"wp:term":[{"taxonomy":"product_brand","embeddable":true,"href":"https:\/\/wiejskieprzysmaki.estima.site\/en\/wp-json\/wp\/v2\/product_brand?post=742"},{"taxonomy":"product_cat","embeddable":true,"href":"https:\/\/wiejskieprzysmaki.estima.site\/en\/wp-json\/wp\/v2\/product_cat?post=742"},{"taxonomy":"product_tag","embeddable":true,"href":"https:\/\/wiejskieprzysmaki.estima.site\/en\/wp-json\/wp\/v2\/product_tag?post=742"}],"curies":[{"name":"wp","href":"https:\/\/api.w.org\/{rel}","templated":true}]}}