{"id":743,"date":"2025-02-18T10:31:39","date_gmt":"2025-02-18T09:31:39","guid":{"rendered":"https:\/\/wiejskieprzysmaki.estima.site\/produkt\/gozdziki-mielone-30-g-dary-natury\/"},"modified":"2025-02-18T10:31:41","modified_gmt":"2025-02-18T09:31:41","slug":"gozdziki-mielone-30-g-dary-natury","status":"publish","type":"product","link":"https:\/\/wiejskieprzysmaki.estima.site\/en\/product\/gozdziki-mielone-30-g-dary-natury\/","title":{"rendered":"GO\u0179DZIKI MIELONE 30 g &#8211; DARY NATURY"},"content":{"rendered":"<p>SK\u0141ADNIKI <br \/>go\u017adziki mielone 100 %. <\/p>\n<p>OPIS <br \/>Go\u017adziki to aromatyczna przyprawa u\u017cywana do przyprawiania mi\u0119s, dziczyzny, RYB i marynat. Stosowane s\u0105 te\u017c do wyrob\u00f3w cukierniczych, d\u017cem\u00f3w, konfitur a tak\u017ce grzanego wina. <\/p>\n<p>INFORMACJA ALERGENNA<br \/>Produkt mo\u017ce zawiera\u0107 gluten.<\/p>\n<p>ZALECANE WARUNKI PRZECHOWYWANIA<br \/>Przechowywa\u0107 w suchym miejscu <\/p>","protected":false},"excerpt":{"rendered":"<p>SK\u0141ADNIKI go\u017adziki mielone 100 %. OPIS Go\u017adziki to aromatyczna przyprawa u\u017cywana do przyprawiania mi\u0119s, dziczyzny, RYB i marynat. Stosowane s\u0105 te\u017c do wyrob\u00f3w cukierniczych, d\u017cem\u00f3w, konfitur a tak\u017ce grzanego wina. INFORMACJA ALERGENNAProdukt mo\u017ce zawiera\u0107 gluten. ZALECANE WARUNKI PRZECHOWYWANIAPrzechowywa\u0107 w suchym miejscu<\/p>","protected":false},"featured_media":368,"comment_status":"closed","ping_status":"open","template":"","meta":{"_acf_changed":false},"product_brand":[],"product_cat":[238,229],"product_tag":[],"class_list":{"0":"post-743","1":"product","2":"type-product","3":"status-publish","4":"has-post-thumbnail","6":"product_cat-jednorodne","7":"product_cat-przyprawy-i-ziola","8":"pa_ean-matka-670","9":"pa_gwarancja-przydatnosci-320","10":"pa_ilosc-w-opakowaniu-350","11":"pa_jednostka-podstawowa-szt","12":"pa_kod-cn-0907-20-00","13":"pa_masa-netto-232","14":"pa_objetosc-brutto-236","15":"pa_producent-dary-natury-przyprawy-i-ziola","16":"pa_producent-nazwa-adres-miroslaw-angielczyk-dary-natury-koryciny-73-17-315-grodzisk","17":"pa_tagi-bez-cukru-w-skladnikach","18":"pa_tagi-bez-glutenu-w-skladnikach","19":"pa_tagi-weganski","20":"pa_tagi-wegetarianski","22":"first","23":"instock","24":"taxable","25":"shipping-taxable","26":"purchasable","27":"product-type-simple"},"acf":[],"_links":{"self":[{"href":"https:\/\/wiejskieprzysmaki.estima.site\/en\/wp-json\/wp\/v2\/product\/743","targetHints":{"allow":["GET"]}}],"collection":[{"href":"https:\/\/wiejskieprzysmaki.estima.site\/en\/wp-json\/wp\/v2\/product"}],"about":[{"href":"https:\/\/wiejskieprzysmaki.estima.site\/en\/wp-json\/wp\/v2\/types\/product"}],"replies":[{"embeddable":true,"href":"https:\/\/wiejskieprzysmaki.estima.site\/en\/wp-json\/wp\/v2\/comments?post=743"}],"wp:featuredmedia":[{"embeddable":true,"href":"https:\/\/wiejskieprzysmaki.estima.site\/en\/wp-json\/wp\/v2\/media\/368"}],"wp:attachment":[{"href":"https:\/\/wiejskieprzysmaki.estima.site\/en\/wp-json\/wp\/v2\/media?parent=743"}],"wp:term":[{"taxonomy":"product_brand","embeddable":true,"href":"https:\/\/wiejskieprzysmaki.estima.site\/en\/wp-json\/wp\/v2\/product_brand?post=743"},{"taxonomy":"product_cat","embeddable":true,"href":"https:\/\/wiejskieprzysmaki.estima.site\/en\/wp-json\/wp\/v2\/product_cat?post=743"},{"taxonomy":"product_tag","embeddable":true,"href":"https:\/\/wiejskieprzysmaki.estima.site\/en\/wp-json\/wp\/v2\/product_tag?post=743"}],"curies":[{"name":"wp","href":"https:\/\/api.w.org\/{rel}","templated":true}]}}