{"id":7433,"date":"2025-02-18T11:43:23","date_gmt":"2025-02-18T10:43:23","guid":{"rendered":"https:\/\/wiejskieprzysmaki.estima.site\/produkt\/maka-orkiszowa-chlebowa-typ-750-bio-1-kg-bio-life-maki-podlaskie\/"},"modified":"2025-02-18T11:43:31","modified_gmt":"2025-02-18T10:43:31","slug":"maka-orkiszowa-chlebowa-typ-750-bio-1-kg-bio-life-maki-podlaskie","status":"publish","type":"product","link":"https:\/\/wiejskieprzysmaki.estima.site\/en\/product\/maka-orkiszowa-chlebowa-typ-750-bio-1-kg-bio-life-maki-podlaskie\/","title":{"rendered":"M\u0104KA ORKISZOWA CHLEBOWA TYP 750 BIO 1 kg &#8211; BIO LIFE (M\u0104KI PODLASKIE)"},"content":{"rendered":"<p>SK\u0141ADNIKI <br \/>m\u0105ka z PSZENICY ORKISZ chlebowa, ekologiczna <\/p>\n<p>OPIS <br \/>\u201ePodlaskie M\u0105ki Ekologiczne\u201d pochodz\u0105 z Zielonych p\u0142uc Polski. Zar\u00f3wno uprawa zb\u00f3\u017c, przemia\u0142 oraz konfekcjonowanie odbywaj\u0105 si\u0119 w okolicach Bielska Podlaskiego, 30 km od Puszczy Bia\u0142owieskiej. Dzi\u0119ki temu nasi Klienci mog\u0105 by\u0107 pewni, \u017ce otrzymuj\u0105 produkt najwy\u017cszej jako\u015bci, wytwarzany zgodnie z tradycyjn\u0105 receptur\u0105 przez podlaskich m\u0142ynarzy. Potwierdzeniem najwy\u017cszej jako\u015bci naszych m\u0105k jest uzyskany przez nie certyfikat ekologiczny. Podlaskie M\u0105ki Ekologiczne idealnie nadaj\u0105 si\u0119 do wypieku tradycyjnych chleb\u00f3w jak r\u00f3wnie\u017c do wyrobu ciast, nale\u015bnik\u00f3w, bu\u0142ek oraz pierog\u00f3w. Na ka\u017cdym z naszych opakowa\u0144 mog\u0105 Pa\u0144stwo znale\u017a\u0107 inny przepis na tradycyjny Polski Chleb.  <\/p>\n<p>WARTO\u015a\u0106 OD\u017bYWCZA W 100 g<br \/>Warto\u015b\u0107 energetyczna: 1416 kJ\/334 kcal <br \/>T\u0142uszcz: 2,0 g <br \/>w tym kwasy t\u0142uszczowe nasycone: 0,4 g <br \/>W\u0119glowodany: 66 g <br \/>w tym cukry: 0,6 g <br \/>Bia\u0142ko: 14 g <br \/>S\u00f3l: 0,1 g <\/p>\n<p>INFORMACJA ALERGENNA<br \/>Mo\u017ce zawiera\u0107 SEZAM, SOJ\u0118 oraz orzechy.<\/p>\n<p>ZALECANE WARUNKI PRZECHOWYWANIA<br \/>Przechowywa\u0107 w suchym i ch\u0142odnym miejscu.<\/p>","protected":false},"excerpt":{"rendered":"<p>SK\u0141ADNIKI m\u0105ka z PSZENICY ORKISZ chlebowa, ekologiczna OPIS \u201ePodlaskie M\u0105ki Ekologiczne\u201d pochodz\u0105 z Zielonych p\u0142uc Polski. Zar\u00f3wno uprawa zb\u00f3\u017c, przemia\u0142 oraz konfekcjonowanie odbywaj\u0105 si\u0119 w okolicach Bielska Podlaskiego, 30 km od Puszczy Bia\u0142owieskiej. Dzi\u0119ki temu nasi Klienci mog\u0105 by\u0107 pewni, \u017ce otrzymuj\u0105 produkt najwy\u017cszej jako\u015bci, wytwarzany zgodnie z tradycyjn\u0105 receptur\u0105 przez podlaskich m\u0142ynarzy. Potwierdzeniem najwy\u017cszej [&hellip;]<\/p>","protected":false},"featured_media":7434,"comment_status":"closed","ping_status":"open","template":"","meta":{"_acf_changed":false},"product_brand":[],"product_cat":[99,106],"product_tag":[],"class_list":{"0":"post-7433","1":"product","2":"type-product","3":"status-publish","4":"has-post-thumbnail","6":"product_cat-maki-i-skrobie","7":"product_cat-maki-zbozowe-z-glutenem","8":"pa_ean-matka-5845","9":"pa_gwarancja-przydatnosci-324","10":"pa_ilosc-w-opakowaniu-350","11":"pa_jednostka-podstawowa-szt","12":"pa_kod-cn-1101-00-15","13":"pa_kraj-pochodzenia-skladnikow-polska","14":"pa_masa-netto-209","15":"pa_objetosc-brutto-1960","16":"pa_producent-bio-life-maki","17":"pa_producent-nazwa-adres-biolife-sp-z-o-o-ul-pilsudskiego-43-17-100-bielsk-podlaski","18":"pa_tagi-bez-cukru-w-skladnikach","19":"pa_tagi-certyfikat-bio","20":"pa_tagi-weganski","21":"pa_tagi-wegetarianski","23":"first","24":"instock","25":"taxable","26":"shipping-taxable","27":"purchasable","28":"product-type-simple"},"acf":[],"_links":{"self":[{"href":"https:\/\/wiejskieprzysmaki.estima.site\/en\/wp-json\/wp\/v2\/product\/7433","targetHints":{"allow":["GET"]}}],"collection":[{"href":"https:\/\/wiejskieprzysmaki.estima.site\/en\/wp-json\/wp\/v2\/product"}],"about":[{"href":"https:\/\/wiejskieprzysmaki.estima.site\/en\/wp-json\/wp\/v2\/types\/product"}],"replies":[{"embeddable":true,"href":"https:\/\/wiejskieprzysmaki.estima.site\/en\/wp-json\/wp\/v2\/comments?post=7433"}],"wp:featuredmedia":[{"embeddable":true,"href":"https:\/\/wiejskieprzysmaki.estima.site\/en\/wp-json\/wp\/v2\/media\/7434"}],"wp:attachment":[{"href":"https:\/\/wiejskieprzysmaki.estima.site\/en\/wp-json\/wp\/v2\/media?parent=7433"}],"wp:term":[{"taxonomy":"product_brand","embeddable":true,"href":"https:\/\/wiejskieprzysmaki.estima.site\/en\/wp-json\/wp\/v2\/product_brand?post=7433"},{"taxonomy":"product_cat","embeddable":true,"href":"https:\/\/wiejskieprzysmaki.estima.site\/en\/wp-json\/wp\/v2\/product_cat?post=7433"},{"taxonomy":"product_tag","embeddable":true,"href":"https:\/\/wiejskieprzysmaki.estima.site\/en\/wp-json\/wp\/v2\/product_tag?post=7433"}],"curies":[{"name":"wp","href":"https:\/\/api.w.org\/{rel}","templated":true}]}}