{"id":7445,"date":"2025-02-18T11:43:33","date_gmt":"2025-02-18T10:43:33","guid":{"rendered":"https:\/\/wiejskieprzysmaki.estima.site\/produkt\/buraczki-tarte-500-g-krokus\/"},"modified":"2025-02-18T11:43:39","modified_gmt":"2025-02-18T10:43:39","slug":"buraczki-tarte-500-g-krokus","status":"publish","type":"product","link":"https:\/\/wiejskieprzysmaki.estima.site\/en\/product\/buraczki-tarte-500-g-krokus\/","title":{"rendered":"BURACZKI TARTE 500 g &#8211; KROKUS"},"content":{"rendered":"<p>SK\u0141ADNIKI<br \/>buraczki, cebula, olej ro\u015blinny rzepakowy, cukier, s\u00f3l, koncentrat jab\u0142kowy, regulator kwasowo\u015bci: kwas mlekowy. <\/p>\n<p>OPIS<br \/>Buraczki tarte. Produkt pasteryzowany.<\/p>\n<p>WARTO\u015a\u0106 OD\u017bYWCZA W 100 g<br \/>Warto\u015b\u0107 energetyczna: 252 kJ\/60 kcal<br \/>T\u0142uszcz: 3,7 g<br \/>w tym kwasy t\u0142uszczowe nasycone: 0 g<br \/>W\u0119glowodany: 6,5 g<br \/>w tym cukry: 5,4 g<br \/>Bia\u0142ko: 0 g<br \/>S\u00f3l: 0,7 g<\/p>\n<p>ZALECANE WARUNKI PRZECHOWYWANIA<br \/>Przechowywa\u0107 w ch\u0142odnym i suchym miejscu. Po otwarciu przechowywa\u0107 w lod\u00f3wce.<\/p>","protected":false},"excerpt":{"rendered":"<p>SK\u0141ADNIKIburaczki, cebula, olej ro\u015blinny rzepakowy, cukier, s\u00f3l, koncentrat jab\u0142kowy, regulator kwasowo\u015bci: kwas mlekowy. OPISBuraczki tarte. Produkt pasteryzowany. WARTO\u015a\u0106 OD\u017bYWCZA W 100 gWarto\u015b\u0107 energetyczna: 252 kJ\/60 kcalT\u0142uszcz: 3,7 gw tym kwasy t\u0142uszczowe nasycone: 0 gW\u0119glowodany: 6,5 gw tym cukry: 5,4 gBia\u0142ko: 0 gS\u00f3l: 0,7 g ZALECANE WARUNKI PRZECHOWYWANIAPrzechowywa\u0107 w ch\u0142odnym i suchym miejscu. Po otwarciu przechowywa\u0107 [&hellip;]<\/p>","protected":false},"featured_media":7446,"comment_status":"closed","ping_status":"open","template":"","meta":{"_acf_changed":false},"product_brand":[],"product_cat":[1061,180],"product_tag":[],"class_list":{"0":"post-7445","1":"product","2":"type-product","3":"status-publish","4":"has-post-thumbnail","6":"product_cat-marynowane-kiszone","7":"product_cat-warzywa-i-grzyby-przetworzone","8":"pa_ean-matka-5855","9":"pa_gwarancja-przydatnosci-311","10":"pa_ilosc-w-opakowaniu-298","11":"pa_jednostka-podstawowa-szt","12":"pa_kod-cn-2005-99-80","13":"pa_kraj-pochodzenia-skladnikow-polska","14":"pa_masa-netto-347","15":"pa_objetosc-brutto-3173","16":"pa_producent-krokus-przetwory-owocowe-i-warzywne","17":"pa_producent-nazwa-adres-krokus-przetwornia-owocow-i-warzyw-czeslaw-caryk-sp-j-pajakow-25-b-26-704-przylek","18":"pa_tagi-bez-glutenu-w-skladnikach","19":"pa_tagi-weganski","20":"pa_tagi-wegetarianski","22":"first","23":"instock","24":"taxable","25":"shipping-taxable","26":"purchasable","27":"product-type-simple"},"acf":[],"_links":{"self":[{"href":"https:\/\/wiejskieprzysmaki.estima.site\/en\/wp-json\/wp\/v2\/product\/7445","targetHints":{"allow":["GET"]}}],"collection":[{"href":"https:\/\/wiejskieprzysmaki.estima.site\/en\/wp-json\/wp\/v2\/product"}],"about":[{"href":"https:\/\/wiejskieprzysmaki.estima.site\/en\/wp-json\/wp\/v2\/types\/product"}],"replies":[{"embeddable":true,"href":"https:\/\/wiejskieprzysmaki.estima.site\/en\/wp-json\/wp\/v2\/comments?post=7445"}],"wp:featuredmedia":[{"embeddable":true,"href":"https:\/\/wiejskieprzysmaki.estima.site\/en\/wp-json\/wp\/v2\/media\/7446"}],"wp:attachment":[{"href":"https:\/\/wiejskieprzysmaki.estima.site\/en\/wp-json\/wp\/v2\/media?parent=7445"}],"wp:term":[{"taxonomy":"product_brand","embeddable":true,"href":"https:\/\/wiejskieprzysmaki.estima.site\/en\/wp-json\/wp\/v2\/product_brand?post=7445"},{"taxonomy":"product_cat","embeddable":true,"href":"https:\/\/wiejskieprzysmaki.estima.site\/en\/wp-json\/wp\/v2\/product_cat?post=7445"},{"taxonomy":"product_tag","embeddable":true,"href":"https:\/\/wiejskieprzysmaki.estima.site\/en\/wp-json\/wp\/v2\/product_tag?post=7445"}],"curies":[{"name":"wp","href":"https:\/\/api.w.org\/{rel}","templated":true}]}}