{"id":7447,"date":"2025-02-18T11:43:33","date_gmt":"2025-02-18T10:43:33","guid":{"rendered":"https:\/\/wiejskieprzysmaki.estima.site\/produkt\/powidla-sliwkowe-bez-dodatku-cukrow-310-g-krokus\/"},"modified":"2025-02-18T11:43:39","modified_gmt":"2025-02-18T10:43:39","slug":"powidla-sliwkowe-bez-dodatku-cukrow-310-g-krokus","status":"publish","type":"product","link":"https:\/\/wiejskieprzysmaki.estima.site\/en\/product\/powidla-sliwkowe-bez-dodatku-cukrow-310-g-krokus\/","title":{"rendered":"POWID\u0141A \u015aLIWKOWE BEZ DODATKU CUKR\u00d3W 310 g &#8211; KROKUS"},"content":{"rendered":"<p>SK\u0141ADNIKI<br \/>\u015bliwki w\u0119gierki.<\/p>\n<p>OPIS<br \/>Sporz\u0105dzono z 215 g owoc\u00f3w na 100 g produktu.<br \/>Produkcja powide\u0142 bez dodatku cukru wymaga staranno\u015bci. Ca\u0142e owoce ze sk\u00f3rk\u0105, rozparzamy, przecieramy przez g\u0119ste sita i zag\u0119szczamy w wyparkach (kocio\u0142kach pr\u00f3\u017cniowych gdzie temperatura wrzenia wynosi 80\u00b0C). Dzi\u0119ki czemu powid\u0142a s\u0105 g\u0142adkie. Poniewa\u017c nie dodajemy cukru ani innych substancji s\u0142odz\u0105cych, jak sok winogronowy, powid\u0142a \u015bliwkowe s\u0105 lekko kwaskowate, o wyra\u017anym smaku w\u0119gierek. <br \/>Powid\u0142ami \u015bliwkowymi bez dodatku cukru mo\u017cna posmarowa\u0107 chleb z mas\u0142em, tost, bu\u0142k\u0119 czy rogalika. Piernik prze\u0142o\u017cony tymi powid\u0142ami zyskuje szlachetny winny smak. Powid\u0142a \u015bliwkowe dobrze \u0142\u0105cz\u0105 si\u0119 z naturalnymi serkami, kaszami, ry\u017cem gotowanym na mleku. Proponujemy doda\u0107 je do porannej owsianki czy musli. Mo\u017cna z nich r\u00f3wnie\u017c przygotowa\u0107 ciekawy sos mi\u0119s lub wytrawn\u0105 zup\u0119 \u015bliwkow\u0105.<\/p>\n<p>Powid\u0142a \u015bliwkowe bez dodatku cukru:<br \/>&#8211; zawiera naturalnie wyst\u0119puj\u0119 cukry<br \/>&#8211; ca\u0142e owoce przetarte ze sk\u00f3rk\u0105<br \/>&#8211; g\u0142adka, smarowna konsystencja<\/p>\n<p>Produkt pasteryzowany.<\/p>\n<p>WARTO\u015a\u0106 OD\u017bYWCZA W 100 g<br \/>Warto\u015b\u0107 energetyczna: 413 kJ\/99 kcal<br \/>T\u0142uszcz: 0,6 g<br \/>w tym kwasy t\u0142uszczowe nasycone: 0 g<br \/>W\u0119glowodany: 24 g<br \/>w tym cukry: 21 g<br \/>Bia\u0142ko: 0,6 g<br \/>S\u00f3l: 0 g <\/p>\n<p>ZALECANE WARUNKI PRZECHOWYWANIA<br \/>Przechowywa\u0107 w suchym i ch\u0142odnym miejscu, po otwarciu przechowywa\u0107 w lod\u00f3wce.<\/p>","protected":false},"excerpt":{"rendered":"<p>SK\u0141ADNIKI\u015bliwki w\u0119gierki. OPISSporz\u0105dzono z 215 g owoc\u00f3w na 100 g produktu.Produkcja powide\u0142 bez dodatku cukru wymaga staranno\u015bci. Ca\u0142e owoce ze sk\u00f3rk\u0105, rozparzamy, przecieramy przez g\u0119ste sita i zag\u0119szczamy w wyparkach (kocio\u0142kach pr\u00f3\u017cniowych gdzie temperatura wrzenia wynosi 80\u00b0C). Dzi\u0119ki czemu powid\u0142a s\u0105 g\u0142adkie. Poniewa\u017c nie dodajemy cukru ani innych substancji s\u0142odz\u0105cych, jak sok winogronowy, powid\u0142a \u015bliwkowe [&hellip;]<\/p>","protected":false},"featured_media":7448,"comment_status":"closed","ping_status":"open","template":"","meta":{"_acf_changed":false},"product_brand":[],"product_cat":[999,998],"product_tag":[],"class_list":{"0":"post-7447","1":"product","2":"type-product","3":"status-publish","4":"has-post-thumbnail","6":"product_cat-dzemy-konfitury-musy","7":"product_cat-przetwory-warzywne-i-owocowe","8":"pa_ean-matka-5857","9":"pa_gwarancja-przydatnosci-311","10":"pa_ilosc-w-opakowaniu-298","11":"pa_jednostka-podstawowa-szt","12":"pa_kod-cn-2007-99-97","13":"pa_masa-netto-5486","14":"pa_objetosc-brutto-5856","15":"pa_producent-krokus-przetwory-owocowe-i-warzywne","16":"pa_producent-nazwa-adres-krokus-przetwornia-owocow-i-warzyw-czeslaw-caryk-sp-j-pajakow-25-b-26-704-przylek","17":"pa_tagi-bez-glutenu-w-skladnikach","18":"pa_tagi-weganski","19":"pa_tagi-wegetarianski","21":"first","22":"instock","23":"taxable","24":"shipping-taxable","25":"purchasable","26":"product-type-simple"},"acf":[],"_links":{"self":[{"href":"https:\/\/wiejskieprzysmaki.estima.site\/en\/wp-json\/wp\/v2\/product\/7447","targetHints":{"allow":["GET"]}}],"collection":[{"href":"https:\/\/wiejskieprzysmaki.estima.site\/en\/wp-json\/wp\/v2\/product"}],"about":[{"href":"https:\/\/wiejskieprzysmaki.estima.site\/en\/wp-json\/wp\/v2\/types\/product"}],"replies":[{"embeddable":true,"href":"https:\/\/wiejskieprzysmaki.estima.site\/en\/wp-json\/wp\/v2\/comments?post=7447"}],"wp:featuredmedia":[{"embeddable":true,"href":"https:\/\/wiejskieprzysmaki.estima.site\/en\/wp-json\/wp\/v2\/media\/7448"}],"wp:attachment":[{"href":"https:\/\/wiejskieprzysmaki.estima.site\/en\/wp-json\/wp\/v2\/media?parent=7447"}],"wp:term":[{"taxonomy":"product_brand","embeddable":true,"href":"https:\/\/wiejskieprzysmaki.estima.site\/en\/wp-json\/wp\/v2\/product_brand?post=7447"},{"taxonomy":"product_cat","embeddable":true,"href":"https:\/\/wiejskieprzysmaki.estima.site\/en\/wp-json\/wp\/v2\/product_cat?post=7447"},{"taxonomy":"product_tag","embeddable":true,"href":"https:\/\/wiejskieprzysmaki.estima.site\/en\/wp-json\/wp\/v2\/product_tag?post=7447"}],"curies":[{"name":"wp","href":"https:\/\/api.w.org\/{rel}","templated":true}]}}