{"id":7453,"date":"2025-02-18T11:43:33","date_gmt":"2025-02-18T10:43:33","guid":{"rendered":"https:\/\/wiejskieprzysmaki.estima.site\/produkt\/ketchup-bezglutenowy-180-g-krokus\/"},"modified":"2025-02-18T11:43:41","modified_gmt":"2025-02-18T10:43:41","slug":"ketchup-bezglutenowy-180-g-krokus","status":"publish","type":"product","link":"https:\/\/wiejskieprzysmaki.estima.site\/en\/product\/ketchup-bezglutenowy-180-g-krokus\/","title":{"rendered":"KETCHUP BEZGLUTENOWY 180 g &#8211; KROKUS"},"content":{"rendered":"<p>SK\u0141ADNIKI<br \/>przetarte pomidory, cebula, ocet spirytusowy, cukier, s\u00f3l, przyprawy.<\/p>\n<p>OPIS<br \/>Produkt pasteryzowany.<br \/>Na wyprodukowanie 100 g naszego ketchupu zu\u017cywamy 235 g \u015bwie\u017cych pomidor\u00f3w. <\/p>\n<p>WARTO\u015a\u0106 OD\u017bYWCZA W 100 g <br \/>Warto\u015b\u0107 energetyczna: 421 kJ\/100 kcal  <br \/>T\u0142uszcz: 0 g  <br \/>w tym kwasy t\u0142uszczowe nasycone: 0 g <br \/>W\u0119glowodany: 22 g  <br \/>w tym cukry: 17 g  <br \/>Bia\u0142ko: 2,1 g  <br \/>S\u00f3l: 0,8 g<\/p>\n<p>ZALECANE WARUNKI PRZECHOWYWANIA  <br \/>Przechowywa\u0107 w suchym i ch\u0142odnym miejscu. Po otwarciu w lod\u00f3wce.<\/p>","protected":false},"excerpt":{"rendered":"<p>SK\u0141ADNIKIprzetarte pomidory, cebula, ocet spirytusowy, cukier, s\u00f3l, przyprawy. OPISProdukt pasteryzowany.Na wyprodukowanie 100 g naszego ketchupu zu\u017cywamy 235 g \u015bwie\u017cych pomidor\u00f3w. WARTO\u015a\u0106 OD\u017bYWCZA W 100 g Warto\u015b\u0107 energetyczna: 421 kJ\/100 kcal T\u0142uszcz: 0 g w tym kwasy t\u0142uszczowe nasycone: 0 g W\u0119glowodany: 22 g w tym cukry: 17 g Bia\u0142ko: 2,1 g S\u00f3l: 0,8 g ZALECANE [&hellip;]<\/p>","protected":false},"featured_media":7454,"comment_status":"closed","ping_status":"open","template":"","meta":{"_acf_changed":false},"product_brand":[],"product_cat":[95,94],"product_tag":[],"class_list":{"0":"post-7453","1":"product","2":"type-product","3":"status-publish","4":"has-post-thumbnail","6":"product_cat-ketchupy-koncentraty-sosy-pomidorowe","7":"product_cat-sosy","8":"pa_ean-matka-5860","9":"pa_gwarancja-przydatnosci-311","10":"pa_ilosc-w-opakowaniu-298","11":"pa_jednostka-podstawowa-szt","12":"pa_kod-cn-2103-20-00","13":"pa_masa-netto-432","14":"pa_objetosc-brutto-470","15":"pa_producent-krokus-przetwory-owocowe-i-warzywne","16":"pa_producent-nazwa-adres-krokus-przetwornia-owocow-i-warzyw-czeslaw-caryk-sp-j-pajakow-25-b-26-704-przylek","17":"pa_tagi-bez-glutenu-deklaracja","18":"pa_tagi-bez-glutenu-w-skladnikach","19":"pa_tagi-weganski","20":"pa_tagi-wegetarianski","22":"first","23":"instock","24":"taxable","25":"shipping-taxable","26":"purchasable","27":"product-type-simple"},"acf":[],"_links":{"self":[{"href":"https:\/\/wiejskieprzysmaki.estima.site\/en\/wp-json\/wp\/v2\/product\/7453","targetHints":{"allow":["GET"]}}],"collection":[{"href":"https:\/\/wiejskieprzysmaki.estima.site\/en\/wp-json\/wp\/v2\/product"}],"about":[{"href":"https:\/\/wiejskieprzysmaki.estima.site\/en\/wp-json\/wp\/v2\/types\/product"}],"replies":[{"embeddable":true,"href":"https:\/\/wiejskieprzysmaki.estima.site\/en\/wp-json\/wp\/v2\/comments?post=7453"}],"wp:featuredmedia":[{"embeddable":true,"href":"https:\/\/wiejskieprzysmaki.estima.site\/en\/wp-json\/wp\/v2\/media\/7454"}],"wp:attachment":[{"href":"https:\/\/wiejskieprzysmaki.estima.site\/en\/wp-json\/wp\/v2\/media?parent=7453"}],"wp:term":[{"taxonomy":"product_brand","embeddable":true,"href":"https:\/\/wiejskieprzysmaki.estima.site\/en\/wp-json\/wp\/v2\/product_brand?post=7453"},{"taxonomy":"product_cat","embeddable":true,"href":"https:\/\/wiejskieprzysmaki.estima.site\/en\/wp-json\/wp\/v2\/product_cat?post=7453"},{"taxonomy":"product_tag","embeddable":true,"href":"https:\/\/wiejskieprzysmaki.estima.site\/en\/wp-json\/wp\/v2\/product_tag?post=7453"}],"curies":[{"name":"wp","href":"https:\/\/api.w.org\/{rel}","templated":true}]}}