{"id":7455,"date":"2025-02-18T11:43:42","date_gmt":"2025-02-18T10:43:42","guid":{"rendered":"https:\/\/wiejskieprzysmaki.estima.site\/produkt\/cwikla-z-chrzanem-280-g-krokus\/"},"modified":"2025-02-18T11:43:42","modified_gmt":"2025-02-18T10:43:42","slug":"cwikla-z-chrzanem-280-g-krokus","status":"publish","type":"product","link":"https:\/\/wiejskieprzysmaki.estima.site\/en\/product\/cwikla-z-chrzanem-280-g-krokus\/","title":{"rendered":"\u0106WIK\u0141A Z CHRZANEM 280 g &#8211; KROKUS"},"content":{"rendered":"<p>SK\u0141ADNIKI<br \/>burak \u0107wik\u0142owy (60 %), korze\u0144 chrzanu (30 %), woda, ocet jab\u0142kowy, cukier, s\u00f3l.<\/p>\n<p>OPIS<br \/>Buraczki do naszej \u0107wik\u0142y parujemy w sk\u00f3rce, dzi\u0119ki czemu s\u0105 s\u0142odsze i zachowuj\u0105 wi\u0119cej warto\u015bci od\u017cywczych. Tak przygotowane warzywa obieramy i przecieramy nadaj\u0105c im g\u0142adk\u0105 konsystencj\u0119. Dodajemy cukier, s\u00f3l, ocet. Jako ostatni dodajemy przetarty chrzan, ca\u0142o\u015b\u0107 dok\u0142adnie mieszamy i rozlewamy do s\u0142oj\u00f3w. \u0106wik\u0142\u0119 pasteryzujemy, aby nie trzeba by\u0142o doda\u0107 konserwant\u00f3w. <br \/>\u0106wik\u0142a jest znanym i cenionym dodatkiem do w\u0119dlin, wszelkiego rodzaju mi\u0119s i pasztet\u00f3w. Osobom, kt\u00f3re szukaj\u0105 \u015bwie\u017cszego spojrzenia na \u0107wik\u0142\u0119 polecamy z krakersami lub chipsami.  <\/p>\n<p>Produkt pasteryzowany. <\/p>\n<p>WARTO\u015a\u0106 OD\u017bYWCZA W 100 g <br \/>Warto\u015b\u0107 energetyczna: 252 kJ\/60 kcal <br \/>T\u0142uszcz: 0,5 g <br \/>w tym kwasy t\u0142uszczowe nasycone: 0 g  <br \/>W\u0119glowodany: 12 g  <br \/>w tym cukry: 7,1 g  <br \/>Bia\u0142ko: 1,6 g  <br \/>S\u00f3l: 1,0 g<\/p>\n<p>ZALECANE WARUNKI PRZECHOWYWANIA  <br \/>Przechowywa\u0107 w suchym i ch\u0142odnym miejscu, po otwarciu przechowywa\u0107 w lod\u00f3wce.<\/p>","protected":false},"excerpt":{"rendered":"<p>SK\u0141ADNIKIburak \u0107wik\u0142owy (60 %), korze\u0144 chrzanu (30 %), woda, ocet jab\u0142kowy, cukier, s\u00f3l. OPISBuraczki do naszej \u0107wik\u0142y parujemy w sk\u00f3rce, dzi\u0119ki czemu s\u0105 s\u0142odsze i zachowuj\u0105 wi\u0119cej warto\u015bci od\u017cywczych. Tak przygotowane warzywa obieramy i przecieramy nadaj\u0105c im g\u0142adk\u0105 konsystencj\u0119. Dodajemy cukier, s\u00f3l, ocet. Jako ostatni dodajemy przetarty chrzan, ca\u0142o\u015b\u0107 dok\u0142adnie mieszamy i rozlewamy do s\u0142oj\u00f3w. [&hellip;]<\/p>","protected":false},"featured_media":7456,"comment_status":"closed","ping_status":"open","template":"","meta":{"_acf_changed":false},"product_brand":[],"product_cat":[1061,180],"product_tag":[],"class_list":{"0":"post-7455","1":"product","2":"type-product","3":"status-publish","4":"has-post-thumbnail","6":"product_cat-marynowane-kiszone","7":"product_cat-warzywa-i-grzyby-przetworzone","8":"pa_ean-matka-5861","9":"pa_gwarancja-przydatnosci-311","10":"pa_ilosc-w-opakowaniu-298","11":"pa_jednostka-podstawowa-szt","12":"pa_kod-cn-2001-90-97","13":"pa_kraj-pochodzenia-skladnikow-polska","14":"pa_masa-netto-1334","15":"pa_objetosc-brutto-303","16":"pa_producent-krokus-przetwory-owocowe-i-warzywne","17":"pa_producent-nazwa-adres-krokus-przetwornia-owocow-i-warzyw-czeslaw-caryk-sp-j-pajakow-25-b-26-704-przylek","18":"pa_tagi-bez-glutenu-w-skladnikach","19":"pa_tagi-weganski","20":"pa_tagi-wegetarianski","22":"first","23":"instock","24":"taxable","25":"shipping-taxable","26":"purchasable","27":"product-type-simple"},"acf":[],"_links":{"self":[{"href":"https:\/\/wiejskieprzysmaki.estima.site\/en\/wp-json\/wp\/v2\/product\/7455","targetHints":{"allow":["GET"]}}],"collection":[{"href":"https:\/\/wiejskieprzysmaki.estima.site\/en\/wp-json\/wp\/v2\/product"}],"about":[{"href":"https:\/\/wiejskieprzysmaki.estima.site\/en\/wp-json\/wp\/v2\/types\/product"}],"replies":[{"embeddable":true,"href":"https:\/\/wiejskieprzysmaki.estima.site\/en\/wp-json\/wp\/v2\/comments?post=7455"}],"wp:featuredmedia":[{"embeddable":true,"href":"https:\/\/wiejskieprzysmaki.estima.site\/en\/wp-json\/wp\/v2\/media\/7456"}],"wp:attachment":[{"href":"https:\/\/wiejskieprzysmaki.estima.site\/en\/wp-json\/wp\/v2\/media?parent=7455"}],"wp:term":[{"taxonomy":"product_brand","embeddable":true,"href":"https:\/\/wiejskieprzysmaki.estima.site\/en\/wp-json\/wp\/v2\/product_brand?post=7455"},{"taxonomy":"product_cat","embeddable":true,"href":"https:\/\/wiejskieprzysmaki.estima.site\/en\/wp-json\/wp\/v2\/product_cat?post=7455"},{"taxonomy":"product_tag","embeddable":true,"href":"https:\/\/wiejskieprzysmaki.estima.site\/en\/wp-json\/wp\/v2\/product_tag?post=7455"}],"curies":[{"name":"wp","href":"https:\/\/api.w.org\/{rel}","templated":true}]}}