{"id":7457,"date":"2025-02-18T11:43:42","date_gmt":"2025-02-18T10:43:42","guid":{"rendered":"https:\/\/wiejskieprzysmaki.estima.site\/produkt\/przecier-ogorkowy-340-g-krokus\/"},"modified":"2025-02-18T11:43:42","modified_gmt":"2025-02-18T10:43:42","slug":"przecier-ogorkowy-340-g-krokus","status":"publish","type":"product","link":"https:\/\/wiejskieprzysmaki.estima.site\/en\/product\/przecier-ogorkowy-340-g-krokus\/","title":{"rendered":"PRZECIER OG\u00d3RKOWY 340 g &#8211; KROKUS"},"content":{"rendered":"<p>SK\u0141ADNIKI<br \/>og\u00f3rki kiszone (og\u00f3rki, woda, s\u00f3l, koper, czosnek, chrzan), marchew. <\/p>\n<p>OPIS<br \/>Nasz przecier og\u00f3rkowy to og\u00f3rki kiszone z marchewk\u0105 przetarte na tarce warzywnej o du\u017cych oczkach, dzi\u0119ki temu wi\u00f3rki s\u0105 spore. Na przecier trafiaj\u0105 og\u00f3rki produkowane dok\u0142adnie tak samo jak te do s\u0142oi. Kisimy wi\u0119c tylko wybrane przez nas odmiany og\u00f3rk\u00f3w, kt\u00f3re wcze\u015bniej kontraktujemy. Kupujemy dla rolnik\u00f3w nasiona tych odmian, kt\u00f3re kisz\u0105 si\u0119 najlepiej. U\u017cywamy tylko polskich, \u015bwie\u017cych przypraw: baldachy kopru, \u015bwie\u017cy korze\u0144 i li\u015b\u0107 chrzanu, polski zmielony czosnek. Nadaje to og\u00f3rkom wyj\u0105tkowy smak.<br \/>Og\u00f3rki kisimy w niewielkich beczkach tak, aby stosowa\u0107 mniejsze st\u0119\u017cenie soli i mie\u0107 nadz\u00f3r nad ca\u0142ym procesem. <br \/>G\u0142\u00f3wnym przeznaczeniem naszego przecieru to zupa og\u00f3rkowa, kt\u00f3rej przygotowanie z naszym przecierem mo\u017ce zaj\u0105\u0107 15 min. Przecier nadaje si\u0119 r\u00f3wnie\u017c do przygotowania sosu og\u00f3rkowego czy jako sk\u0142adnik sa\u0142atek warzywnych. Mo\u017cna poda\u0107 go, jako porcj\u0119 warzyw do obiadu np. dla ma\u0142ych dzieci, kt\u00f3re mog\u0105 mie\u0107 jeszcze problem z pogryzieniem ca\u0142ych og\u00f3rk\u00f3w. <\/p>\n<p>Produkt pasteryzowany.<\/p>\n<p>Na wieczku opakowania znajduje si\u0119 propozycja podania.<\/p>\n<p>WARTO\u015a\u0106 OD\u017bYWCZA W 100 g<br \/>Warto\u015b\u0107 energetyczna: 72 kJ\/17 kcal  <br \/>T\u0142uszcz: 0,1 g  <br \/>w tym kwasy t\u0142uszczowe nasycone: 0 g  <br \/>W\u0119glowodany: 4,0 g  <br \/>w tym cukry: 2,0 g    <br \/>Bia\u0142ko: 0,7 g  <br \/>S\u00f3l: 1,7 g<\/p>\n<p>INFORMACJA ALERGENNA<br \/>Mo\u017ce zawiera\u0107 gorczyc\u0119.<\/p>\n<p>ZALECANE WARUNKI PRZECHOWYWANIA<br \/>Przechowywa\u0107 w suchym i ch\u0142odnym miejscu, po otwarciu przechowywa\u0107 w lod\u00f3wce.<\/p>","protected":false},"excerpt":{"rendered":"<p>SK\u0141ADNIKIog\u00f3rki kiszone (og\u00f3rki, woda, s\u00f3l, koper, czosnek, chrzan), marchew. OPISNasz przecier og\u00f3rkowy to og\u00f3rki kiszone z marchewk\u0105 przetarte na tarce warzywnej o du\u017cych oczkach, dzi\u0119ki temu wi\u00f3rki s\u0105 spore. Na przecier trafiaj\u0105 og\u00f3rki produkowane dok\u0142adnie tak samo jak te do s\u0142oi. Kisimy wi\u0119c tylko wybrane przez nas odmiany og\u00f3rk\u00f3w, kt\u00f3re wcze\u015bniej kontraktujemy. Kupujemy dla rolnik\u00f3w [&hellip;]<\/p>","protected":false},"featured_media":7458,"comment_status":"closed","ping_status":"open","template":"","meta":{"_acf_changed":false},"product_brand":[],"product_cat":[1061,180],"product_tag":[],"class_list":{"0":"post-7457","1":"product","2":"type-product","3":"status-publish","4":"has-post-thumbnail","6":"product_cat-marynowane-kiszone","7":"product_cat-warzywa-i-grzyby-przetworzone","8":"pa_ean-matka-5862","9":"pa_gwarancja-przydatnosci-311","10":"pa_ilosc-w-opakowaniu-298","11":"pa_jednostka-podstawowa-szt","12":"pa_kod-cn-2005-99-80","13":"pa_masa-netto-3409","14":"pa_objetosc-brutto-2521","15":"pa_producent-krokus-przetwory-owocowe-i-warzywne","16":"pa_producent-nazwa-adres-krokus-przetwornia-owocow-i-warzyw-czeslaw-caryk-sp-j-pajakow-25-b-26-704-przylek","17":"pa_tagi-bez-cukru-w-skladnikach","18":"pa_tagi-bez-glutenu-w-skladnikach","19":"pa_tagi-weganski","20":"pa_tagi-wegetarianski","22":"first","23":"instock","24":"taxable","25":"shipping-taxable","26":"purchasable","27":"product-type-simple"},"acf":[],"_links":{"self":[{"href":"https:\/\/wiejskieprzysmaki.estima.site\/en\/wp-json\/wp\/v2\/product\/7457","targetHints":{"allow":["GET"]}}],"collection":[{"href":"https:\/\/wiejskieprzysmaki.estima.site\/en\/wp-json\/wp\/v2\/product"}],"about":[{"href":"https:\/\/wiejskieprzysmaki.estima.site\/en\/wp-json\/wp\/v2\/types\/product"}],"replies":[{"embeddable":true,"href":"https:\/\/wiejskieprzysmaki.estima.site\/en\/wp-json\/wp\/v2\/comments?post=7457"}],"wp:featuredmedia":[{"embeddable":true,"href":"https:\/\/wiejskieprzysmaki.estima.site\/en\/wp-json\/wp\/v2\/media\/7458"}],"wp:attachment":[{"href":"https:\/\/wiejskieprzysmaki.estima.site\/en\/wp-json\/wp\/v2\/media?parent=7457"}],"wp:term":[{"taxonomy":"product_brand","embeddable":true,"href":"https:\/\/wiejskieprzysmaki.estima.site\/en\/wp-json\/wp\/v2\/product_brand?post=7457"},{"taxonomy":"product_cat","embeddable":true,"href":"https:\/\/wiejskieprzysmaki.estima.site\/en\/wp-json\/wp\/v2\/product_cat?post=7457"},{"taxonomy":"product_tag","embeddable":true,"href":"https:\/\/wiejskieprzysmaki.estima.site\/en\/wp-json\/wp\/v2\/product_tag?post=7457"}],"curies":[{"name":"wp","href":"https:\/\/api.w.org\/{rel}","templated":true}]}}