{"id":747,"date":"2025-02-18T10:31:39","date_gmt":"2025-02-18T09:31:39","guid":{"rendered":"https:\/\/wiejskieprzysmaki.estima.site\/produkt\/kasza-jaglana-ekspandowana-bio-surowiec-15-kg\/"},"modified":"2025-02-18T10:31:42","modified_gmt":"2025-02-18T09:31:42","slug":"kasza-jaglana-ekspandowana-bio-surowiec-15-kg","status":"publish","type":"product","link":"https:\/\/wiejskieprzysmaki.estima.site\/en\/product\/kasza-jaglana-ekspandowana-bio-surowiec-15-kg\/","title":{"rendered":"KASZA JAGLANA EKSPANDOWANA BIO (SUROWIEC) (15 kg)"},"content":{"rendered":"<p>SK\u0141ADNIKI<br \/>ekologiczna kasza jaglana ekspandowana 100 %.<\/p>\n<p>OPIS<br \/>Ekologiczna kasza jaglana ekspandowana to praktyczna i wygodna forma warto\u015bciowego zbo\u017ca, przeznaczona do bezpo\u015bredniego spo\u017cycia. Doskonale sprawdza si\u0119 jako dodatek do jogurt\u00f3w, musli, sa\u0142atek, wypiek\u00f3w oraz deser\u00f3w.<\/p>\n<p>WARTO\u015a\u0106 OD\u017bYWCZA W 100 g<br \/>Warto\u015b\u0107 energetyczna: 1498 kJ\/354 kcal<br \/>T\u0142uszcz: 3,1 g<br \/>w tym kwasy t\u0142uszczowe nasycone: 0,5 g<br \/>W\u0119glowodany: 68 g<br \/>w tym cukry: 1,1 g<br \/>B\u0142onnik: 2,9 g<br \/>Bia\u0142ko: 12 g<br \/>S\u00f3l: 0,01 g<\/p>\n<p>ZALECANE WARUNKI PRZECHOWYWANIA<br \/>Przechowywa\u0107 w suchym i ch\u0142odnym miejscu.<\/p>","protected":false},"excerpt":{"rendered":"<p>SK\u0141ADNIKIekologiczna kasza jaglana ekspandowana 100 %. OPISEkologiczna kasza jaglana ekspandowana to praktyczna i wygodna forma warto\u015bciowego zbo\u017ca, przeznaczona do bezpo\u015bredniego spo\u017cycia. Doskonale sprawdza si\u0119 jako dodatek do jogurt\u00f3w, musli, sa\u0142atek, wypiek\u00f3w oraz deser\u00f3w. WARTO\u015a\u0106 OD\u017bYWCZA W 100 gWarto\u015b\u0107 energetyczna: 1498 kJ\/354 kcalT\u0142uszcz: 3,1 gw tym kwasy t\u0142uszczowe nasycone: 0,5 gW\u0119glowodany: 68 gw tym cukry: 1,1 [&hellip;]<\/p>","protected":false},"featured_media":378,"comment_status":"closed","ping_status":"open","template":"","meta":{"_acf_changed":false},"product_brand":[],"product_cat":[266,265],"product_tag":[],"class_list":{"0":"post-747","1":"product","2":"type-product","3":"status-publish","4":"has-post-thumbnail","6":"product_cat-nasiona-ekspandowane","7":"product_cat-sniadaniowe","8":"pa_ean-matka-679","9":"pa_gwarancja-przydatnosci-311","10":"pa_ilosc-w-opakowaniu-392","11":"pa_jednostka-podstawowa-kg","12":"pa_kod-cn-1904-10-90","13":"pa_kraj-pochodzenia-skladnikow-ukraina","14":"pa_masa-netto-209","15":"pa_producent-horeca-bio-surowce","16":"pa_producent-nazwa-adres-bio-planet-s-a-wilkowa-wies-7-05-084-leszno","17":"pa_tagi-bez-cukru-w-skladnikach","18":"pa_tagi-bez-glutenu-w-skladnikach","19":"pa_tagi-certyfikat-bio","20":"pa_tagi-weganski","21":"pa_tagi-wegetarianski","23":"first","24":"instock","25":"taxable","26":"shipping-taxable","27":"purchasable","28":"product-type-simple"},"acf":[],"_links":{"self":[{"href":"https:\/\/wiejskieprzysmaki.estima.site\/en\/wp-json\/wp\/v2\/product\/747","targetHints":{"allow":["GET"]}}],"collection":[{"href":"https:\/\/wiejskieprzysmaki.estima.site\/en\/wp-json\/wp\/v2\/product"}],"about":[{"href":"https:\/\/wiejskieprzysmaki.estima.site\/en\/wp-json\/wp\/v2\/types\/product"}],"replies":[{"embeddable":true,"href":"https:\/\/wiejskieprzysmaki.estima.site\/en\/wp-json\/wp\/v2\/comments?post=747"}],"wp:featuredmedia":[{"embeddable":true,"href":"https:\/\/wiejskieprzysmaki.estima.site\/en\/wp-json\/wp\/v2\/media\/378"}],"wp:attachment":[{"href":"https:\/\/wiejskieprzysmaki.estima.site\/en\/wp-json\/wp\/v2\/media?parent=747"}],"wp:term":[{"taxonomy":"product_brand","embeddable":true,"href":"https:\/\/wiejskieprzysmaki.estima.site\/en\/wp-json\/wp\/v2\/product_brand?post=747"},{"taxonomy":"product_cat","embeddable":true,"href":"https:\/\/wiejskieprzysmaki.estima.site\/en\/wp-json\/wp\/v2\/product_cat?post=747"},{"taxonomy":"product_tag","embeddable":true,"href":"https:\/\/wiejskieprzysmaki.estima.site\/en\/wp-json\/wp\/v2\/product_tag?post=747"}],"curies":[{"name":"wp","href":"https:\/\/api.w.org\/{rel}","templated":true}]}}