{"id":7471,"date":"2025-02-18T11:43:42","date_gmt":"2025-02-18T10:43:42","guid":{"rendered":"https:\/\/wiejskieprzysmaki.estima.site\/produkt\/zurawina-lesna-310-g-krokus\/"},"modified":"2025-02-18T11:43:52","modified_gmt":"2025-02-18T10:43:52","slug":"zurawina-lesna-310-g-krokus","status":"publish","type":"product","link":"https:\/\/wiejskieprzysmaki.estima.site\/en\/product\/zurawina-lesna-310-g-krokus\/","title":{"rendered":"\u017bURAWINA LE\u015aNA 310 g &#8211; KROKUS"},"content":{"rendered":"<p>SK\u0141ADNIKI<br \/>\u017curawina le\u015bna (53 %), cukier, pektyny &#8211; substancja \u017celuj\u0105ca, kwas cytrynowy &#8211; regulator kwasowo\u015bci.<\/p>\n<p>OPIS<br \/>Sporz\u0105dzono z 53 g owoc\u00f3w na 100 g produktu.<br \/>Owoce \u017curawiny maj\u0105 intensywny, cierpki smak i pi\u0119kny rubinowy kolor. \u017burawina, kt\u00f3r\u0105 produkujemy zachowuje te cechy \u015bwie\u017cych owoc\u00f3w. W s\u0142oiku odnajdziecie Pa\u0144stwo owoce zatopione w niezbyt g\u0119stym sosie. \u017burawina wzbogaca dania, do kt\u00f3rych jest podawana swoim charakterystycznym smakiem i pi\u0119knym, intensywnym kolorem. \u017burawina idealnie nadaje si\u0119 do wszelkiego rodzaju potraw z drobiu, dziczyzny, do grillowanych ser\u00f3w, racuch\u00f3w, plack\u00f3w. Stanowi dobr\u0105 kompozycj\u0119 z gruszkami w syropie czy w occie, jako dodatek do mi\u0119s. Dodaje wykwintno\u015bci s\u0142odkim tortom bezowym. \u015awietnie smakuje ze szpinakowym ciastem \u201emech\u201d. <\/p>\n<p>Produkt pasteryzowany.<\/p>\n<p>WARTO\u015a\u0106 OD\u017bYWCZA W 100 g<br \/>Warto\u015b\u0107 energetyczna: 834 kJ\/199 kcal<br \/>T\u0142uszcz: 0,1 g<br \/>w tym kwasy t\u0142uszczowe nasycone: 0 g<br \/>W\u0119glowodany: 52 g<br \/>w tym cukry: 45 g<br \/>Bia\u0142ko: 0,2 g<br \/>S\u00f3l: 0 g <\/p>\n<p>ZALECANE WARUNKI PRZECHOWYWANIA<br \/>Przechowywa\u0107 w suchym i ch\u0142odnym miejscu, po otwarciu przechowywa\u0107 w lod\u00f3wce.<\/p>","protected":false},"excerpt":{"rendered":"<p>SK\u0141ADNIKI\u017curawina le\u015bna (53 %), cukier, pektyny &#8211; substancja \u017celuj\u0105ca, kwas cytrynowy &#8211; regulator kwasowo\u015bci. OPISSporz\u0105dzono z 53 g owoc\u00f3w na 100 g produktu.Owoce \u017curawiny maj\u0105 intensywny, cierpki smak i pi\u0119kny rubinowy kolor. \u017burawina, kt\u00f3r\u0105 produkujemy zachowuje te cechy \u015bwie\u017cych owoc\u00f3w. W s\u0142oiku odnajdziecie Pa\u0144stwo owoce zatopione w niezbyt g\u0119stym sosie. \u017burawina wzbogaca dania, do kt\u00f3rych [&hellip;]<\/p>","protected":false},"featured_media":7472,"comment_status":"closed","ping_status":"open","template":"","meta":{"_acf_changed":false},"product_brand":[],"product_cat":[999,998],"product_tag":[],"class_list":{"0":"post-7471","1":"product","2":"type-product","3":"status-publish","4":"has-post-thumbnail","6":"product_cat-dzemy-konfitury-musy","7":"product_cat-przetwory-warzywne-i-owocowe","8":"pa_ean-matka-5869","9":"pa_gwarancja-przydatnosci-311","10":"pa_ilosc-w-opakowaniu-298","11":"pa_jednostka-podstawowa-szt","12":"pa_kod-cn-2007-99-39","13":"pa_kraj-pochodzenia-skladnikow-polska","14":"pa_masa-netto-5486","15":"pa_objetosc-brutto-2521","16":"pa_producent-krokus-przetwory-owocowe-i-warzywne","17":"pa_producent-nazwa-adres-krokus-przetwornia-owocow-i-warzyw-czeslaw-caryk-sp-j-pajakow-25-b-26-704-przylek","18":"pa_tagi-bez-glutenu-w-skladnikach","19":"pa_tagi-weganski","20":"pa_tagi-wegetarianski","22":"first","23":"instock","24":"taxable","25":"shipping-taxable","26":"purchasable","27":"product-type-simple"},"acf":[],"_links":{"self":[{"href":"https:\/\/wiejskieprzysmaki.estima.site\/en\/wp-json\/wp\/v2\/product\/7471","targetHints":{"allow":["GET"]}}],"collection":[{"href":"https:\/\/wiejskieprzysmaki.estima.site\/en\/wp-json\/wp\/v2\/product"}],"about":[{"href":"https:\/\/wiejskieprzysmaki.estima.site\/en\/wp-json\/wp\/v2\/types\/product"}],"replies":[{"embeddable":true,"href":"https:\/\/wiejskieprzysmaki.estima.site\/en\/wp-json\/wp\/v2\/comments?post=7471"}],"wp:featuredmedia":[{"embeddable":true,"href":"https:\/\/wiejskieprzysmaki.estima.site\/en\/wp-json\/wp\/v2\/media\/7472"}],"wp:attachment":[{"href":"https:\/\/wiejskieprzysmaki.estima.site\/en\/wp-json\/wp\/v2\/media?parent=7471"}],"wp:term":[{"taxonomy":"product_brand","embeddable":true,"href":"https:\/\/wiejskieprzysmaki.estima.site\/en\/wp-json\/wp\/v2\/product_brand?post=7471"},{"taxonomy":"product_cat","embeddable":true,"href":"https:\/\/wiejskieprzysmaki.estima.site\/en\/wp-json\/wp\/v2\/product_cat?post=7471"},{"taxonomy":"product_tag","embeddable":true,"href":"https:\/\/wiejskieprzysmaki.estima.site\/en\/wp-json\/wp\/v2\/product_tag?post=7471"}],"curies":[{"name":"wp","href":"https:\/\/api.w.org\/{rel}","templated":true}]}}