{"id":7473,"date":"2025-02-18T11:43:42","date_gmt":"2025-02-18T10:43:42","guid":{"rendered":"https:\/\/wiejskieprzysmaki.estima.site\/produkt\/ketchup-pikantny-bezglutenowy-180-g-krokus\/"},"modified":"2025-02-18T11:43:53","modified_gmt":"2025-02-18T10:43:53","slug":"ketchup-pikantny-bezglutenowy-180-g-krokus","status":"publish","type":"product","link":"https:\/\/wiejskieprzysmaki.estima.site\/en\/product\/ketchup-pikantny-bezglutenowy-180-g-krokus\/","title":{"rendered":"KETCHUP PIKANTNY BEZGLUTENOWY 180 g &#8211; KROKUS"},"content":{"rendered":"<p>SK\u0141ADNIKI<br \/>przetarte pomidory, przetarta papryka chili, cebula, cukier, ocet spirytusowy, s\u00f3l, przyprawy.<\/p>\n<p>OPIS<br \/>Ketchup sporz\u0105dzony z 235 g pomidor\u00f3w na 100 g produktu.  Produkt pasteryzowany.<br \/>Na wyprodukowanie 100 g naszego ketchupu zu\u017cywamy 235 g \u015bwie\u017cych pomidor\u00f3w. <br \/>Z dodatkiem \u015bwie\u017cej papryki chili.<\/p>\n<p>WARTO\u015a\u0106 OD\u017bYWCZA W 100 g <br \/>Warto\u015b\u0107 energetyczna: 427 kJ\/102 kcal  <br \/>T\u0142uszcz: 0 g  <br \/>w tym kwasy t\u0142uszczowe nasycone: 0 g  <br \/>W\u0119glowodany: 22 g  <br \/>w tym cukry: 17 g  <br \/>Bia\u0142ko: 2,3 g  <br \/>S\u00f3l: 0,8 g<\/p>\n<p>ZALECANE WARUNKI PRZECHOWYWANIA  <br \/>Przechowywa\u0107 w suchym i ch\u0142odnym miejscu. Po otwarciu w lod\u00f3wce<\/p>","protected":false},"excerpt":{"rendered":"<p>SK\u0141ADNIKIprzetarte pomidory, przetarta papryka chili, cebula, cukier, ocet spirytusowy, s\u00f3l, przyprawy. OPISKetchup sporz\u0105dzony z 235 g pomidor\u00f3w na 100 g produktu. Produkt pasteryzowany.Na wyprodukowanie 100 g naszego ketchupu zu\u017cywamy 235 g \u015bwie\u017cych pomidor\u00f3w. Z dodatkiem \u015bwie\u017cej papryki chili. WARTO\u015a\u0106 OD\u017bYWCZA W 100 g Warto\u015b\u0107 energetyczna: 427 kJ\/102 kcal T\u0142uszcz: 0 g w tym kwasy t\u0142uszczowe [&hellip;]<\/p>","protected":false},"featured_media":7474,"comment_status":"closed","ping_status":"open","template":"","meta":{"_acf_changed":false},"product_brand":[],"product_cat":[95,94],"product_tag":[],"class_list":{"0":"post-7473","1":"product","2":"type-product","3":"status-publish","4":"has-post-thumbnail","6":"product_cat-ketchupy-koncentraty-sosy-pomidorowe","7":"product_cat-sosy","8":"pa_ean-matka-5870","9":"pa_gwarancja-przydatnosci-311","10":"pa_ilosc-w-opakowaniu-298","11":"pa_jednostka-podstawowa-szt","12":"pa_kod-cn-2103-20-00","13":"pa_kraj-pochodzenia-skladnikow-polska","14":"pa_masa-netto-432","15":"pa_objetosc-brutto-470","16":"pa_producent-krokus-przetwory-owocowe-i-warzywne","17":"pa_producent-nazwa-adres-krokus-przetwornia-owocow-i-warzyw-czeslaw-caryk-sp-j-pajakow-25-b-26-704-przylek","18":"pa_tagi-bez-glutenu-deklaracja","19":"pa_tagi-bez-glutenu-w-skladnikach","20":"pa_tagi-weganski","21":"pa_tagi-wegetarianski","23":"first","24":"instock","25":"taxable","26":"shipping-taxable","27":"purchasable","28":"product-type-simple"},"acf":[],"_links":{"self":[{"href":"https:\/\/wiejskieprzysmaki.estima.site\/en\/wp-json\/wp\/v2\/product\/7473","targetHints":{"allow":["GET"]}}],"collection":[{"href":"https:\/\/wiejskieprzysmaki.estima.site\/en\/wp-json\/wp\/v2\/product"}],"about":[{"href":"https:\/\/wiejskieprzysmaki.estima.site\/en\/wp-json\/wp\/v2\/types\/product"}],"replies":[{"embeddable":true,"href":"https:\/\/wiejskieprzysmaki.estima.site\/en\/wp-json\/wp\/v2\/comments?post=7473"}],"wp:featuredmedia":[{"embeddable":true,"href":"https:\/\/wiejskieprzysmaki.estima.site\/en\/wp-json\/wp\/v2\/media\/7474"}],"wp:attachment":[{"href":"https:\/\/wiejskieprzysmaki.estima.site\/en\/wp-json\/wp\/v2\/media?parent=7473"}],"wp:term":[{"taxonomy":"product_brand","embeddable":true,"href":"https:\/\/wiejskieprzysmaki.estima.site\/en\/wp-json\/wp\/v2\/product_brand?post=7473"},{"taxonomy":"product_cat","embeddable":true,"href":"https:\/\/wiejskieprzysmaki.estima.site\/en\/wp-json\/wp\/v2\/product_cat?post=7473"},{"taxonomy":"product_tag","embeddable":true,"href":"https:\/\/wiejskieprzysmaki.estima.site\/en\/wp-json\/wp\/v2\/product_tag?post=7473"}],"curies":[{"name":"wp","href":"https:\/\/api.w.org\/{rel}","templated":true}]}}