{"id":749,"date":"2025-02-18T10:31:39","date_gmt":"2025-02-18T09:31:39","guid":{"rendered":"https:\/\/wiejskieprzysmaki.estima.site\/produkt\/nasiona-babki-plesznik-blonniik-bio-surowiec-25-kg\/"},"modified":"2025-02-18T10:31:42","modified_gmt":"2025-02-18T09:31:42","slug":"nasiona-babki-plesznik-blonniik-bio-surowiec-25-kg","status":"publish","type":"product","link":"https:\/\/wiejskieprzysmaki.estima.site\/en\/product\/nasiona-babki-plesznik-blonniik-bio-surowiec-25-kg\/","title":{"rendered":"NASIONA BABKI P\u0141ESZNIK (B\u0141ONNIIK) BIO (SUROWIEC) (25 kg)"},"content":{"rendered":"<p>Sk\u0142adniki<br \/>ekologiczne nasiona babki p\u0142esznik 100 %.<\/p>\n<p>Opis<br \/>Suplement diety. Babka p\u0142esznik to jednoroczna ro\u015blina \u015br\u00f3dziemnomorska, kt\u00f3rej najbardziej warto\u015bciow\u0105 cz\u0119\u015bci\u0105 s\u0105 nasiona. Z uwagi na bardzo wysok\u0105 zawarto\u015b\u0107 b\u0142onnika, staj\u0105 si\u0119 coraz bardziej popularne. Podczas spo\u017cywania nasion zalecane jest picie du\u017cej ilo\u015bci p\u0142yn\u00f3w.<\/p>\n<p>ZALECANE SPO\u017bYCIE<br \/>20 g dziennie, tj. 2 miarki do\u0142\u0105czone do produktu. Polecamy spo\u017cywa\u0107 w postaci napoju, zalane wod\u0105, mlekiem lub sokiem owocowym. Zawarto\u015b\u0107 b\u0142onnika w zalecanej do spo\u017cycia dziennej porcji produktu wynosi 13 g.<\/p>\n<p>Nie nale\u017cy przekracza\u0107 zalecanej porcji do spo\u017cycia w ci\u0105gu dnia. Suplement diety nie mo\u017ce by\u0107 stosowany jako substytut zr\u00f3\u017cnicowanej diety.\t<\/p>\n<p>Warto\u015b\u0107 od\u017cywcza w 100 g:<br \/>Warto\u015b\u0107 energetyczna \t1030 kJ\/251 kcal<br \/>T\u0142uszcz \t4,4 g<br \/>w tym kwasy t\u0142uszczowe nasycone \t0,6 g<br \/>W\u0119glowodany \t3,9 g<br \/>w tym cukry \t0,5 g<br \/>B\u0142onnik \t64 g<br \/>Bia\u0142ko \t17 g<br \/>S\u00f3l \t0,06 g<\/p>\n<p>ZALECANE WARUNKI PRZECHOWYWANIA<br \/>Przechowywa\u0107 w suchym i ch\u0142odnym miejscu, w spos\u00f3b niedost\u0119pny dla ma\u0142ych dzieci.\t<\/p>","protected":false},"excerpt":{"rendered":"<p>Sk\u0142adnikiekologiczne nasiona babki p\u0142esznik 100 %. OpisSuplement diety. Babka p\u0142esznik to jednoroczna ro\u015blina \u015br\u00f3dziemnomorska, kt\u00f3rej najbardziej warto\u015bciow\u0105 cz\u0119\u015bci\u0105 s\u0105 nasiona. Z uwagi na bardzo wysok\u0105 zawarto\u015b\u0107 b\u0142onnika, staj\u0105 si\u0119 coraz bardziej popularne. Podczas spo\u017cywania nasion zalecane jest picie du\u017cej ilo\u015bci p\u0142yn\u00f3w. ZALECANE SPO\u017bYCIE20 g dziennie, tj. 2 miarki do\u0142\u0105czone do produktu. Polecamy spo\u017cywa\u0107 w postaci [&hellip;]<\/p>","protected":false},"featured_media":382,"comment_status":"closed","ping_status":"open","template":"","meta":{"_acf_changed":false},"product_brand":[],"product_cat":[151],"product_tag":[],"class_list":{"0":"post-749","1":"product","2":"type-product","3":"status-publish","4":"has-post-thumbnail","6":"product_cat-nasiona-i-ziarna","7":"pa_ean-matka-683","8":"pa_gwarancja-przydatnosci-522","9":"pa_ilosc-w-opakowaniu-310","10":"pa_jednostka-podstawowa-kg","11":"pa_kod-cn-1211-90-86","12":"pa_kraj-pochodzenia-skladnikow-polska","13":"pa_masa-netto-209","14":"pa_producent-horeca-bio-surowce","15":"pa_producent-nazwa-adres-bio-planet-s-a-wilkowa-wies-7-05-084-leszno","16":"pa_tagi-bez-cukru-w-skladnikach","17":"pa_tagi-bez-glutenu-w-skladnikach","18":"pa_tagi-certyfikat-bio","19":"pa_tagi-weganski","20":"pa_tagi-wegetarianski","22":"first","23":"instock","24":"taxable","25":"shipping-taxable","26":"purchasable","27":"product-type-simple"},"acf":[],"_links":{"self":[{"href":"https:\/\/wiejskieprzysmaki.estima.site\/en\/wp-json\/wp\/v2\/product\/749","targetHints":{"allow":["GET"]}}],"collection":[{"href":"https:\/\/wiejskieprzysmaki.estima.site\/en\/wp-json\/wp\/v2\/product"}],"about":[{"href":"https:\/\/wiejskieprzysmaki.estima.site\/en\/wp-json\/wp\/v2\/types\/product"}],"replies":[{"embeddable":true,"href":"https:\/\/wiejskieprzysmaki.estima.site\/en\/wp-json\/wp\/v2\/comments?post=749"}],"wp:featuredmedia":[{"embeddable":true,"href":"https:\/\/wiejskieprzysmaki.estima.site\/en\/wp-json\/wp\/v2\/media\/382"}],"wp:attachment":[{"href":"https:\/\/wiejskieprzysmaki.estima.site\/en\/wp-json\/wp\/v2\/media?parent=749"}],"wp:term":[{"taxonomy":"product_brand","embeddable":true,"href":"https:\/\/wiejskieprzysmaki.estima.site\/en\/wp-json\/wp\/v2\/product_brand?post=749"},{"taxonomy":"product_cat","embeddable":true,"href":"https:\/\/wiejskieprzysmaki.estima.site\/en\/wp-json\/wp\/v2\/product_cat?post=749"},{"taxonomy":"product_tag","embeddable":true,"href":"https:\/\/wiejskieprzysmaki.estima.site\/en\/wp-json\/wp\/v2\/product_tag?post=749"}],"curies":[{"name":"wp","href":"https:\/\/api.w.org\/{rel}","templated":true}]}}