{"id":7491,"date":"2025-02-18T11:43:54","date_gmt":"2025-02-18T10:43:54","guid":{"rendered":"https:\/\/wiejskieprzysmaki.estima.site\/produkt\/buraczki-marynowane-kulki-470-g-300-g-krokus\/"},"modified":"2025-02-18T11:44:04","modified_gmt":"2025-02-18T10:44:04","slug":"buraczki-marynowane-kulki-470-g-300-g-krokus","status":"publish","type":"product","link":"https:\/\/wiejskieprzysmaki.estima.site\/en\/product\/buraczki-marynowane-kulki-470-g-300-g-krokus\/","title":{"rendered":"BURACZKI MARYNOWANE KULKI 470 g (300 g) &#8211; KROKUS"},"content":{"rendered":"<p>SK\u0141ADNIKI<br \/>buraczki, woda, ocet spirytusowy, cukier, s\u00f3l, ziele angielskie, li\u015b\u0107 laurowy.<\/p>\n<p>OPIS<br \/>Buraczki kulki marynowane.<br \/>Produkt pasteryzowany. <\/p>\n<p>Na wieczku opakowania znajduje si\u0119 propozycja podania.<\/p>\n<p>WARTO\u015a\u0106 OD\u017bYWCZA W 100 g<br \/>Warto\u015b\u0107 energetyczna: 312 kJ \/ 75 kcal<br \/>T\u0142uszcz: 0,2 g<br \/>w tym kwasy t\u0142uszczowe nasycone: 0 g<br \/>W\u0119glowodany: 17 g<br \/>w tym cukry: 13 g<br \/>Bia\u0142ko: 2,1 g<br \/>S\u00f3l: 0,6 g<\/p>\n<p>ZALECANE WARUNKI PRZECHOWYWANIA<br \/>Przechowywa\u0107 w ch\u0142odnym i suchym miejscu. Po otwarciu przechowywa\u0107 w lod\u00f3wce.<\/p>","protected":false},"excerpt":{"rendered":"<p>SK\u0141ADNIKIburaczki, woda, ocet spirytusowy, cukier, s\u00f3l, ziele angielskie, li\u015b\u0107 laurowy. OPISBuraczki kulki marynowane.Produkt pasteryzowany. Na wieczku opakowania znajduje si\u0119 propozycja podania. WARTO\u015a\u0106 OD\u017bYWCZA W 100 gWarto\u015b\u0107 energetyczna: 312 kJ \/ 75 kcalT\u0142uszcz: 0,2 gw tym kwasy t\u0142uszczowe nasycone: 0 gW\u0119glowodany: 17 gw tym cukry: 13 gBia\u0142ko: 2,1 gS\u00f3l: 0,6 g ZALECANE WARUNKI PRZECHOWYWANIAPrzechowywa\u0107 w ch\u0142odnym [&hellip;]<\/p>","protected":false},"featured_media":7492,"comment_status":"closed","ping_status":"open","template":"","meta":{"_acf_changed":false},"product_brand":[],"product_cat":[1061,180],"product_tag":[],"class_list":{"0":"post-7491","1":"product","2":"type-product","3":"status-publish","4":"has-post-thumbnail","6":"product_cat-marynowane-kiszone","7":"product_cat-warzywa-i-grzyby-przetworzone","8":"pa_ean-matka-5879","9":"pa_gwarancja-przydatnosci-311","10":"pa_ilosc-w-opakowaniu-298","11":"pa_jednostka-podstawowa-szt","12":"pa_kod-cn-2001-90-97","13":"pa_kraj-pochodzenia-skladnikow-polska","14":"pa_masa-netto-5618","15":"pa_objetosc-brutto-3173","16":"pa_producent-krokus-przetwory-owocowe-i-warzywne","17":"pa_producent-nazwa-adres-krokus-przetwornia-owocow-i-warzyw-czeslaw-caryk-sp-j-pajakow-25-b-26-704-przylek","18":"pa_tagi-bez-glutenu-w-skladnikach","19":"pa_tagi-weganski","20":"pa_tagi-wegetarianski","22":"first","23":"instock","24":"taxable","25":"shipping-taxable","26":"purchasable","27":"product-type-simple"},"acf":[],"_links":{"self":[{"href":"https:\/\/wiejskieprzysmaki.estima.site\/en\/wp-json\/wp\/v2\/product\/7491","targetHints":{"allow":["GET"]}}],"collection":[{"href":"https:\/\/wiejskieprzysmaki.estima.site\/en\/wp-json\/wp\/v2\/product"}],"about":[{"href":"https:\/\/wiejskieprzysmaki.estima.site\/en\/wp-json\/wp\/v2\/types\/product"}],"replies":[{"embeddable":true,"href":"https:\/\/wiejskieprzysmaki.estima.site\/en\/wp-json\/wp\/v2\/comments?post=7491"}],"wp:featuredmedia":[{"embeddable":true,"href":"https:\/\/wiejskieprzysmaki.estima.site\/en\/wp-json\/wp\/v2\/media\/7492"}],"wp:attachment":[{"href":"https:\/\/wiejskieprzysmaki.estima.site\/en\/wp-json\/wp\/v2\/media?parent=7491"}],"wp:term":[{"taxonomy":"product_brand","embeddable":true,"href":"https:\/\/wiejskieprzysmaki.estima.site\/en\/wp-json\/wp\/v2\/product_brand?post=7491"},{"taxonomy":"product_cat","embeddable":true,"href":"https:\/\/wiejskieprzysmaki.estima.site\/en\/wp-json\/wp\/v2\/product_cat?post=7491"},{"taxonomy":"product_tag","embeddable":true,"href":"https:\/\/wiejskieprzysmaki.estima.site\/en\/wp-json\/wp\/v2\/product_tag?post=7491"}],"curies":[{"name":"wp","href":"https:\/\/api.w.org\/{rel}","templated":true}]}}