{"id":7507,"date":"2025-02-18T11:44:06","date_gmt":"2025-02-18T10:44:06","guid":{"rendered":"https:\/\/wiejskieprzysmaki.estima.site\/produkt\/borowka-z-jablkiem-310-g-krokus\/"},"modified":"2025-02-18T11:44:13","modified_gmt":"2025-02-18T10:44:13","slug":"borowka-z-jablkiem-310-g-krokus","status":"publish","type":"product","link":"https:\/\/wiejskieprzysmaki.estima.site\/en\/product\/borowka-z-jablkiem-310-g-krokus\/","title":{"rendered":"BOR\u00d3WKA Z JAB\u0141KIEM 310 g &#8211; KROKUS"},"content":{"rendered":"<p>SK\u0141ADNIKI<br \/>bor\u00f3wki (53 %), jab\u0142ka (23 %), cukier, koncentrat jab\u0142kowy.<\/p>\n<p>OPIS<br \/>Produkt pasteryzowany. Sporz\u0105dzono z 90 g owoc\u00f3w na 100 g wyrobu gotowego. <\/p>\n<p>WARTO\u015a\u0106 OD\u017bYWCZA W 100<br \/>Warto\u015b\u0107 energetyczna &#8211; 765 kJ\/180 kcal<br \/>T\u0142uszcz &#8211; 0 g<br \/>w tym kwasy t\u0142uszczowe nasycone &#8211; 0 g<br \/>W\u0119glowodany &#8211; 45 g<br \/>w tym cukry &#8211; 34 g<br \/>Bia\u0142ko &#8211; 0 g<br \/>S\u00f3l &#8211; 0 g<\/p>\n<p>ZALECANE WARUNKI PRZECHOWYWANIA<br \/>Przechowywa\u0107 w suchym i ch\u0142odnym miejscu. Po otwarciu przechowywa\u0107 w lod\u00f3wce.<\/p>","protected":false},"excerpt":{"rendered":"<p>SK\u0141ADNIKIbor\u00f3wki (53 %), jab\u0142ka (23 %), cukier, koncentrat jab\u0142kowy. OPISProdukt pasteryzowany. Sporz\u0105dzono z 90 g owoc\u00f3w na 100 g wyrobu gotowego. WARTO\u015a\u0106 OD\u017bYWCZA W 100Warto\u015b\u0107 energetyczna &#8211; 765 kJ\/180 kcalT\u0142uszcz &#8211; 0 gw tym kwasy t\u0142uszczowe nasycone &#8211; 0 gW\u0119glowodany &#8211; 45 gw tym cukry &#8211; 34 gBia\u0142ko &#8211; 0 gS\u00f3l &#8211; 0 g ZALECANE [&hellip;]<\/p>","protected":false},"featured_media":7508,"comment_status":"closed","ping_status":"open","template":"","meta":{"_acf_changed":false},"product_brand":[],"product_cat":[999,998],"product_tag":[],"class_list":{"0":"post-7507","1":"product","2":"type-product","3":"status-publish","4":"has-post-thumbnail","6":"product_cat-dzemy-konfitury-musy","7":"product_cat-przetwory-warzywne-i-owocowe","8":"pa_ean-matka-5887","9":"pa_gwarancja-przydatnosci-311","10":"pa_ilosc-w-opakowaniu-298","11":"pa_jednostka-podstawowa-szt","12":"pa_kod-cn-2007-99-39","13":"pa_masa-netto-5486","14":"pa_objetosc-brutto-2521","15":"pa_producent-krokus-przetwory-owocowe-i-warzywne","16":"pa_producent-nazwa-adres-krokus-przetwornia-owocow-i-warzyw-czeslaw-caryk-sp-j-pajakow-25-b-26-704-przylek","17":"pa_tagi-bez-glutenu-w-skladnikach","18":"pa_tagi-weganski","19":"pa_tagi-wegetarianski","21":"first","22":"instock","23":"taxable","24":"shipping-taxable","25":"purchasable","26":"product-type-simple"},"acf":[],"_links":{"self":[{"href":"https:\/\/wiejskieprzysmaki.estima.site\/en\/wp-json\/wp\/v2\/product\/7507","targetHints":{"allow":["GET"]}}],"collection":[{"href":"https:\/\/wiejskieprzysmaki.estima.site\/en\/wp-json\/wp\/v2\/product"}],"about":[{"href":"https:\/\/wiejskieprzysmaki.estima.site\/en\/wp-json\/wp\/v2\/types\/product"}],"replies":[{"embeddable":true,"href":"https:\/\/wiejskieprzysmaki.estima.site\/en\/wp-json\/wp\/v2\/comments?post=7507"}],"wp:featuredmedia":[{"embeddable":true,"href":"https:\/\/wiejskieprzysmaki.estima.site\/en\/wp-json\/wp\/v2\/media\/7508"}],"wp:attachment":[{"href":"https:\/\/wiejskieprzysmaki.estima.site\/en\/wp-json\/wp\/v2\/media?parent=7507"}],"wp:term":[{"taxonomy":"product_brand","embeddable":true,"href":"https:\/\/wiejskieprzysmaki.estima.site\/en\/wp-json\/wp\/v2\/product_brand?post=7507"},{"taxonomy":"product_cat","embeddable":true,"href":"https:\/\/wiejskieprzysmaki.estima.site\/en\/wp-json\/wp\/v2\/product_cat?post=7507"},{"taxonomy":"product_tag","embeddable":true,"href":"https:\/\/wiejskieprzysmaki.estima.site\/en\/wp-json\/wp\/v2\/product_tag?post=7507"}],"curies":[{"name":"wp","href":"https:\/\/api.w.org\/{rel}","templated":true}]}}