{"id":7515,"date":"2025-02-18T11:44:15","date_gmt":"2025-02-18T10:44:15","guid":{"rendered":"https:\/\/wiejskieprzysmaki.estima.site\/produkt\/wisnie-i-jablka-bez-dodatku-cukrow-310-g-krokus\/"},"modified":"2025-02-18T11:44:15","modified_gmt":"2025-02-18T10:44:15","slug":"wisnie-i-jablka-bez-dodatku-cukrow-310-g-krokus","status":"publish","type":"product","link":"https:\/\/wiejskieprzysmaki.estima.site\/en\/product\/wisnie-i-jablka-bez-dodatku-cukrow-310-g-krokus\/","title":{"rendered":"WI\u015aNIE I JAB\u0141KA BEZ DODATKU CUKR\u00d3W 310 g &#8211; KROKUS"},"content":{"rendered":"<p>SK\u0141ADNIKI<br \/>wi\u015bnie (66,5 %), jab\u0142ka (33,5 %). Sporz\u0105dzono z 195 g owoc\u00f3w na 100 g produktu.<\/p>\n<p>OPIS<br \/>Wi\u015bnie i jab\u0142ka przetarte i zag\u0119szczone. Produkt pasteryzowany.<br \/>Produkcja tego wyrobu bez dodatku cukru wymaga staranno\u015bci. Ca\u0142e owoce ze sk\u00f3rk\u0105, rozparzamy, przecieramy przez g\u0119ste sita i zag\u0119szczamy w wyparkach (kocio\u0142kach pr\u00f3\u017cniowych gdzie temperatura wrzenia wynosi 80\u00b0C). Dzi\u0119ki czemu produkt jest g\u0142adki i udaje si\u0119 nam zachowa\u0107 wi\u0119cej warto\u015bci od\u017cywczych.<br \/>Poniewa\u017c nie dodajemy cukru ani innych substancji s\u0142odz\u0105cych, jak sok winogronowy, produkt jest wyra\u017any w smaku. Przebija si\u0119 intensywny smak wi\u015bni, co jest niew\u0105tpliw\u0105 zalet\u0105. <br \/>Tym produktem mo\u017cna posmarowa\u0107 chleb z mas\u0142em, tost, bu\u0142k\u0119 czy rogalika. S\u0105 bardzo wyraziste w smaku, wi\u0119c mo\u017cna nimi o\u017cywi\u0107 potrawy md\u0142e. Dobrze smakuj\u0105 z naturalnymi serkami, oscypkami i innymi serami o intensywnym smaku, kaszami, ry\u017cem. Proponujemy doda\u0107 je do porannej owsianki, musli czy porcji smoothie. <\/p>\n<p>Wi\u015bnie i jab\u0142ka przetarte i zag\u0119szczone:<br \/>&#8211; bez dodatku cukru i innych substancji s\u0142odz\u0105cych<br \/>&#8211; zawieraj\u0105 naturalnie wyst\u0119puj\u0105ce cukry<br \/>&#8211; ca\u0142e owoce przetarte ze sk\u00f3rk\u0105<br \/>&#8211; g\u0142adka, smarowna konsystencja<\/p>\n<p>WARTO\u015a\u0106 OD\u017bYWCZA W 100 g<br \/>Warto\u015b\u0107 energetyczna: 364 kJ\/86 kcal<br \/>T\u0142uszcz: 0,5 g<br \/>w tym kwasy t\u0142uszczowe nasycone: 0 g<br \/>W\u0119glowodany: 19 g<br \/>w tym cukry: 14 g<br \/>Bia\u0142ko: 1,3 g<br \/>S\u00f3l: 0 g <\/p>\n<p>ZALECANE WARUNKI PRZECHOWYWANIA<br \/>Przechowywa\u0107 w zacienionym miejscu. Po otwarciu przechowywa\u0107 w lod\u00f3wce. <\/p>","protected":false},"excerpt":{"rendered":"<p>SK\u0141ADNIKIwi\u015bnie (66,5 %), jab\u0142ka (33,5 %). Sporz\u0105dzono z 195 g owoc\u00f3w na 100 g produktu. OPISWi\u015bnie i jab\u0142ka przetarte i zag\u0119szczone. Produkt pasteryzowany.Produkcja tego wyrobu bez dodatku cukru wymaga staranno\u015bci. Ca\u0142e owoce ze sk\u00f3rk\u0105, rozparzamy, przecieramy przez g\u0119ste sita i zag\u0119szczamy w wyparkach (kocio\u0142kach pr\u00f3\u017cniowych gdzie temperatura wrzenia wynosi 80\u00b0C). Dzi\u0119ki czemu produkt jest g\u0142adki [&hellip;]<\/p>","protected":false},"featured_media":7516,"comment_status":"closed","ping_status":"open","template":"","meta":{"_acf_changed":false},"product_brand":[],"product_cat":[999,998],"product_tag":[],"class_list":{"0":"post-7515","1":"product","2":"type-product","3":"status-publish","4":"has-post-thumbnail","6":"product_cat-dzemy-konfitury-musy","7":"product_cat-przetwory-warzywne-i-owocowe","8":"pa_ean-matka-5892","9":"pa_gwarancja-przydatnosci-311","10":"pa_ilosc-w-opakowaniu-298","11":"pa_jednostka-podstawowa-szt","12":"pa_kod-cn-2007-99-97","13":"pa_masa-netto-5486","14":"pa_objetosc-brutto-5856","15":"pa_producent-krokus-przetwory-owocowe-i-warzywne","16":"pa_producent-nazwa-adres-krokus-przetwornia-owocow-i-warzyw-czeslaw-caryk-sp-j-pajakow-25-b-26-704-przylek","17":"pa_tagi-bez-cukru-w-skladnikach","18":"pa_tagi-bez-glutenu-w-skladnikach","19":"pa_tagi-weganski","20":"pa_tagi-wegetarianski","22":"first","23":"instock","24":"taxable","25":"shipping-taxable","26":"purchasable","27":"product-type-simple"},"acf":[],"_links":{"self":[{"href":"https:\/\/wiejskieprzysmaki.estima.site\/en\/wp-json\/wp\/v2\/product\/7515","targetHints":{"allow":["GET"]}}],"collection":[{"href":"https:\/\/wiejskieprzysmaki.estima.site\/en\/wp-json\/wp\/v2\/product"}],"about":[{"href":"https:\/\/wiejskieprzysmaki.estima.site\/en\/wp-json\/wp\/v2\/types\/product"}],"replies":[{"embeddable":true,"href":"https:\/\/wiejskieprzysmaki.estima.site\/en\/wp-json\/wp\/v2\/comments?post=7515"}],"wp:featuredmedia":[{"embeddable":true,"href":"https:\/\/wiejskieprzysmaki.estima.site\/en\/wp-json\/wp\/v2\/media\/7516"}],"wp:attachment":[{"href":"https:\/\/wiejskieprzysmaki.estima.site\/en\/wp-json\/wp\/v2\/media?parent=7515"}],"wp:term":[{"taxonomy":"product_brand","embeddable":true,"href":"https:\/\/wiejskieprzysmaki.estima.site\/en\/wp-json\/wp\/v2\/product_brand?post=7515"},{"taxonomy":"product_cat","embeddable":true,"href":"https:\/\/wiejskieprzysmaki.estima.site\/en\/wp-json\/wp\/v2\/product_cat?post=7515"},{"taxonomy":"product_tag","embeddable":true,"href":"https:\/\/wiejskieprzysmaki.estima.site\/en\/wp-json\/wp\/v2\/product_tag?post=7515"}],"curies":[{"name":"wp","href":"https:\/\/api.w.org\/{rel}","templated":true}]}}