{"id":7527,"date":"2025-02-18T11:44:15","date_gmt":"2025-02-18T10:44:15","guid":{"rendered":"https:\/\/wiejskieprzysmaki.estima.site\/produkt\/jablka-prazone-bezglutenowe-700-g-krokus\/"},"modified":"2025-02-18T11:44:24","modified_gmt":"2025-02-18T10:44:24","slug":"jablka-prazone-bezglutenowe-700-g-krokus","status":"publish","type":"product","link":"https:\/\/wiejskieprzysmaki.estima.site\/en\/product\/jablka-prazone-bezglutenowe-700-g-krokus\/","title":{"rendered":"JAB\u0141KA PRA\u017bONE BEZGLUTENOWE 700 g &#8211; KROKUS"},"content":{"rendered":"<p>SK\u0141ADNIKI<br \/>jab\u0142ka (82 %), cukier, kwas cytrynowy &#8211; regulator kwsowo\u015bci,  kwas askorbinowy &#8211; przeciwutleniacz<\/p>\n<p>OPIS<br \/>Produkt pasteryzowany.<br \/>Jab\u0142ka pra\u017cone KROKUS przygotowali\u015bmy z my\u015bl\u0105 o szarlotkach i jako nadzienie do rogalik\u00f3w, bu\u0142eczek i innych ciast. Mo\u017cna posmarowa\u0107 nimi nale\u015bniki czy prze\u0142o\u017cy\u0107 ry\u017c. \u0141\u0105czmy je z naturalnymi jogurtami, owsiankami czy musli.<\/p>\n<p>WARTO\u015a\u0106 OD\u017bYWCZA W 100 g <br \/>Warto\u015b\u0107 energetyczna: 604 kJ\/142 kcal  <br \/>T\u0142uszcz: 0 g  <br \/>w tym kwasy t\u0142uszczowe nasycone: 0 g  <br \/>W\u0119glowodany: 35 g  <br \/>w tym cukry: 29 g  <br \/>Bia\u0142ko: 0,5 g  <br \/>S\u00f3l: 0 g<\/p>\n<p>ZALECANE WARUNKI PRZECHOWYWANIA <br \/>Przechowywa\u0107 w suchym i ch\u0142odnym miejscu, po otwarciu przechowywa\u0107 w lod\u00f3wce.<\/p>","protected":false},"excerpt":{"rendered":"<p>SK\u0141ADNIKIjab\u0142ka (82 %), cukier, kwas cytrynowy &#8211; regulator kwsowo\u015bci, kwas askorbinowy &#8211; przeciwutleniacz OPISProdukt pasteryzowany.Jab\u0142ka pra\u017cone KROKUS przygotowali\u015bmy z my\u015bl\u0105 o szarlotkach i jako nadzienie do rogalik\u00f3w, bu\u0142eczek i innych ciast. Mo\u017cna posmarowa\u0107 nimi nale\u015bniki czy prze\u0142o\u017cy\u0107 ry\u017c. \u0141\u0105czmy je z naturalnymi jogurtami, owsiankami czy musli. WARTO\u015a\u0106 OD\u017bYWCZA W 100 g Warto\u015b\u0107 energetyczna: 604 kJ\/142 [&hellip;]<\/p>","protected":false},"featured_media":7528,"comment_status":"closed","ping_status":"open","template":"","meta":{"_acf_changed":false},"product_brand":[],"product_cat":[999,998],"product_tag":[],"class_list":{"0":"post-7527","1":"product","2":"type-product","3":"status-publish","4":"has-post-thumbnail","6":"product_cat-dzemy-konfitury-musy","7":"product_cat-przetwory-warzywne-i-owocowe","8":"pa_ean-matka-5898","9":"pa_gwarancja-przydatnosci-311","10":"pa_ilosc-w-opakowaniu-298","11":"pa_jednostka-podstawowa-szt","12":"pa_kod-cn-2008-99-67","13":"pa_masa-netto-428","14":"pa_objetosc-brutto-916","15":"pa_producent-krokus-przetwory-owocowe-i-warzywne","16":"pa_producent-nazwa-adres-krokus-przetwornia-owocow-i-warzyw-czeslaw-caryk-sp-j-pajakow-25-b-26-704-przylek","17":"pa_tagi-bez-glutenu-deklaracja","18":"pa_tagi-bez-glutenu-w-skladnikach","19":"pa_tagi-weganski","20":"pa_tagi-wegetarianski","22":"first","23":"instock","24":"taxable","25":"shipping-taxable","26":"purchasable","27":"product-type-simple"},"acf":[],"_links":{"self":[{"href":"https:\/\/wiejskieprzysmaki.estima.site\/en\/wp-json\/wp\/v2\/product\/7527","targetHints":{"allow":["GET"]}}],"collection":[{"href":"https:\/\/wiejskieprzysmaki.estima.site\/en\/wp-json\/wp\/v2\/product"}],"about":[{"href":"https:\/\/wiejskieprzysmaki.estima.site\/en\/wp-json\/wp\/v2\/types\/product"}],"replies":[{"embeddable":true,"href":"https:\/\/wiejskieprzysmaki.estima.site\/en\/wp-json\/wp\/v2\/comments?post=7527"}],"wp:featuredmedia":[{"embeddable":true,"href":"https:\/\/wiejskieprzysmaki.estima.site\/en\/wp-json\/wp\/v2\/media\/7528"}],"wp:attachment":[{"href":"https:\/\/wiejskieprzysmaki.estima.site\/en\/wp-json\/wp\/v2\/media?parent=7527"}],"wp:term":[{"taxonomy":"product_brand","embeddable":true,"href":"https:\/\/wiejskieprzysmaki.estima.site\/en\/wp-json\/wp\/v2\/product_brand?post=7527"},{"taxonomy":"product_cat","embeddable":true,"href":"https:\/\/wiejskieprzysmaki.estima.site\/en\/wp-json\/wp\/v2\/product_cat?post=7527"},{"taxonomy":"product_tag","embeddable":true,"href":"https:\/\/wiejskieprzysmaki.estima.site\/en\/wp-json\/wp\/v2\/product_tag?post=7527"}],"curies":[{"name":"wp","href":"https:\/\/api.w.org\/{rel}","templated":true}]}}