{"id":7539,"date":"2025-02-18T11:44:26","date_gmt":"2025-02-18T10:44:26","guid":{"rendered":"https:\/\/wiejskieprzysmaki.estima.site\/produkt\/konfitura-z-lesnych-jezyn-320-g-krokus\/"},"modified":"2025-02-18T11:44:27","modified_gmt":"2025-02-18T10:44:27","slug":"konfitura-z-lesnych-jezyn-320-g-krokus","status":"publish","type":"product","link":"https:\/\/wiejskieprzysmaki.estima.site\/en\/product\/konfitura-z-lesnych-jezyn-320-g-krokus\/","title":{"rendered":"KONFITURA Z LE\u015aNYCH JE\u017bYN 320 g &#8211; KROKUS"},"content":{"rendered":"<p>SK\u0141ADNIKI<br \/>je\u017cyny, cukier, syrop glukozowy (4,5 %) &#8211; zapobiega scukrzeniu. <\/p>\n<p>OPIS<br \/>Sporz\u0105dzono z 54 g owoc\u00f3w na 100 g produktu. <br \/>W konfiturze z le\u015bnych je\u017cyn uda\u0142o si\u0119 nam zachowa\u0107 ca\u0142e owoce i ich fragmenty w g\u0119stym syropie. Du\u017ca zawarto\u015b\u0107 cukru pozwala wydoby\u0107 intensywny kolor i charakterystyczny smak le\u015bnych je\u017cyn. Cukier nadaje konfiturze pi\u0119kn\u0105 szklist\u0105 barw\u0119 i zapobiega psuciu si\u0119 zawarto\u015bci s\u0142oika. Dzi\u0119ki temu otwarta konfitura mo\u017ce by\u0107 d\u0142ugo przechowywana.<br \/>Odrobina syropu glukozowego chroni konfitury przed scukrzaniem. Id\u0105c za rad\u0105 z ksi\u0105\u017cki kucharskiej Marii Ochorowicz Monatowej z pocz\u0105tku XX w, dodajemy do konfitur odrobin\u0119 tego syropu.<br \/>Konfitura je\u017cynowa wygl\u0105da zjawiskowo na dnie fili\u017canki z caf\u00e9 latte wzbogacaj\u0105c smak samej kawy. Mo\u017cemy j\u0105 podawa\u0107 jako dodatek do pieczywa, twarogu, jogurt\u00f3w, kasz, budyniu, nale\u015bnik\u00f3w, placuszk\u00f3w, racuszk\u00f3w, omlet\u00f3w, lod\u00f3w. Dobrze sprawdza si\u0119 we wszelkiego rodzaju wypiekach, poniewa\u017c nie zawiera substancji \u017celuj\u0105cych, kt\u00f3re rozpadaj\u0105 si\u0119 pod wp\u0142ywem wysokiej temperatury i przez to uwalniaj\u0105 wod\u0119. Dlatego mo\u017cna wykorzysta\u0107 j\u0105 jako nadzienie do ciast kruchych, francuskich, dro\u017cd\u017cowych.<\/p>\n<p>Konfitura z le\u015bnych je\u017cyn:<br \/>&#8211; ca\u0142e owoce w g\u0119stym syropie<br \/>&#8211; delikatny s\u0142odki smak<br \/>&#8211; intensywny granatowy kolor<\/p>\n<p>Produkt pasteryzowany.<\/p>\n<p>WARTO\u015a\u0106 OD\u017bYWCZA W 100 g <br \/>Warto\u015b\u0107 energetyczna: 1161 kJ\/277 kcal  <br \/>T\u0142uszcz: 0 g  <br \/>w tym kwasy t\u0142uszczowe nasycone: 0 g  <br \/>W\u0119glowodany: 68 g  <br \/>w tym cukry: 63 g  <br \/>Bia\u0142ko: 0,7 g  <br \/>S\u00f3l: 0 g<\/p>\n<p>ZALECANE WARUNKI PRZECHOWYWANIA  <br \/>Przechowywa\u0107 w suchym i ch\u0142odnym miejscu, po otwarciu przechowywa\u0107 w lod\u00f3wce.<\/p>","protected":false},"excerpt":{"rendered":"<p>SK\u0141ADNIKIje\u017cyny, cukier, syrop glukozowy (4,5 %) &#8211; zapobiega scukrzeniu. OPISSporz\u0105dzono z 54 g owoc\u00f3w na 100 g produktu. W konfiturze z le\u015bnych je\u017cyn uda\u0142o si\u0119 nam zachowa\u0107 ca\u0142e owoce i ich fragmenty w g\u0119stym syropie. Du\u017ca zawarto\u015b\u0107 cukru pozwala wydoby\u0107 intensywny kolor i charakterystyczny smak le\u015bnych je\u017cyn. Cukier nadaje konfiturze pi\u0119kn\u0105 szklist\u0105 barw\u0119 i zapobiega [&hellip;]<\/p>","protected":false},"featured_media":7540,"comment_status":"closed","ping_status":"open","template":"","meta":{"_acf_changed":false},"product_brand":[],"product_cat":[999,998],"product_tag":[],"class_list":{"0":"post-7539","1":"product","2":"type-product","3":"status-publish","4":"has-post-thumbnail","6":"product_cat-dzemy-konfitury-musy","7":"product_cat-przetwory-warzywne-i-owocowe","8":"pa_ean-matka-5906","9":"pa_gwarancja-przydatnosci-311","10":"pa_ilosc-w-opakowaniu-298","11":"pa_jednostka-podstawowa-szt","12":"pa_kod-cn-2007-99-39","13":"pa_kraj-pochodzenia-skladnikow-polska","14":"pa_masa-netto-2706","15":"pa_objetosc-brutto-2530","16":"pa_producent-krokus-przetwory-owocowe-i-warzywne","17":"pa_producent-nazwa-adres-krokus-przetwornia-owocow-i-warzyw-czeslaw-caryk-sp-j-pajakow-25-b-26-704-przylek","18":"pa_tagi-bez-glutenu-w-skladnikach","19":"pa_tagi-weganski","20":"pa_tagi-wegetarianski","22":"first","23":"instock","24":"taxable","25":"shipping-taxable","26":"purchasable","27":"product-type-simple"},"acf":[],"_links":{"self":[{"href":"https:\/\/wiejskieprzysmaki.estima.site\/en\/wp-json\/wp\/v2\/product\/7539","targetHints":{"allow":["GET"]}}],"collection":[{"href":"https:\/\/wiejskieprzysmaki.estima.site\/en\/wp-json\/wp\/v2\/product"}],"about":[{"href":"https:\/\/wiejskieprzysmaki.estima.site\/en\/wp-json\/wp\/v2\/types\/product"}],"replies":[{"embeddable":true,"href":"https:\/\/wiejskieprzysmaki.estima.site\/en\/wp-json\/wp\/v2\/comments?post=7539"}],"wp:featuredmedia":[{"embeddable":true,"href":"https:\/\/wiejskieprzysmaki.estima.site\/en\/wp-json\/wp\/v2\/media\/7540"}],"wp:attachment":[{"href":"https:\/\/wiejskieprzysmaki.estima.site\/en\/wp-json\/wp\/v2\/media?parent=7539"}],"wp:term":[{"taxonomy":"product_brand","embeddable":true,"href":"https:\/\/wiejskieprzysmaki.estima.site\/en\/wp-json\/wp\/v2\/product_brand?post=7539"},{"taxonomy":"product_cat","embeddable":true,"href":"https:\/\/wiejskieprzysmaki.estima.site\/en\/wp-json\/wp\/v2\/product_cat?post=7539"},{"taxonomy":"product_tag","embeddable":true,"href":"https:\/\/wiejskieprzysmaki.estima.site\/en\/wp-json\/wp\/v2\/product_tag?post=7539"}],"curies":[{"name":"wp","href":"https:\/\/api.w.org\/{rel}","templated":true}]}}