{"id":754,"date":"2025-02-18T10:31:39","date_gmt":"2025-02-18T09:31:39","guid":{"rendered":"https:\/\/wiejskieprzysmaki.estima.site\/produkt\/jeczmien-mlody-sproszkowany-bio-surowiec-25-kg\/"},"modified":"2025-02-20T15:14:38","modified_gmt":"2025-02-20T14:14:38","slug":"jeczmien-mlody-sproszkowany-bio-surowiec-25-kg","status":"publish","type":"product","link":"https:\/\/wiejskieprzysmaki.estima.site\/en\/product\/jeczmien-mlody-sproszkowany-bio-surowiec-25-kg\/","title":{"rendered":"J\u0118CZMIE\u0143 M\u0141ODY SPROSZKOWANY BIO (SUROWIEC) (25 kg)"},"content":{"rendered":"<p>Suplement diety<br \/>wysoka zawarto\u015b\u0107 \u017celaza, potasu, bia\u0142ka i b\u0142onnika pokarmowego<\/p>\n<p>SK\u0141ADNIKI<br \/>ekologiczny j\u0119czmie\u0144 m\u0142ody &#8211; trawa sproszkowana 100 %.<\/p>\n<p>OPIS<br \/>Ekologiczna trawa j\u0119czmienna uzyskiwana jest ze sproszkowanych, m\u0142odych \u0142ody\u017cek j\u0119czmienia.<\/p>\n<p>ZALECANE SPO\u017bYCIE<br \/>10 g dziennie tj. 2 miarki do\u0142\u0105czone do produktu. Zala\u0107 wod\u0105 lub doda\u0107 do koktajli owocowych lub sok\u00f3w warzywnych. Zawarto\u015b\u0107 sk\u0142adnik\u00f3w mineralnych w zalecanej do spo\u017cycia dziennej porcji produktu: \u017celazo 2,88 mg (21 %*), potas 314 mg (16 %*).<br \/>\u017belazo pomaga w prawid\u0142owej produkcji czerwonych krwinek i hemoglobiny, przyczynia si\u0119 do utrzymania prawid\u0142owego metabolizmu energetycznego. Potas pomaga w prawid\u0142owym funkcjonowaniu mi\u0119\u015bni, pomaga w utrzymaniu prawid\u0142owego ci\u015bnienia krwi.<br \/>Nie nale\u017cy przekracza\u0107 zalecanej porcji do spo\u017cycia w ci\u0105gu dnia. Suplement diety nie mo\u017ce by\u0107 stosowany jako substytut zr\u00f3\u017cnicowanej diety.<\/p>\n<p>WARTO\u015a\u0106 OD\u017bYWCZA W 100 g<br \/>Warto\u015b\u0107 energetyczna C11:D24C11:D27C9C11:D23C11:D26C11:D25C11:D24C11:D23C11:D22C11:D23C11:D22\t1029 kJ\/249 kcal<br \/>T\u0142uszcz \t4,1 g<br \/>w tym kwasy t\u0142uszczowe nasycone \t0,9 g<br \/>W\u0119glowodany \t5,2 g<br \/>w tym cukry \t0,3 g<br \/>B\u0142onnik \t46 g<br \/>Bia\u0142ko \t25 g<br \/>S\u00f3l \t0,8 g<br \/>Sk\u0142adniki mineralne\t<br \/>\u017belazo\t28,8 mg (206 %*)<br \/>Potas \t3140 mg (157 %*)<br \/>*dzienna referencyjna warto\u015b\u0107 spo\u017cycia sk\u0142adnik\u00f3w mineralnych (dla osoby doros\u0142ej).\t<\/p>\n<p>INFORMACJA ALERGENNA<br \/>Produkt mo\u017ce zawiera\u0107: ORZESZKI ZIEMNE, ORZECHY, NASIONA SEZAMU, SOJ\u0118.<\/p>\n<p>ZALECANE WARUNKI PRZECHOWYWANIA<br \/>Przechowywa\u0107 w suchym i ch\u0142odnym miejscu.<\/p>","protected":false},"excerpt":{"rendered":"<p>Suplement dietywysoka zawarto\u015b\u0107 \u017celaza, potasu, bia\u0142ka i b\u0142onnika pokarmowego SK\u0141ADNIKIekologiczny j\u0119czmie\u0144 m\u0142ody &#8211; trawa sproszkowana 100 %. OPISEkologiczna trawa j\u0119czmienna uzyskiwana jest ze sproszkowanych, m\u0142odych \u0142ody\u017cek j\u0119czmienia. ZALECANE SPO\u017bYCIE10 g dziennie tj. 2 miarki do\u0142\u0105czone do produktu. Zala\u0107 wod\u0105 lub doda\u0107 do koktajli owocowych lub sok\u00f3w warzywnych. Zawarto\u015b\u0107 sk\u0142adnik\u00f3w mineralnych w zalecanej do spo\u017cycia dziennej [&hellip;]<\/p>","protected":false},"featured_media":755,"comment_status":"closed","ping_status":"open","template":"","meta":{"_acf_changed":false},"product_brand":[],"product_cat":[290,9057],"product_tag":[],"class_list":{"0":"post-754","1":"product","2":"type-product","3":"status-publish","4":"has-post-thumbnail","6":"product_cat-produkty-sproszkowane","7":"product_cat-suplementy-diety","8":"pa_ean-matka-692","9":"pa_gwarancja-przydatnosci-522","10":"pa_ilosc-w-opakowaniu-310","11":"pa_jednostka-podstawowa-kg","12":"pa_kod-cn-1212-99-95","13":"pa_kraj-pochodzenia-skladnikow-wegry","14":"pa_masa-netto-209","15":"pa_producent-horeca-bio-surowce","16":"pa_producent-nazwa-adres-bio-planet-s-a-wilkowa-wies-7-05-084-leszno","17":"pa_tagi-bez-cukru-w-skladnikach","18":"pa_tagi-certyfikat-bio","19":"pa_tagi-weganski","20":"pa_tagi-wegetarianski","22":"first","23":"instock","24":"taxable","25":"shipping-taxable","26":"purchasable","27":"product-type-simple"},"acf":[],"_links":{"self":[{"href":"https:\/\/wiejskieprzysmaki.estima.site\/en\/wp-json\/wp\/v2\/product\/754","targetHints":{"allow":["GET"]}}],"collection":[{"href":"https:\/\/wiejskieprzysmaki.estima.site\/en\/wp-json\/wp\/v2\/product"}],"about":[{"href":"https:\/\/wiejskieprzysmaki.estima.site\/en\/wp-json\/wp\/v2\/types\/product"}],"replies":[{"embeddable":true,"href":"https:\/\/wiejskieprzysmaki.estima.site\/en\/wp-json\/wp\/v2\/comments?post=754"}],"wp:featuredmedia":[{"embeddable":true,"href":"https:\/\/wiejskieprzysmaki.estima.site\/en\/wp-json\/wp\/v2\/media\/755"}],"wp:attachment":[{"href":"https:\/\/wiejskieprzysmaki.estima.site\/en\/wp-json\/wp\/v2\/media?parent=754"}],"wp:term":[{"taxonomy":"product_brand","embeddable":true,"href":"https:\/\/wiejskieprzysmaki.estima.site\/en\/wp-json\/wp\/v2\/product_brand?post=754"},{"taxonomy":"product_cat","embeddable":true,"href":"https:\/\/wiejskieprzysmaki.estima.site\/en\/wp-json\/wp\/v2\/product_cat?post=754"},{"taxonomy":"product_tag","embeddable":true,"href":"https:\/\/wiejskieprzysmaki.estima.site\/en\/wp-json\/wp\/v2\/product_tag?post=754"}],"curies":[{"name":"wp","href":"https:\/\/api.w.org\/{rel}","templated":true}]}}