{"id":7541,"date":"2025-02-18T11:44:26","date_gmt":"2025-02-18T10:44:26","guid":{"rendered":"https:\/\/wiejskieprzysmaki.estima.site\/produkt\/musztarda-ostra-grubo-mielona-180-g-krokus\/"},"modified":"2025-02-18T11:44:27","modified_gmt":"2025-02-18T10:44:27","slug":"musztarda-ostra-grubo-mielona-180-g-krokus","status":"publish","type":"product","link":"https:\/\/wiejskieprzysmaki.estima.site\/en\/product\/musztarda-ostra-grubo-mielona-180-g-krokus\/","title":{"rendered":"MUSZTARDA OSTRA GRUBO MIELONA 180 g &#8211; KROKUS"},"content":{"rendered":"<p>SK\u0141ADNIKI<br \/>woda, GORCZYCA (24,7 %), ocet spirytusowy, cukier, s\u00f3l, mieszanka przypraw.<\/p>\n<p>OPIS<br \/>Nasz\u0105 musztard\u0119 produkujemy z pe\u0142nego ziarna gorczycy.  U\u017cywamy nasion bia\u0142ej i czarnej GORCZYCY w staranie dobranych proporcjach z dodatkiem naturalnych mieszanek przypraw.<br \/>Musztarda towarzyszy golonce, mi\u0119som z grilla, kie\u0142basce. Znajduje zastosowanie jako marynata do rozmaitych mi\u0119s. Mo\u017cna z niej sporz\u0105dza\u0107 niskokaloryczne, wyraziste, bogate w smaku sosy do sa\u0142atek.<\/p>\n<p>WARTO\u015a\u0106 OD\u017bYWCZA W 100 g <br \/>Warto\u015b\u0107 energetyczna: 470 kJ\/113 kcal <br \/>T\u0142uszcz: 5,3 g  <br \/>w tym kwasy t\u0142uszczowe nasycone: 0,4 g  <br \/>W\u0119glowodany: 9,3 g <br \/>w tym cukry: 9,1 g <br \/>Bia\u0142ko: 4,9 g  <br \/>S\u00f3l: 2,2 g<\/p>\n<p>ZALECANE WARUNKI PRZECHOWYWANIA  <br \/>Przechowywa\u0107 w suchym i ch\u0142odnym miejscu. Po otwarciu w lod\u00f3wce.<\/p>","protected":false},"excerpt":{"rendered":"<p>SK\u0141ADNIKIwoda, GORCZYCA (24,7 %), ocet spirytusowy, cukier, s\u00f3l, mieszanka przypraw. OPISNasz\u0105 musztard\u0119 produkujemy z pe\u0142nego ziarna gorczycy. U\u017cywamy nasion bia\u0142ej i czarnej GORCZYCY w staranie dobranych proporcjach z dodatkiem naturalnych mieszanek przypraw.Musztarda towarzyszy golonce, mi\u0119som z grilla, kie\u0142basce. Znajduje zastosowanie jako marynata do rozmaitych mi\u0119s. Mo\u017cna z niej sporz\u0105dza\u0107 niskokaloryczne, wyraziste, bogate w smaku sosy [&hellip;]<\/p>","protected":false},"featured_media":7542,"comment_status":"closed","ping_status":"open","template":"","meta":{"_acf_changed":false},"product_brand":[],"product_cat":[1485,94],"product_tag":[],"class_list":{"0":"post-7541","1":"product","2":"type-product","3":"status-publish","4":"has-post-thumbnail","6":"product_cat-majonezy-musztardy","7":"product_cat-sosy","8":"pa_ean-matka-5907","9":"pa_gwarancja-przydatnosci-311","10":"pa_ilosc-w-opakowaniu-298","11":"pa_jednostka-podstawowa-szt","12":"pa_kod-cn-2103-30-90","13":"pa_masa-netto-432","14":"pa_objetosc-brutto-470","15":"pa_producent-krokus-przetwory-owocowe-i-warzywne","16":"pa_producent-nazwa-adres-krokus-przetwornia-owocow-i-warzyw-czeslaw-caryk-sp-j-pajakow-25-b-26-704-przylek","17":"pa_tagi-bez-glutenu-w-skladnikach","18":"pa_tagi-weganski","19":"pa_tagi-wegetarianski","21":"first","22":"instock","23":"taxable","24":"shipping-taxable","25":"purchasable","26":"product-type-simple"},"acf":[],"_links":{"self":[{"href":"https:\/\/wiejskieprzysmaki.estima.site\/en\/wp-json\/wp\/v2\/product\/7541","targetHints":{"allow":["GET"]}}],"collection":[{"href":"https:\/\/wiejskieprzysmaki.estima.site\/en\/wp-json\/wp\/v2\/product"}],"about":[{"href":"https:\/\/wiejskieprzysmaki.estima.site\/en\/wp-json\/wp\/v2\/types\/product"}],"replies":[{"embeddable":true,"href":"https:\/\/wiejskieprzysmaki.estima.site\/en\/wp-json\/wp\/v2\/comments?post=7541"}],"wp:featuredmedia":[{"embeddable":true,"href":"https:\/\/wiejskieprzysmaki.estima.site\/en\/wp-json\/wp\/v2\/media\/7542"}],"wp:attachment":[{"href":"https:\/\/wiejskieprzysmaki.estima.site\/en\/wp-json\/wp\/v2\/media?parent=7541"}],"wp:term":[{"taxonomy":"product_brand","embeddable":true,"href":"https:\/\/wiejskieprzysmaki.estima.site\/en\/wp-json\/wp\/v2\/product_brand?post=7541"},{"taxonomy":"product_cat","embeddable":true,"href":"https:\/\/wiejskieprzysmaki.estima.site\/en\/wp-json\/wp\/v2\/product_cat?post=7541"},{"taxonomy":"product_tag","embeddable":true,"href":"https:\/\/wiejskieprzysmaki.estima.site\/en\/wp-json\/wp\/v2\/product_tag?post=7541"}],"curies":[{"name":"wp","href":"https:\/\/api.w.org\/{rel}","templated":true}]}}